{"id":26121,"date":"2025-09-01T08:28:48","date_gmt":"2025-09-01T08:28:48","guid":{"rendered":"https:\/\/www.maag-polska.pl\/obrzeza-meblowe\/252-powder-blue\/"},"modified":"2025-09-01T09:03:16","modified_gmt":"2025-09-01T09:03:16","slug":"252-powder-blue","status":"publish","type":"product","link":"https:\/\/www.maag-polska.pl\/lt\/obrzeza-meblowe\/252-powder-blue\/","title":{"rendered":"Bald\u0173 kra\u0161tai 252 POWDER BLUE"},"content":{"rendered":"<div>\n<p>Tiksliai suprojektuota PVC briaun\u0173 juosta ZGASZONY B\u0141\u0118KIT (252) u\u017etikrina i\u0161skirtines technines charakteristikas su \u00b10,2 mm storio paklaida. Gryna PVC kompozicija u\u017etikrina optimal\u0173 sukibim\u0105 esant 180-200\u00b0C, o UV atspari formul\u0117 i\u0161laiko spalvos stabilum\u0105 esant intensyviam ap\u0161vietimui. \u0160ios medienos apdirbimo med\u017eiagos pasi\u017eymi specializuota pavir\u0161iaus strukt\u016bra, kuri leid\u017eia pasiekti 98 % spalv\u0173 suderinamum\u0105 su Pfleiderer U18001 SD ir Woodeco PU2008 plok\u0161t\u0117mis.<\/p>\n<p>Suma\u017einkite med\u017eiag\u0173 atliekas iki 30 % naudodami \u0161i\u0105 stabili\u0105 kra\u0161t\u0173 juost\u0105, kuri suma\u017eina apipjaustymo reikalavimus. Bald\u0173 kra\u0161to sprendimas si\u016blo skland\u0173 integravim\u0105 su automatizuotomis apdorojimo sistemomis, suma\u017eindamas darbo s\u0105naudas, i\u0161laikant pastovi\u0105 kokyb\u0119. Sm\u016bgiams atspari PVC kra\u0161t\u0173 juosta atlaiko kasdien\u012f d\u0117v\u0117jim\u0105si, prailgina bald\u0173 tarnavimo laik\u0105 ir suma\u017eina ilgalaikes prie\u017ei\u016bros i\u0161laidas. Puikiai tinka didelio srauto komerciniams \u012frenginiams, kur patvarumas tiesiogiai veikia investicij\u0173 gr\u0105\u017e\u0105.<\/p>\n<\/div>\n","protected":false},"excerpt":{"rendered":"<p>22&#215;0,6; 22&#215;1; 22&#215;2; 35&#215;1*; 42&#215;2<\/p>\n","protected":false},"featured_media":21304,"comment_status":"closed","ping_status":"open","template":"","meta":{"_acf_changed":false},"product_brand":[],"product_cat":[1210],"product_tag":[],"class_list":{"0":"post-26121","1":"product","2":"type-product","3":"status-publish","4":"has-post-thumbnail","6":"product_cat-baldu-krastai","8":"first","9":"instock","10":"product-type-simple"},"acf":[],"_links":{"self":[{"href":"https:\/\/www.maag-polska.pl\/lt\/wp-json\/wp\/v2\/product\/26121","targetHints":{"allow":["GET"]}}],"collection":[{"href":"https:\/\/www.maag-polska.pl\/lt\/wp-json\/wp\/v2\/product"}],"about":[{"href":"https:\/\/www.maag-polska.pl\/lt\/wp-json\/wp\/v2\/types\/product"}],"replies":[{"embeddable":true,"href":"https:\/\/www.maag-polska.pl\/lt\/wp-json\/wp\/v2\/comments?post=26121"}],"wp:featuredmedia":[{"embeddable":true,"href":"https:\/\/www.maag-polska.pl\/lt\/wp-json\/wp\/v2\/media\/21304"}],"wp:attachment":[{"href":"https:\/\/www.maag-polska.pl\/lt\/wp-json\/wp\/v2\/media?parent=26121"}],"wp:term":[{"taxonomy":"product_brand","embeddable":true,"href":"https:\/\/www.maag-polska.pl\/lt\/wp-json\/wp\/v2\/product_brand?post=26121"},{"taxonomy":"product_cat","embeddable":true,"href":"https:\/\/www.maag-polska.pl\/lt\/wp-json\/wp\/v2\/product_cat?post=26121"},{"taxonomy":"product_tag","embeddable":true,"href":"https:\/\/www.maag-polska.pl\/lt\/wp-json\/wp\/v2\/product_tag?post=26121"}],"curies":[{"name":"wp","href":"https:\/\/api.w.org\/{rel}","templated":true}]}}