{"id":26112,"date":"2025-09-01T08:28:48","date_gmt":"2025-09-01T08:28:48","guid":{"rendered":"https:\/\/www.maag-polska.pl\/obrzeza-meblowe\/240-r-cobalt-grey\/"},"modified":"2025-09-01T09:03:11","modified_gmt":"2025-09-01T09:03:11","slug":"240-r-cobalt-grey","status":"publish","type":"product","link":"https:\/\/www.maag-polska.pl\/lt\/obrzeza-meblowe\/240-r-cobalt-grey\/","title":{"rendered":"Bald\u0173 kra\u0161tai 240-R COBALT GREY"},"content":{"rendered":"<div>\n<p>Profesionali PVC kra\u0161t\u0173 juostel\u0117 Kobalto pilkos spalvos (240-R), pagaminta i\u0161 gryno PVC jungini\u0173, u\u017etikrinan\u010di\u0173 puiki\u0105 kra\u0161to apsaug\u0105. Turi tiksliai sukalibruot\u0105 2 mm stor\u012f ir UV spinduliams atspari\u0105 formul\u0119, kuri palaiko spalvos stabilum\u0105 \u012fvairiomis ap\u0161vietimo s\u0105lygomis. \u0160i med\u017eio apdirbimo med\u017eiaga pasi\u017eymi puikiu atsparumu sm\u016bgiams esant 15-20 N\/mm\u00b2 ir \u0161ilumin\u012f stabilum\u0105 iki 80\u00b0C. Specializuota pavir\u0161iaus strukt\u016bra u\u017etikrina optimal\u0173 klij\u0173 sukibim\u0105, i\u0161laikant lygi\u0105, vienod\u0105 apdail\u0105 su 4-6 vienet\u0173 blizgesio lygiu.<\/p>\n<p>Idealiai tinka didelio srauto komerciniams baldams, kur patvarumas ir dizainas. \u0160i bald\u0173 briaun\u0173 juosta puikiai tinka biuro darbo vietose, medicinos \u012fstaig\u0173 spintel\u0117se ir \u0161vietimo \u012fstaig\u0173 sand\u0117liavimo sprendimuose. Kobalt Grey atspalvis sukuria sud\u0117tingus per\u0117jimus ant pilk\u0173 atspalvi\u0173 plok\u0161\u010di\u0173, ypa\u010d deran\u010di\u0173 su Kronospan 6299 BS pavir\u0161iais. Puikiai tinka projektams, kuriems perdirbant reikia minimali\u0173 atliek\u0173, su \u0161variais pj\u016bviais ir puikia briauna. Rekomenduojamas CNC apdirbimui 18-22 m\/min padavimo grei\u010diu, kad b\u016bt\u0173 pasiekti optimal\u016bs rezultatai.<\/p>\n<\/div>\n","protected":false},"excerpt":{"rendered":"<p>22&#215;0,6; 22&#215;0,8; 22&#215;1; 22&#215;2; 32&#215;2*; 35&#215;1*; 42&#215;0,8; 42&#215;2<\/p>\n","protected":false},"featured_media":21277,"comment_status":"closed","ping_status":"open","template":"","meta":{"_acf_changed":false},"product_brand":[],"product_cat":[1210],"product_tag":[],"class_list":{"0":"post-26112","1":"product","2":"type-product","3":"status-publish","4":"has-post-thumbnail","6":"product_cat-baldu-krastai","8":"first","9":"instock","10":"product-type-simple"},"acf":[],"_links":{"self":[{"href":"https:\/\/www.maag-polska.pl\/lt\/wp-json\/wp\/v2\/product\/26112","targetHints":{"allow":["GET"]}}],"collection":[{"href":"https:\/\/www.maag-polska.pl\/lt\/wp-json\/wp\/v2\/product"}],"about":[{"href":"https:\/\/www.maag-polska.pl\/lt\/wp-json\/wp\/v2\/types\/product"}],"replies":[{"embeddable":true,"href":"https:\/\/www.maag-polska.pl\/lt\/wp-json\/wp\/v2\/comments?post=26112"}],"wp:featuredmedia":[{"embeddable":true,"href":"https:\/\/www.maag-polska.pl\/lt\/wp-json\/wp\/v2\/media\/21277"}],"wp:attachment":[{"href":"https:\/\/www.maag-polska.pl\/lt\/wp-json\/wp\/v2\/media?parent=26112"}],"wp:term":[{"taxonomy":"product_brand","embeddable":true,"href":"https:\/\/www.maag-polska.pl\/lt\/wp-json\/wp\/v2\/product_brand?post=26112"},{"taxonomy":"product_cat","embeddable":true,"href":"https:\/\/www.maag-polska.pl\/lt\/wp-json\/wp\/v2\/product_cat?post=26112"},{"taxonomy":"product_tag","embeddable":true,"href":"https:\/\/www.maag-polska.pl\/lt\/wp-json\/wp\/v2\/product_tag?post=26112"}],"curies":[{"name":"wp","href":"https:\/\/api.w.org\/{rel}","templated":true}]}}