{"id":26111,"date":"2025-09-01T08:28:48","date_gmt":"2025-09-01T08:28:48","guid":{"rendered":"https:\/\/www.maag-polska.pl\/obrzeza-meblowe\/240-cobalt\/"},"modified":"2025-09-01T09:03:10","modified_gmt":"2025-09-01T09:03:10","slug":"240-cobalt","status":"publish","type":"product","link":"https:\/\/www.maag-polska.pl\/lt\/obrzeza-meblowe\/240-cobalt\/","title":{"rendered":"Bald\u0173 kra\u0161tai 240 COBALT"},"content":{"rendered":"<div>\n<p>Profesionalios PVC kra\u0161t\u0173 juostos KOBALT 240 u\u017etikrina i\u0161skirtin\u012f atsparum\u0105 kasdieniam nusid\u0117v\u0117jimui ir UV spinduli\u0173 poveikiui. \u0160is bald\u0173 briaun\u0173 sprendimas i\u0161laiko savo strukt\u016brin\u012f vientisum\u0105 ir spalvos stabilum\u0105 net ir intensyviai naudojant. Pagamintos i\u0161 gryno PVC, \u0161ios medienos apdirbimo med\u017eiagos pasi\u017eymi puikiu atsparumu sm\u016bgiams ir apsaugo lentos kra\u0161tus nuo dr\u0117gm\u0117s ir aplinkos veiksni\u0173.<\/p>\n<p>Supaprastinkite savo bald\u0173 gamyb\u0105 naudodami \u0161i\u0105 tiksliai nupjaut\u0105 kra\u0161t\u0173 juost\u0105, kuri skland\u017eiai prilimpa prie lenkt\u0173 ir tiesi\u0173 pavir\u0161i\u0173. Optimizuotas storis u\u017etikrina minimal\u0173 atliek\u0173 naudojim\u0105, o specializuotas pavir\u0161iaus apdorojimas leid\u017eia greitai apdoroti nepakenkiant apdailos kokybei. Puikiai tinka didel\u0117s apimties projektams, kur efektyvumas atitinka profesinius standartus.<\/p>\n<\/div>\n","protected":false},"excerpt":{"rendered":"<p>22&#215;0,6; 22&#215;0,8; 22&#215;1; 22&#215;2; 32&#215;2*; 35&#215;1*; 42&#215;0,8; 42&#215;2<\/p>\n","protected":false},"featured_media":21274,"comment_status":"closed","ping_status":"open","template":"","meta":{"_acf_changed":false},"product_brand":[],"product_cat":[1210],"product_tag":[],"class_list":{"0":"post-26111","1":"product","2":"type-product","3":"status-publish","4":"has-post-thumbnail","6":"product_cat-baldu-krastai","8":"first","9":"instock","10":"product-type-simple"},"acf":[],"_links":{"self":[{"href":"https:\/\/www.maag-polska.pl\/lt\/wp-json\/wp\/v2\/product\/26111","targetHints":{"allow":["GET"]}}],"collection":[{"href":"https:\/\/www.maag-polska.pl\/lt\/wp-json\/wp\/v2\/product"}],"about":[{"href":"https:\/\/www.maag-polska.pl\/lt\/wp-json\/wp\/v2\/types\/product"}],"replies":[{"embeddable":true,"href":"https:\/\/www.maag-polska.pl\/lt\/wp-json\/wp\/v2\/comments?post=26111"}],"wp:featuredmedia":[{"embeddable":true,"href":"https:\/\/www.maag-polska.pl\/lt\/wp-json\/wp\/v2\/media\/21274"}],"wp:attachment":[{"href":"https:\/\/www.maag-polska.pl\/lt\/wp-json\/wp\/v2\/media?parent=26111"}],"wp:term":[{"taxonomy":"product_brand","embeddable":true,"href":"https:\/\/www.maag-polska.pl\/lt\/wp-json\/wp\/v2\/product_brand?post=26111"},{"taxonomy":"product_cat","embeddable":true,"href":"https:\/\/www.maag-polska.pl\/lt\/wp-json\/wp\/v2\/product_cat?post=26111"},{"taxonomy":"product_tag","embeddable":true,"href":"https:\/\/www.maag-polska.pl\/lt\/wp-json\/wp\/v2\/product_tag?post=26111"}],"curies":[{"name":"wp","href":"https:\/\/api.w.org\/{rel}","templated":true}]}}