{"id":26108,"date":"2025-09-01T08:28:48","date_gmt":"2025-09-01T08:28:48","guid":{"rendered":"https:\/\/www.maag-polska.pl\/obrzeza-meblowe\/233-p-beige-glossy\/"},"modified":"2025-09-01T09:03:09","modified_gmt":"2025-09-01T09:03:09","slug":"233-p-beige-glossy","status":"publish","type":"product","link":"https:\/\/www.maag-polska.pl\/lt\/obrzeza-meblowe\/233-p-beige-glossy\/","title":{"rendered":"Bald\u0173 kra\u0161tai 233-P BEIGE GLOSSY"},"content":{"rendered":"<div>\n<p>Auk\u0161tos kokyb\u0117s PVC kra\u0161t\u0173 juostel\u0117 su sm\u0117lio spalvos blizgiu apdaila, pagaminta i\u0161 gryno PVC jungini\u0173, u\u017etikrinan\u010di\u0173 puik\u0173 patvarum\u0105. Turi tiksliai sukalibruot\u0105 2 mm stor\u012f ir UV spinduliams atspari\u0105 formul\u0119, kuri i\u0161laiko spalvos stabilum\u0105 net esant intensyviai \u0161viesai. Med\u017eiaga demonstruoja puik\u0173 atsparum\u0105 sm\u016bgiams nuo -5\u00b0C iki +60\u00b0C temperat\u016broje, tod\u0117l u\u017etikrina ilgalaik\u012f veikim\u0105. \u0160i kra\u0161t\u0173 juosta pasi\u017eymi minimaliu i\u0161ilginiu susitraukimu (\u22640,3%) ir i\u0161laiko pastov\u0173 >10 N\/mm\u00b2 sukibimo stiprum\u0105.<\/p>\n<p>Ypa\u010d tinka komercinei bald\u0173 gamybai, kur sm\u0117lio spalvos blizgus apdaila papildo \u0161iuolaikines dizaino schemas. Medienos apdirbimo med\u017eiagos skland\u017eiai integruojamos su med\u017eio dro\u017eli\u0173 plok\u0161t\u0117mis ir MDF, ypa\u010d biuro balduose ir ma\u017emenin\u0117s prekybos vitrinose. Profesional\u016bs spinteli\u0173 gamintojai naudojasi paprastomis apdirbimo savyb\u0117mis ir minimaliomis atliek\u0173 naudojimo metu. D\u0117l technini\u0173 briaun\u0173 juostos specifikacij\u0173 jis idealiai tinka intensyvaus eismo vietose, kur da\u017enai lie\u010diasi bald\u0173 kra\u0161tai, pavyzd\u017eiui, registrat\u016bros stalai, konferencij\u0173 stalai ir komercin\u0117s spintos.<\/p>\n<\/div>\n","protected":false},"excerpt":{"rendered":"<p>22&#215;0,6; 22&#215;1; 22&#215;2; 32&#215;2*<\/p>\n","protected":false},"featured_media":21265,"comment_status":"closed","ping_status":"open","template":"","meta":{"_acf_changed":false},"product_brand":[],"product_cat":[1210],"product_tag":[],"class_list":{"0":"post-26108","1":"product","2":"type-product","3":"status-publish","4":"has-post-thumbnail","6":"product_cat-baldu-krastai","8":"first","9":"instock","10":"product-type-simple"},"acf":[],"_links":{"self":[{"href":"https:\/\/www.maag-polska.pl\/lt\/wp-json\/wp\/v2\/product\/26108","targetHints":{"allow":["GET"]}}],"collection":[{"href":"https:\/\/www.maag-polska.pl\/lt\/wp-json\/wp\/v2\/product"}],"about":[{"href":"https:\/\/www.maag-polska.pl\/lt\/wp-json\/wp\/v2\/types\/product"}],"replies":[{"embeddable":true,"href":"https:\/\/www.maag-polska.pl\/lt\/wp-json\/wp\/v2\/comments?post=26108"}],"wp:featuredmedia":[{"embeddable":true,"href":"https:\/\/www.maag-polska.pl\/lt\/wp-json\/wp\/v2\/media\/21265"}],"wp:attachment":[{"href":"https:\/\/www.maag-polska.pl\/lt\/wp-json\/wp\/v2\/media?parent=26108"}],"wp:term":[{"taxonomy":"product_brand","embeddable":true,"href":"https:\/\/www.maag-polska.pl\/lt\/wp-json\/wp\/v2\/product_brand?post=26108"},{"taxonomy":"product_cat","embeddable":true,"href":"https:\/\/www.maag-polska.pl\/lt\/wp-json\/wp\/v2\/product_cat?post=26108"},{"taxonomy":"product_tag","embeddable":true,"href":"https:\/\/www.maag-polska.pl\/lt\/wp-json\/wp\/v2\/product_tag?post=26108"}],"curies":[{"name":"wp","href":"https:\/\/api.w.org\/{rel}","templated":true}]}}