{"id":26100,"date":"2025-09-01T08:28:28","date_gmt":"2025-09-01T08:28:28","guid":{"rendered":"https:\/\/www.maag-polska.pl\/obrzeza-meblowe\/227-red-krono\/"},"modified":"2025-09-01T09:03:00","modified_gmt":"2025-09-01T09:03:00","slug":"227-red-krono","status":"publish","type":"product","link":"https:\/\/www.maag-polska.pl\/lt\/obrzeza-meblowe\/227-red-krono\/","title":{"rendered":"Bald\u0173 kra\u0161tai 227 RED KRONO"},"content":{"rendered":"<div>\n<p>Profesionali 227 CZERWONY KRONO kra\u0161t\u0173 juosta u\u017etikrina i\u0161skirtines technines charakteristikas d\u0117l 100 % gryno PVC sud\u0117ties. \u0160i 2 mm storio medienos apdirbimo med\u017eiaga i\u0161laiko matmen\u0173 stabilum\u0105 temperat\u016bros diapazone nuo -10\u00b0C iki +60\u00b0C. UV spinduliams atspari formul\u0117 apsaugo nuo spalvos i\u0161blukimo, tod\u0117l ry\u0161kiai raudonas atspalvis (Kronospan 0149 PE) i\u0161lieka tolygus per vis\u0105 naudojimo laik\u0105. Pasi\u017eymi \u00b10,02 mm tikslumo gamybos tolerancija ir 5,5 N\/mm\u00b2 sukibimo stipriu, tod\u0117l idealiai tinka automatizuotiems kra\u0161t\u0173 klijavimo procesams su minimaliomis atliekomis.<\/p>\n<p>Puikiai tinka \u0161iuolaikin\u0117ms bald\u0173 gamybos aplinkoms, kur svarbiausia yra spalv\u0173 tikslumas ir ilgaam\u017ei\u0161kumas. \u0160i PVC kra\u0161t\u0173 juosta puikiai tinka didelio srauto komerciniams \u012frengimams, ma\u017emenin\u0117s prekybos \u012frangai ir biuro baldams. D\u0117l atspari\u0173 sm\u016bgiams savybi\u0173 jis ypa\u010d vertingas \u0161vietimo \u012fstaigoms ir sveikatos prie\u017ei\u016bros baldams. Rekomenduojama naudoti tiek tiesioms, tiek lenktoms, ma\u017eiausiai 20 mm spinduliu. Suderinamas su visais standartiniais kar\u0161to lydalo klijais ir apdirbimo temperat\u016bra nuo 180 iki 200\u00b0C, kad b\u016bt\u0173 optimal\u016bs klijavimo rezultatai.<\/p>\n<\/div>\n","protected":false},"excerpt":{"rendered":"<p>22&#215;0,6; 22&#215;0,8; 22&#215;1; 22&#215;2; 32&#215;2*; 35&#215;1*; 42&#215;0,8; 42&#215;2<\/p>\n","protected":false},"featured_media":21241,"comment_status":"closed","ping_status":"open","template":"","meta":{"_acf_changed":false},"product_brand":[],"product_cat":[1210],"product_tag":[],"class_list":{"0":"post-26100","1":"product","2":"type-product","3":"status-publish","4":"has-post-thumbnail","6":"product_cat-baldu-krastai","8":"first","9":"instock","10":"product-type-simple"},"acf":[],"_links":{"self":[{"href":"https:\/\/www.maag-polska.pl\/lt\/wp-json\/wp\/v2\/product\/26100","targetHints":{"allow":["GET"]}}],"collection":[{"href":"https:\/\/www.maag-polska.pl\/lt\/wp-json\/wp\/v2\/product"}],"about":[{"href":"https:\/\/www.maag-polska.pl\/lt\/wp-json\/wp\/v2\/types\/product"}],"replies":[{"embeddable":true,"href":"https:\/\/www.maag-polska.pl\/lt\/wp-json\/wp\/v2\/comments?post=26100"}],"wp:featuredmedia":[{"embeddable":true,"href":"https:\/\/www.maag-polska.pl\/lt\/wp-json\/wp\/v2\/media\/21241"}],"wp:attachment":[{"href":"https:\/\/www.maag-polska.pl\/lt\/wp-json\/wp\/v2\/media?parent=26100"}],"wp:term":[{"taxonomy":"product_brand","embeddable":true,"href":"https:\/\/www.maag-polska.pl\/lt\/wp-json\/wp\/v2\/product_brand?post=26100"},{"taxonomy":"product_cat","embeddable":true,"href":"https:\/\/www.maag-polska.pl\/lt\/wp-json\/wp\/v2\/product_cat?post=26100"},{"taxonomy":"product_tag","embeddable":true,"href":"https:\/\/www.maag-polska.pl\/lt\/wp-json\/wp\/v2\/product_tag?post=26100"}],"curies":[{"name":"wp","href":"https:\/\/api.w.org\/{rel}","templated":true}]}}