{"id":26084,"date":"2025-09-01T08:28:07","date_gmt":"2025-09-01T08:28:07","guid":{"rendered":"https:\/\/www.maag-polska.pl\/obrzeza-meblowe\/209-b-atlantic-blue\/"},"modified":"2025-09-01T09:02:47","modified_gmt":"2025-09-01T09:02:47","slug":"209-b-atlantic-blue","status":"publish","type":"product","link":"https:\/\/www.maag-polska.pl\/lt\/obrzeza-meblowe\/209-b-atlantic-blue\/","title":{"rendered":"Bald\u0173 kra\u0161tai 209-B ATLANTIC BLUE"},"content":{"rendered":"<div>\n<p>Auk\u0161\u010diausios kokyb\u0117s Atlantic Blue PVC kra\u0161t\u0173 juosta, pasi\u017eyminti 2 mm storio ir puikiu atsparumu UV spinduliams. Pagaminta i\u0161 gryno PVC jungini\u0173, \u0161i kra\u0161t\u0173 juosta i\u0161laiko i\u0161skirtin\u012f spalvos stabilum\u0105 \u012fvairiomis aplinkos s\u0105lygomis. Techniniai parametrai apima optimal\u0173 sukibim\u0105 esant 200-220\u00b0C, o apdorojimo greitis 12-25 m\/min efektyviam naudojimui. Med\u017eiagos tankis 1,3 g\/cm\u00b3 u\u017etikrina ilgaam\u017ei\u0161kum\u0105, i\u0161laikant lankstum\u0105 apvado procese.<\/p>\n<p>Ypa\u010d tinka auk\u0161tos klas\u0117s biuro baldams ir komerciniams interjero projektams, kur b\u016btini nuosekl\u016bs m\u0117lyni tonai. \u0160i med\u017eio apdirbimo med\u017eiaga puikiai tinka ma\u017emenin\u0117s prekybos vitrin\u0173 gamyboje ir moderniose virtuv\u0117s balduose, kur briaun\u0173 kokyb\u0117 tiesiogiai veikia klient\u0173 suvokim\u0105. D\u0117l tikslaus spalv\u0173 derinimo jis idealiai tinka bald\u0173 briaunoms j\u016brin\u0117s tematikos erdv\u0117se arba \u012fmoni\u0173 aplinkoje, naudojant \u0161altas spalv\u0173 schemas. Puikiai tinka tiek tiesi\u0173, tiek lenkt\u0173 bald\u0173 gamyboje pagal u\u017esakym\u0105.<\/p>\n<\/div>\n","protected":false},"excerpt":{"rendered":"<p>28&#215;2*<\/p>\n","protected":false},"featured_media":0,"comment_status":"closed","ping_status":"open","template":"","meta":{"_acf_changed":false},"product_brand":[],"product_cat":[1210],"product_tag":[],"class_list":{"0":"post-26084","1":"product","2":"type-product","3":"status-publish","5":"product_cat-baldu-krastai","7":"first","8":"instock","9":"product-type-simple"},"acf":[],"_links":{"self":[{"href":"https:\/\/www.maag-polska.pl\/lt\/wp-json\/wp\/v2\/product\/26084","targetHints":{"allow":["GET"]}}],"collection":[{"href":"https:\/\/www.maag-polska.pl\/lt\/wp-json\/wp\/v2\/product"}],"about":[{"href":"https:\/\/www.maag-polska.pl\/lt\/wp-json\/wp\/v2\/types\/product"}],"replies":[{"embeddable":true,"href":"https:\/\/www.maag-polska.pl\/lt\/wp-json\/wp\/v2\/comments?post=26084"}],"wp:attachment":[{"href":"https:\/\/www.maag-polska.pl\/lt\/wp-json\/wp\/v2\/media?parent=26084"}],"wp:term":[{"taxonomy":"product_brand","embeddable":true,"href":"https:\/\/www.maag-polska.pl\/lt\/wp-json\/wp\/v2\/product_brand?post=26084"},{"taxonomy":"product_cat","embeddable":true,"href":"https:\/\/www.maag-polska.pl\/lt\/wp-json\/wp\/v2\/product_cat?post=26084"},{"taxonomy":"product_tag","embeddable":true,"href":"https:\/\/www.maag-polska.pl\/lt\/wp-json\/wp\/v2\/product_tag?post=26084"}],"curies":[{"name":"wp","href":"https:\/\/api.w.org\/{rel}","templated":true}]}}