{"id":26079,"date":"2025-09-01T08:28:07","date_gmt":"2025-09-01T08:28:07","guid":{"rendered":"https:\/\/www.maag-polska.pl\/obrzeza-meblowe\/207-b-yellow-b\/"},"modified":"2025-09-01T09:02:44","modified_gmt":"2025-09-01T09:02:44","slug":"207-b-yellow-b","status":"publish","type":"product","link":"https:\/\/www.maag-polska.pl\/lt\/obrzeza-meblowe\/207-b-yellow-b\/","title":{"rendered":"Bald\u0173 kra\u0161tai 207-B YELLOW-B"},"content":{"rendered":"<div>\n<p>Profesionali PVC briaun\u0173 juosta gyvybingame Egger U114 ST9 \u017b\u00d3\u0141TY JASKRAWY u\u017etikrina i\u0161skirtin\u012f patvarum\u0105, skirt\u0105 intensyvaus eismo baldams. \u0160i gryna PVC medienos apdirbimo med\u017eiaga i\u0161laiko savo ry\u0161kiai gelton\u0105 apdail\u0105 net esant intensyviam UV poveikiui, apsaugodama nuo spalvos pasikeitimo ir i\u0161blukimo. Sm\u016bgiams atspari briaun\u0173 juost\u0173 kompozicija atlaiko kasdien\u012f d\u0117v\u0117jim\u0105si ir apsaugo bald\u0173 kra\u0161tus nuo dr\u0117gm\u0117s ir mechanini\u0173 pa\u017eeidim\u0173.<\/p>\n<p>Supaprastinkite savo bald\u0173 gamyb\u0105 naudodami \u0161i\u0105 tiksliai suprojektuot\u0105 kra\u0161t\u0173 juost\u0105, kuri skland\u017eiai ir nuosekliai prilimpa. Optimizuotas storis u\u017etikrina \u0161varius pj\u016bvius ir minimal\u0173 atliek\u0173 kiek\u012f apdorojimo metu, o specializuotas pavir\u0161iaus apdorojimas leid\u017eia greitai suklijuoti. \u0160is PVC briaun\u0173 apklijavimas puikiai tinka tiek automatizuotoms briaunoms, tiek rankiniam naudojimui, nes sutrumpina montavimo laik\u0105, nepakenkiant profesionaliai j\u016bs\u0173 bald\u0173 kra\u0161t\u0173 apdailai.<\/p>\n<\/div>\n","protected":false},"excerpt":{"rendered":"<p>22&#215;1<\/p>\n","protected":false},"featured_media":21180,"comment_status":"closed","ping_status":"open","template":"","meta":{"_acf_changed":false},"product_brand":[],"product_cat":[1210],"product_tag":[],"class_list":{"0":"post-26079","1":"product","2":"type-product","3":"status-publish","4":"has-post-thumbnail","6":"product_cat-baldu-krastai","8":"first","9":"instock","10":"product-type-simple"},"acf":[],"_links":{"self":[{"href":"https:\/\/www.maag-polska.pl\/lt\/wp-json\/wp\/v2\/product\/26079","targetHints":{"allow":["GET"]}}],"collection":[{"href":"https:\/\/www.maag-polska.pl\/lt\/wp-json\/wp\/v2\/product"}],"about":[{"href":"https:\/\/www.maag-polska.pl\/lt\/wp-json\/wp\/v2\/types\/product"}],"replies":[{"embeddable":true,"href":"https:\/\/www.maag-polska.pl\/lt\/wp-json\/wp\/v2\/comments?post=26079"}],"wp:featuredmedia":[{"embeddable":true,"href":"https:\/\/www.maag-polska.pl\/lt\/wp-json\/wp\/v2\/media\/21180"}],"wp:attachment":[{"href":"https:\/\/www.maag-polska.pl\/lt\/wp-json\/wp\/v2\/media?parent=26079"}],"wp:term":[{"taxonomy":"product_brand","embeddable":true,"href":"https:\/\/www.maag-polska.pl\/lt\/wp-json\/wp\/v2\/product_brand?post=26079"},{"taxonomy":"product_cat","embeddable":true,"href":"https:\/\/www.maag-polska.pl\/lt\/wp-json\/wp\/v2\/product_cat?post=26079"},{"taxonomy":"product_tag","embeddable":true,"href":"https:\/\/www.maag-polska.pl\/lt\/wp-json\/wp\/v2\/product_tag?post=26079"}],"curies":[{"name":"wp","href":"https:\/\/api.w.org\/{rel}","templated":true}]}}