{"id":26077,"date":"2025-09-01T08:28:07","date_gmt":"2025-09-01T08:28:07","guid":{"rendered":"https:\/\/www.maag-polska.pl\/obrzeza-meblowe\/206-p-red-glossy\/"},"modified":"2025-09-01T09:02:42","modified_gmt":"2025-09-01T09:02:42","slug":"206-p-red-glossy","status":"publish","type":"product","link":"https:\/\/www.maag-polska.pl\/lt\/obrzeza-meblowe\/206-p-red-glossy\/","title":{"rendered":"Bald\u0173 kra\u0161tai 206-P RED GLOSSY"},"content":{"rendered":"<div>\n<p>Auk\u0161tos kokyb\u0117s Kastamonu P106 RED PVC kra\u0161t\u0173 juostos u\u017etikrina puikius techninius parametrus, kuri\u0173 storio nuokrypis yra \u00b10,02 mm, kad b\u016bt\u0173 galima tiksliai pritvirtinti. Gryna PVC kompozicija u\u017etikrina i\u0161skirtin\u012f atsparum\u0105 UV spinduliams iki 6800 valand\u0173 be spalvos pablog\u0117jimo, i\u0161laikant matmen\u0173 stabilum\u0105 esant temperat\u016brai nuo -10\u00b0C iki +60\u00b0C. \u0160i med\u017eio apdirbimo med\u017eiaga pasi\u017eymi specializuota pavir\u0161iaus strukt\u016bra su 89% blizgesio lygiu, optimizuota automatiniam kra\u0161t\u0173 apdorojimui iki 25 m\/min grei\u010diu.<\/p>\n<p>206-P CZERWONY PO\u0141YSK kra\u0161to juosta suma\u017eina med\u017eiag\u0173 s\u0105naudas d\u0117l efektyvaus 2,0 mm storio, o tai suma\u017eina apipjaustymo atliekas iki 23 %, palyginti su standartin\u0117mis galimyb\u0117mis. I\u0161 anksto nugruntuotas jo pavir\u0161ius nereikalauja papildomo apdorojimo, sutaupoma tiek laiko, tiek i\u0161tekli\u0173 bald\u0173 gamyboje. Padidintas 3N atsparumas \u012fbr\u0117\u017eimams u\u017etikrina ilgalaik\u012f patvarum\u0105, suma\u017eina garantijos reikalavimus ir pakeitimo i\u0161laidas, kartu i\u0161laikant ry\u0161ki\u0105 raudon\u0105 apdail\u0105 per vis\u0105 bald\u0173 gyvavimo cikl\u0105.<\/p>\n<\/div>\n","protected":false},"excerpt":{"rendered":"<p>22&#215;1<\/p>\n","protected":false},"featured_media":21174,"comment_status":"closed","ping_status":"open","template":"","meta":{"_acf_changed":false},"product_brand":[],"product_cat":[1210],"product_tag":[],"class_list":{"0":"post-26077","1":"product","2":"type-product","3":"status-publish","4":"has-post-thumbnail","6":"product_cat-baldu-krastai","8":"first","9":"instock","10":"product-type-simple"},"acf":[],"_links":{"self":[{"href":"https:\/\/www.maag-polska.pl\/lt\/wp-json\/wp\/v2\/product\/26077","targetHints":{"allow":["GET"]}}],"collection":[{"href":"https:\/\/www.maag-polska.pl\/lt\/wp-json\/wp\/v2\/product"}],"about":[{"href":"https:\/\/www.maag-polska.pl\/lt\/wp-json\/wp\/v2\/types\/product"}],"replies":[{"embeddable":true,"href":"https:\/\/www.maag-polska.pl\/lt\/wp-json\/wp\/v2\/comments?post=26077"}],"wp:featuredmedia":[{"embeddable":true,"href":"https:\/\/www.maag-polska.pl\/lt\/wp-json\/wp\/v2\/media\/21174"}],"wp:attachment":[{"href":"https:\/\/www.maag-polska.pl\/lt\/wp-json\/wp\/v2\/media?parent=26077"}],"wp:term":[{"taxonomy":"product_brand","embeddable":true,"href":"https:\/\/www.maag-polska.pl\/lt\/wp-json\/wp\/v2\/product_brand?post=26077"},{"taxonomy":"product_cat","embeddable":true,"href":"https:\/\/www.maag-polska.pl\/lt\/wp-json\/wp\/v2\/product_cat?post=26077"},{"taxonomy":"product_tag","embeddable":true,"href":"https:\/\/www.maag-polska.pl\/lt\/wp-json\/wp\/v2\/product_tag?post=26077"}],"curies":[{"name":"wp","href":"https:\/\/api.w.org\/{rel}","templated":true}]}}