{"id":26070,"date":"2025-09-01T08:28:07","date_gmt":"2025-09-01T08:28:07","guid":{"rendered":"https:\/\/www.maag-polska.pl\/obrzeza-meblowe\/203-grey\/"},"modified":"2025-09-01T09:02:38","modified_gmt":"2025-09-01T09:02:38","slug":"203-grey","status":"publish","type":"product","link":"https:\/\/www.maag-polska.pl\/lt\/obrzeza-meblowe\/203-grey\/","title":{"rendered":"Bald\u0173 kra\u0161tai 203 GREY"},"content":{"rendered":"<div>\n<p>\u0160i \u0161viesiai pilka PVC kra\u0161t\u0173 juosta, tiksliai suderinta su Kronospan 0112 PE ir Pfleiderer U12190 MP, atspindi \u0161iuolaikinio minimalizmo esm\u0119. Kruop\u0161\u010diai sukalibruotas atspalvis sukuria vientis\u0105 per\u0117jim\u0105 tarp pavir\u0161i\u0173, o smulkiagr\u016bd\u0117 tekst\u016bra pagerina bendr\u0105 estetin\u012f patrauklum\u0105. Kiekvienas ritinys u\u017etikrina vienod\u0105 spalv\u0173 gyl\u012f ir rafinuot\u0105 matin\u0119 apdail\u0105, kuri papildo \u0161iuolaikin\u012f bald\u0173 dizain\u0105.<\/p>\n<p>Tai universali medienos apdirbimo med\u017eiaga, sukurta tiek gyvenamosioms, tiek komercin\u0117ms reikm\u0117ms, \u0161i gryna PVC briaun\u0173 juosta puikiai tinka \u012fvairiems bald\u0173 projektams. Jo UV atspari sud\u0117tis apsaugo nuo spalvos pasikeitimo, o optimizuotas storis u\u017etikrina \u0161varius pj\u016bvius su minimaliu atliek\u0173 kiekiu. Padidintas med\u017eiagos patvarumas atlaiko kasdien\u012f d\u0117v\u0117jim\u0105si, tod\u0117l puikiai tinka intensyvaus eismo vietose, pavyzd\u017eiui, biuro baldams, virtuv\u0117s spintel\u0117ms ir ma\u017emenin\u0117s prekybos vitrinoms. Lengvos apdorojimo savyb\u0117s leid\u017eia skland\u017eiai naudoti \u012fvairiomis temperat\u016bromis, i\u0161laikant puik\u0173 sukibim\u0105 ir spalvos stabilum\u0105 per vis\u0105 naudojimo laik\u0105.<\/p>\n<\/div>\n","protected":false},"excerpt":{"rendered":"<p>22&#215;0,6; 22&#215;0,8; 22&#215;1; 22&#215;2; 28&#215;1*; 28&#215;2*; 32&#215;2*; 35&#215;1*; 42&#215;0,8; 42&#215;2<\/p>\n","protected":false},"featured_media":22508,"comment_status":"closed","ping_status":"open","template":"","meta":{"_acf_changed":false},"product_brand":[],"product_cat":[1210],"product_tag":[],"class_list":{"0":"post-26070","1":"product","2":"type-product","3":"status-publish","4":"has-post-thumbnail","6":"product_cat-baldu-krastai","8":"first","9":"instock","10":"product-type-simple"},"acf":[],"_links":{"self":[{"href":"https:\/\/www.maag-polska.pl\/lt\/wp-json\/wp\/v2\/product\/26070","targetHints":{"allow":["GET"]}}],"collection":[{"href":"https:\/\/www.maag-polska.pl\/lt\/wp-json\/wp\/v2\/product"}],"about":[{"href":"https:\/\/www.maag-polska.pl\/lt\/wp-json\/wp\/v2\/types\/product"}],"replies":[{"embeddable":true,"href":"https:\/\/www.maag-polska.pl\/lt\/wp-json\/wp\/v2\/comments?post=26070"}],"wp:featuredmedia":[{"embeddable":true,"href":"https:\/\/www.maag-polska.pl\/lt\/wp-json\/wp\/v2\/media\/22508"}],"wp:attachment":[{"href":"https:\/\/www.maag-polska.pl\/lt\/wp-json\/wp\/v2\/media?parent=26070"}],"wp:term":[{"taxonomy":"product_brand","embeddable":true,"href":"https:\/\/www.maag-polska.pl\/lt\/wp-json\/wp\/v2\/product_brand?post=26070"},{"taxonomy":"product_cat","embeddable":true,"href":"https:\/\/www.maag-polska.pl\/lt\/wp-json\/wp\/v2\/product_cat?post=26070"},{"taxonomy":"product_tag","embeddable":true,"href":"https:\/\/www.maag-polska.pl\/lt\/wp-json\/wp\/v2\/product_tag?post=26070"}],"curies":[{"name":"wp","href":"https:\/\/api.w.org\/{rel}","templated":true}]}}