{"id":26063,"date":"2025-09-01T08:27:46","date_gmt":"2025-09-01T08:27:46","guid":{"rendered":"https:\/\/www.maag-polska.pl\/obrzeza-meblowe\/201-r-white-r\/"},"modified":"2025-09-01T09:02:29","modified_gmt":"2025-09-01T09:02:29","slug":"201-r-white-r","status":"publish","type":"product","link":"https:\/\/www.maag-polska.pl\/lt\/obrzeza-meblowe\/201-r-white-r\/","title":{"rendered":"Bald\u0173 kra\u0161tai 201-R WHITE R"},"content":{"rendered":"<div>\n<p>Profesionali PVC kra\u0161t\u0173 juosta, sukurta Pfleiderer U11209 VV, Woodeco PB0080 ir Swiss Krono U570 VL baltiems pavir\u0161iams, u\u017etikrina i\u0161skirtin\u012f patvarum\u0105 sud\u0117tingose aplinkose. Gryna PVC kompozicija u\u017etikrina puik\u0173 atsparum\u0105 sm\u016bgiams, \u012fbr\u0117\u017eimams ir kasdieniam nusid\u0117v\u0117jimui, kartu i\u0161laikant nesugadint\u0105 spalvos stabilum\u0105. \u0160ios medienos apdirbimo med\u017eiagos pasi\u017eymi patobulinta UV apsauga, neleid\u017eian\u010dia pageltimui ir spalvos pakitimui net esant intensyviai \u0161viesai. Tvirta 2 mm storio briaun\u0173 juosta u\u017etikrina ilgalaik\u0119 bald\u0173 briaun\u0173 apsaug\u0105 nuo mechanini\u0173 pa\u017eeidim\u0173.<\/p>\n<p>Efektyviai transformuokite savo bald\u0173 projektus naudodami \u0161i\u0105 tiksliai suderint\u0105 kra\u0161t\u0173 apri\u0161imo sistem\u0105. Optimizuotas lipnus sluoksnis greitai aktyvuojasi esant standartinei apdorojimo temperat\u016brai, tod\u0117l galima skland\u017eiai tepti iki 25 m\/min grei\u010diu. D\u0117l nuoseklios med\u017eiagos strukt\u016bros nereikia papildomos apdailos, tod\u0117l montavimo laikas sutrump\u0117ja iki 30%. Puikiai tinka tiek tiesiems, tiek lenktiems pavir\u0161iams, \u0161i PVC kra\u0161t\u0173 juosta i\u0161laiko grie\u017etus leistinus nuokrypius ir \u0161varius pj\u016bvius, suma\u017eindama med\u017eiagos \u0161vaistym\u0105 dengiant.<\/p>\n<\/div>\n","protected":false},"excerpt":{"rendered":"<p>22&#215;0,8; 22&#215;2; 28&#215;2*; 35&#215;1*; 54&#215;2*<\/p>\n","protected":false},"featured_media":21134,"comment_status":"closed","ping_status":"open","template":"","meta":{"_acf_changed":false},"product_brand":[],"product_cat":[1210],"product_tag":[],"class_list":{"0":"post-26063","1":"product","2":"type-product","3":"status-publish","4":"has-post-thumbnail","6":"product_cat-baldu-krastai","8":"first","9":"instock","10":"product-type-simple"},"acf":[],"_links":{"self":[{"href":"https:\/\/www.maag-polska.pl\/lt\/wp-json\/wp\/v2\/product\/26063","targetHints":{"allow":["GET"]}}],"collection":[{"href":"https:\/\/www.maag-polska.pl\/lt\/wp-json\/wp\/v2\/product"}],"about":[{"href":"https:\/\/www.maag-polska.pl\/lt\/wp-json\/wp\/v2\/types\/product"}],"replies":[{"embeddable":true,"href":"https:\/\/www.maag-polska.pl\/lt\/wp-json\/wp\/v2\/comments?post=26063"}],"wp:featuredmedia":[{"embeddable":true,"href":"https:\/\/www.maag-polska.pl\/lt\/wp-json\/wp\/v2\/media\/21134"}],"wp:attachment":[{"href":"https:\/\/www.maag-polska.pl\/lt\/wp-json\/wp\/v2\/media?parent=26063"}],"wp:term":[{"taxonomy":"product_brand","embeddable":true,"href":"https:\/\/www.maag-polska.pl\/lt\/wp-json\/wp\/v2\/product_brand?post=26063"},{"taxonomy":"product_cat","embeddable":true,"href":"https:\/\/www.maag-polska.pl\/lt\/wp-json\/wp\/v2\/product_cat?post=26063"},{"taxonomy":"product_tag","embeddable":true,"href":"https:\/\/www.maag-polska.pl\/lt\/wp-json\/wp\/v2\/product_tag?post=26063"}],"curies":[{"name":"wp","href":"https:\/\/api.w.org\/{rel}","templated":true}]}}