{"id":26062,"date":"2025-09-01T08:27:46","date_gmt":"2025-09-01T08:27:46","guid":{"rendered":"https:\/\/www.maag-polska.pl\/obrzeza-meblowe\/201-pl-platinum-white\/"},"modified":"2025-09-01T09:02:29","modified_gmt":"2025-09-01T09:02:29","slug":"201-pl-platinum-white","status":"publish","type":"product","link":"https:\/\/www.maag-polska.pl\/lt\/obrzeza-meblowe\/201-pl-platinum-white\/","title":{"rendered":"Bald\u0173 kra\u0161tai 201-PL PLATINUM WHITE"},"content":{"rendered":"<div>\n<p>Platinin\u0117s baltos PVC kra\u0161tin\u0117s juostos atspindi modernios elegancijos esm\u0119 savo rafinuota ir \u0161varia i\u0161vaizda. Kruop\u0161\u010diai sukalibruotas atspalvis si\u016blo tobul\u0105 pusiausvyr\u0105 tarp grynos baltos ir subtili\u0173 \u0161ilt\u0173 atspalvi\u0173, sukurdamas rafinuot\u0105 apdail\u0105, kuri pagerina \u0161iuolaikini\u0173 bald\u0173 dizain\u0105. \u0160ios kra\u0161tin\u0117s juostos lygus, matinis pavir\u0161ius tolygiai atspindi \u0161vies\u0105, i\u0161laikydamas nepriekai\u0161ting\u0105 i\u0161vaizd\u0105 ir skland\u017eiai papildo Kronospan 6459 PE pavir\u0161ius.<\/p>\n<p>Pagaminta i\u0161 gryno PVC, \u0161i profesionali medienos apdirbimo med\u017eiaga puikiai tinka tiek gyvenamosioms, tiek komercin\u0117ms reikm\u0117ms. Kra\u0161to juostos UV atspari formul\u0117 apsaugo nuo pageltimo ir i\u0161laiko spalvos stabilum\u0105 net esant intensyviam poveikiui. Tiksli konstrukcija u\u017etikrina minimal\u0173 atliek\u0173 naudojim\u0105, o med\u017eiagos sud\u0117tis leid\u017eia atlikti \u0161varius pj\u016bvius ir skland\u0173 apdorojim\u0105. Idealiai tinka bald\u0173 briaunoms virtuv\u0117se, biuruose ir ma\u017emenin\u0117s prekybos vitrinose, kur ilgaam\u017ei\u0161kumas atitinka dizaino reikalavimus.<\/p>\n<\/div>\n","protected":false},"excerpt":{"rendered":"<p>19&#215;0,45*<\/p>\n","protected":false},"featured_media":21131,"comment_status":"closed","ping_status":"open","template":"","meta":{"_acf_changed":false},"product_brand":[],"product_cat":[1210],"product_tag":[],"class_list":{"0":"post-26062","1":"product","2":"type-product","3":"status-publish","4":"has-post-thumbnail","6":"product_cat-baldu-krastai","8":"first","9":"instock","10":"product-type-simple"},"acf":[],"_links":{"self":[{"href":"https:\/\/www.maag-polska.pl\/lt\/wp-json\/wp\/v2\/product\/26062","targetHints":{"allow":["GET"]}}],"collection":[{"href":"https:\/\/www.maag-polska.pl\/lt\/wp-json\/wp\/v2\/product"}],"about":[{"href":"https:\/\/www.maag-polska.pl\/lt\/wp-json\/wp\/v2\/types\/product"}],"replies":[{"embeddable":true,"href":"https:\/\/www.maag-polska.pl\/lt\/wp-json\/wp\/v2\/comments?post=26062"}],"wp:featuredmedia":[{"embeddable":true,"href":"https:\/\/www.maag-polska.pl\/lt\/wp-json\/wp\/v2\/media\/21131"}],"wp:attachment":[{"href":"https:\/\/www.maag-polska.pl\/lt\/wp-json\/wp\/v2\/media?parent=26062"}],"wp:term":[{"taxonomy":"product_brand","embeddable":true,"href":"https:\/\/www.maag-polska.pl\/lt\/wp-json\/wp\/v2\/product_brand?post=26062"},{"taxonomy":"product_cat","embeddable":true,"href":"https:\/\/www.maag-polska.pl\/lt\/wp-json\/wp\/v2\/product_cat?post=26062"},{"taxonomy":"product_tag","embeddable":true,"href":"https:\/\/www.maag-polska.pl\/lt\/wp-json\/wp\/v2\/product_tag?post=26062"}],"curies":[{"name":"wp","href":"https:\/\/api.w.org\/{rel}","templated":true}]}}