{"id":26060,"date":"2025-09-01T08:27:46","date_gmt":"2025-09-01T08:27:46","guid":{"rendered":"https:\/\/www.maag-polska.pl\/obrzeza-meblowe\/201-p-white-glossy\/"},"modified":"2025-09-01T09:02:28","modified_gmt":"2025-09-01T09:02:28","slug":"201-p-white-glossy","status":"publish","type":"product","link":"https:\/\/www.maag-polska.pl\/lt\/obrzeza-meblowe\/201-p-white-glossy\/","title":{"rendered":"Bald\u0173 kra\u0161tai 201-P WHITE GLOSSY"},"content":{"rendered":"<div>\n<p>Blizganti balta PVC kra\u0161t\u0173 juosta su 99,9 % gryno PVC sud\u0117ties, sukurta siekiant u\u017etikrinti puik\u0173 atsparum\u0105 UV spinduliams ir spalvos stabilum\u0105. \u0160i 201-P kra\u0161t\u0173 juosta i\u0161laiko savo nuostabi\u0105 balt\u0105 apdail\u0105 ir strukt\u016brin\u012f vientisum\u0105 net esant intensyviai \u0161viesai. Tikslus med\u017eiagos storio tolerancija (\u00b10,02 mm) ir optimizuotas sukibimo sluoksnis u\u017etikrina minimal\u0173 atliek\u0173 kiek\u012f apdorojimo metu. Papildyta sm\u016bgiams atspariais priedais, kad b\u016bt\u0173 u\u017etikrintas ilgalaikis patvarumas naudojant kasdien.<\/p>\n<p>Ypa\u010d tinka modernioms virtuv\u0117s baldams, ma\u017emenin\u0117s prekybos vitrinoms ir auk\u0161\u010diausios klas\u0117s biuro baldams, kur b\u016btini nesugadinti balti pavir\u0161iai. \u0160i med\u017eio apdirbimo med\u017eiaga puikiai tinka komercin\u0117je aplinkoje, kurioje da\u017enai reikia valyti. Profesionalios kra\u0161t\u0173 juostos sud\u0117tis idealiai tinka bald\u0173 gamintojams, kurie specializuojasi medicinos \u012fstaigose, laboratorijose ir \u0161iuolaikin\u0117se gyvenamosiose patalpose, kur svarbiausia yra higiena ir estetika.<\/p>\n<\/div>\n","protected":false},"excerpt":{"rendered":"<p>22&#215;0,6; 22&#215;1; 22&#215;2; 32&#215;2*; 35&#215;1*; 42&#215;2<\/p>\n","protected":false},"featured_media":21125,"comment_status":"closed","ping_status":"open","template":"","meta":{"_acf_changed":false},"product_brand":[],"product_cat":[1210],"product_tag":[],"class_list":{"0":"post-26060","1":"product","2":"type-product","3":"status-publish","4":"has-post-thumbnail","6":"product_cat-baldu-krastai","8":"first","9":"instock","10":"product-type-simple"},"acf":[],"_links":{"self":[{"href":"https:\/\/www.maag-polska.pl\/lt\/wp-json\/wp\/v2\/product\/26060","targetHints":{"allow":["GET"]}}],"collection":[{"href":"https:\/\/www.maag-polska.pl\/lt\/wp-json\/wp\/v2\/product"}],"about":[{"href":"https:\/\/www.maag-polska.pl\/lt\/wp-json\/wp\/v2\/types\/product"}],"replies":[{"embeddable":true,"href":"https:\/\/www.maag-polska.pl\/lt\/wp-json\/wp\/v2\/comments?post=26060"}],"wp:featuredmedia":[{"embeddable":true,"href":"https:\/\/www.maag-polska.pl\/lt\/wp-json\/wp\/v2\/media\/21125"}],"wp:attachment":[{"href":"https:\/\/www.maag-polska.pl\/lt\/wp-json\/wp\/v2\/media?parent=26060"}],"wp:term":[{"taxonomy":"product_brand","embeddable":true,"href":"https:\/\/www.maag-polska.pl\/lt\/wp-json\/wp\/v2\/product_brand?post=26060"},{"taxonomy":"product_cat","embeddable":true,"href":"https:\/\/www.maag-polska.pl\/lt\/wp-json\/wp\/v2\/product_cat?post=26060"},{"taxonomy":"product_tag","embeddable":true,"href":"https:\/\/www.maag-polska.pl\/lt\/wp-json\/wp\/v2\/product_tag?post=26060"}],"curies":[{"name":"wp","href":"https:\/\/api.w.org\/{rel}","templated":true}]}}