{"id":26047,"date":"2025-09-01T08:27:46","date_gmt":"2025-09-01T08:27:46","guid":{"rendered":"https:\/\/www.maag-polska.pl\/obrzeza-meblowe\/201-al-snow-white\/"},"modified":"2025-09-01T09:02:20","modified_gmt":"2025-09-01T09:02:20","slug":"201-al-snow-white","status":"publish","type":"product","link":"https:\/\/www.maag-polska.pl\/lt\/obrzeza-meblowe\/201-al-snow-white\/","title":{"rendered":"Bald\u0173 kra\u0161tai 201-AL SNOW WHITE"},"content":{"rendered":"<div>\n<p>Profesionali PVC kra\u0161t\u0173 juostel\u0117 Alpi\u0173 baltos spalvos, sukurta su padidintu atsparumu UV spinduliams, kad spalvos b\u016bt\u0173 stabilios. \u0160is bald\u0173 kra\u0161tas pasi\u017eymi specializuota kompozicija, kuri atlaiko kasdien\u012f d\u0117v\u0117jim\u0105si, dr\u0117gm\u0119 ir temperat\u016bros svyravimus. Gryno PVC konstrukcija u\u017etikrina i\u0161skirtin\u012f patvarum\u0105 nuo sm\u016bgi\u0173 ir chemini\u0173 med\u017eiag\u0173 poveikio, tod\u0117l idealiai tinka intensyvaus eismo komercin\u0117ms ir gyvenamosioms patalpoms. \u0160ios medienos apdirbimo med\u017eiagos i\u0161laiko savo nesugadint\u0105 i\u0161vaizd\u0105 net ir po naudojimo met\u0173, yra patikrintos atsparumo pageltimui ir pavir\u0161iaus degradacijai.<\/p>\n<p>Patirkite besi\u016bli\u0173 bald\u0173 apdail\u0105 naudodami \u0161i\u0105 tiksliai nupjaut\u0105 kra\u0161t\u0173 juost\u0105, kuri greitai ir \u0161variai prilimpa prie lentos pavir\u0161i\u0173. Optimizuotas storis u\u017etikrina minimal\u0173 atliek\u0173 kiek\u012f apdorojimo metu, i\u0161laikant puik\u0173 kra\u0161t\u0173 padengim\u0105. Sukurtas efektyviam naudojimui su standartin\u0117mis kra\u0161t\u0173 klijavimo stakl\u0117mis, \u0161is gaminys leid\u017eia skland\u017eiai apdoroti spinduliu ir \u0161variai apkarpyti. D\u0117l nuoseklios med\u017eiagos strukt\u016bros nereikia atlikti papildom\u0173 apdailos \u017eingsni\u0173, tod\u0117l sutrump\u0117ja montavimo laikas, nepakenkiant profesionaliam rezultatui.<\/p>\n<\/div>\n","protected":false},"excerpt":{"rendered":"<p>22&#215;0,6; 22&#215;0,8; 22&#215;1; 22&#215;2; 35&#215;1*; 42&#215;0,8; 42&#215;2<\/p>\n","protected":false},"featured_media":21086,"comment_status":"closed","ping_status":"open","template":"","meta":{"_acf_changed":false},"product_brand":[],"product_cat":[1210],"product_tag":[],"class_list":{"0":"post-26047","1":"product","2":"type-product","3":"status-publish","4":"has-post-thumbnail","6":"product_cat-baldu-krastai","8":"first","9":"instock","10":"product-type-simple"},"acf":[],"_links":{"self":[{"href":"https:\/\/www.maag-polska.pl\/lt\/wp-json\/wp\/v2\/product\/26047","targetHints":{"allow":["GET"]}}],"collection":[{"href":"https:\/\/www.maag-polska.pl\/lt\/wp-json\/wp\/v2\/product"}],"about":[{"href":"https:\/\/www.maag-polska.pl\/lt\/wp-json\/wp\/v2\/types\/product"}],"replies":[{"embeddable":true,"href":"https:\/\/www.maag-polska.pl\/lt\/wp-json\/wp\/v2\/comments?post=26047"}],"wp:featuredmedia":[{"embeddable":true,"href":"https:\/\/www.maag-polska.pl\/lt\/wp-json\/wp\/v2\/media\/21086"}],"wp:attachment":[{"href":"https:\/\/www.maag-polska.pl\/lt\/wp-json\/wp\/v2\/media?parent=26047"}],"wp:term":[{"taxonomy":"product_brand","embeddable":true,"href":"https:\/\/www.maag-polska.pl\/lt\/wp-json\/wp\/v2\/product_brand?post=26047"},{"taxonomy":"product_cat","embeddable":true,"href":"https:\/\/www.maag-polska.pl\/lt\/wp-json\/wp\/v2\/product_cat?post=26047"},{"taxonomy":"product_tag","embeddable":true,"href":"https:\/\/www.maag-polska.pl\/lt\/wp-json\/wp\/v2\/product_tag?post=26047"}],"curies":[{"name":"wp","href":"https:\/\/api.w.org\/{rel}","templated":true}]}}