{"id":26045,"date":"2025-09-01T08:27:46","date_gmt":"2025-09-01T08:27:46","guid":{"rendered":"https:\/\/www.maag-polska.pl\/obrzeza-meblowe\/201-alpine-white\/"},"modified":"2025-09-01T09:02:19","modified_gmt":"2025-09-01T09:02:19","slug":"201-alpine-white","status":"publish","type":"product","link":"https:\/\/www.maag-polska.pl\/lt\/obrzeza-meblowe\/201-alpine-white\/","title":{"rendered":"Bald\u0173 kra\u0161tai 201 ALPINE WHITE"},"content":{"rendered":"<div>\n<p>Laboratorijoje patikrinta PVC kra\u0161t\u0173 juosta 201 BIA\u0141Y ALPEJSKI u\u017etikrina tiksl\u0173 spalv\u0173 derinim\u0105 su Kronospan 0101 SM ir Egger W1100 PM pavir\u0161iais. Pa\u017eangi polimero kompozicija u\u017etikrina 99,8% atsparum\u0105 UV spinduliams, i\u0161laikant spalvos stabilum\u0105 net esant intensyviai \u0161viesai. \u0160i med\u017eio apdirbimo med\u017eiaga pasi\u017eymi specialia 3 sluoksni\u0173 strukt\u016bra, kurios atsparumas sm\u016bgiams yra 12,5 N\/mm\u00b2, tod\u0117l ji idealiai tinka intensyvaus jud\u0117jimo baldams. Gryna PVC formul\u0117 pasiekia 75 Shore D pavir\u0161iaus kietum\u0105, i\u0161laikant lankstum\u0105 naudojant iki 2 mm spindulio.<\/p>\n<p>Supaprastinkite savo gamyb\u0105 naudodami \u0161i\u0105 universali\u0105 bald\u0173 kra\u0161t\u0173 juost\u0105, kuri suma\u017eina med\u017eiag\u0173 \u0161vaistym\u0105 iki 15 % d\u0117l optimizuot\u0173 apdorojimo parametr\u0173. Tiksliai sukalibruotas \u00b10,02 mm storio pokytis u\u017etikrina nuosekl\u0173 sukibim\u0105 ir pa\u0161alina papildom\u0173 apdailos etap\u0173 poreik\u012f. Suderinamas su visomis standartin\u0117mis kra\u0161t\u0173 klijavimo stakl\u0117mis, kuri\u0173 greitis iki 25 m\/min., \u0161is PVC kra\u0161t\u0173 apri\u0161imas i\u0161laiko matmen\u0173 stabilum\u0105 apdorojimo metu, tod\u0117l suma\u017e\u0117ja atmetimo rodikliai ir padid\u0117ja s\u0105naud\u0173 efektyvumas. D\u0117l stabilios spalvos formul\u0117s suma\u017e\u0117ja atsarg\u0173 poreikis, pa\u0161alinant partij\u0173 derinimo reikalavimus.<\/p>\n<\/div>\n","protected":false},"excerpt":{"rendered":"<p>22&#215;0,6; 22&#215;0,8; 22&#215;1; 22&#215;2; 28&#215;2*; 32&#215;2*; 35&#215;1*; 42&#215;0,8; 42&#215;2<\/p>\n","protected":false},"featured_media":22507,"comment_status":"closed","ping_status":"open","template":"","meta":{"_acf_changed":false},"product_brand":[],"product_cat":[1210],"product_tag":[],"class_list":{"0":"post-26045","1":"product","2":"type-product","3":"status-publish","4":"has-post-thumbnail","6":"product_cat-baldu-krastai","8":"first","9":"instock","10":"product-type-simple"},"acf":[],"_links":{"self":[{"href":"https:\/\/www.maag-polska.pl\/lt\/wp-json\/wp\/v2\/product\/26045","targetHints":{"allow":["GET"]}}],"collection":[{"href":"https:\/\/www.maag-polska.pl\/lt\/wp-json\/wp\/v2\/product"}],"about":[{"href":"https:\/\/www.maag-polska.pl\/lt\/wp-json\/wp\/v2\/types\/product"}],"replies":[{"embeddable":true,"href":"https:\/\/www.maag-polska.pl\/lt\/wp-json\/wp\/v2\/comments?post=26045"}],"wp:featuredmedia":[{"embeddable":true,"href":"https:\/\/www.maag-polska.pl\/lt\/wp-json\/wp\/v2\/media\/22507"}],"wp:attachment":[{"href":"https:\/\/www.maag-polska.pl\/lt\/wp-json\/wp\/v2\/media?parent=26045"}],"wp:term":[{"taxonomy":"product_brand","embeddable":true,"href":"https:\/\/www.maag-polska.pl\/lt\/wp-json\/wp\/v2\/product_brand?post=26045"},{"taxonomy":"product_cat","embeddable":true,"href":"https:\/\/www.maag-polska.pl\/lt\/wp-json\/wp\/v2\/product_cat?post=26045"},{"taxonomy":"product_tag","embeddable":true,"href":"https:\/\/www.maag-polska.pl\/lt\/wp-json\/wp\/v2\/product_tag?post=26045"}],"curies":[{"name":"wp","href":"https:\/\/api.w.org\/{rel}","templated":true}]}}