{"id":23066,"date":"2024-11-14T23:39:31","date_gmt":"2024-11-14T23:39:31","guid":{"rendered":"https:\/\/www.maag-polska.pl\/apdaila\/"},"modified":"2025-04-08T10:39:12","modified_gmt":"2025-04-08T10:39:12","slug":"apdaila","status":"publish","type":"page","link":"https:\/\/www.maag-polska.pl\/lt\/apdaila\/","title":{"rendered":"Apdaila"},"content":{"rendered":"\t\t<div data-elementor-type=\"wp-page\" data-elementor-id=\"23066\" class=\"elementor elementor-23066 elementor-5184\" data-elementor-post-type=\"page\">\n\t\t\t\t<div class=\"elementor-element elementor-element-2ef81b8 e-flex e-con-boxed e-con e-parent\" data-id=\"2ef81b8\" data-element_type=\"container\" data-e-type=\"container\" data-settings=\"{&quot;enable_glow_container&quot;:&quot;no&quot;}\">\n\t\t\t\t\t<div class=\"e-con-inner\">\n\t\t\t\t<div class=\"elementor-element elementor-element-b344a8a elementor-widget elementor-widget-heading\" data-id=\"b344a8a\" data-element_type=\"widget\" data-e-type=\"widget\" data-widget_type=\"heading.default\">\n\t\t\t\t<div class=\"elementor-widget-container\">\n\t\t\t\t\t<h2 class=\"elementor-heading-title elementor-size-default\">Galima <br>apdaila\napvadai<\/h2>\t\t\t\t<\/div>\n\t\t\t\t<\/div>\n\t\t\t\t\t<\/div>\n\t\t\t\t<\/div>\n\t\t<div class=\"elementor-element elementor-element-985d486 e-con-full e-flex e-con e-parent\" data-id=\"985d486\" data-element_type=\"container\" data-e-type=\"container\" data-settings=\"{&quot;enable_glow_container&quot;:&quot;no&quot;}\">\n\t\t<a class=\"elementor-element elementor-element-19dd263 e-con-full e-transform e-flex e-con e-child\" data-id=\"19dd263\" data-element_type=\"container\" data-e-type=\"container\" data-settings=\"{&quot;background_background&quot;:&quot;classic&quot;,&quot;_transform_scale_effect_hover&quot;:{&quot;unit&quot;:&quot;px&quot;,&quot;size&quot;:1.01,&quot;sizes&quot;:[]},&quot;enable_glow_container&quot;:&quot;no&quot;,&quot;_transform_scale_effect_hover_tablet&quot;:{&quot;unit&quot;:&quot;px&quot;,&quot;size&quot;:&quot;&quot;,&quot;sizes&quot;:[]},&quot;_transform_scale_effect_hover_mobile&quot;:{&quot;unit&quot;:&quot;px&quot;,&quot;size&quot;:&quot;&quot;,&quot;sizes&quot;:[]}}\" href=\"https:\/\/www.maag-polska.pl\/lt\/i-mediena-panasus\/\">\n\t\t<div class=\"elementor-element elementor-element-e99e1d4 e-con-full e-flex e-con e-child\" data-id=\"e99e1d4\" data-element_type=\"container\" data-e-type=\"container\" data-settings=\"{&quot;enable_glow_container&quot;:&quot;no&quot;}\">\n\t\t\t\t<div class=\"elementor-element elementor-element-2788dc2 elementor-widget elementor-widget-text-editor\" data-id=\"2788dc2\" data-element_type=\"widget\" data-e-type=\"widget\" data-widget_type=\"text-editor.default\">\n\t\t\t\t<div class=\"elementor-widget-container\">\n\t\t\t\t\t\t\t\t\t<p>\u012e medien\u0105 pana\u0161us<\/p>\t\t\t\t\t\t\t\t<\/div>\n\t\t\t\t<\/div>\n\t\t\t\t<\/div>\n\t\t\t\t<div class=\"elementor-element elementor-element-9e94398 elementor-widget elementor-widget-image\" data-id=\"9e94398\" data-element_type=\"widget\" data-e-type=\"widget\" data-widget_type=\"image.default\">\n\t\t\t\t<div class=\"elementor-widget-container\">\n\t\t\t\t\t\t\t\t\t\t\t\t\t\t\t<img fetchpriority=\"high\" decoding=\"async\" width=\"800\" height=\"600\" src=\"https:\/\/www.maag-polska.pl\/wp-content\/uploads\/2025\/02\/drewnopodobne1.jpg\" class=\"attachment-large size-large wp-image-23072\" alt=\"\" srcset=\"https:\/\/www.maag-polska.pl\/wp-content\/uploads\/2025\/02\/drewnopodobne1.jpg 800w, https:\/\/www.maag-polska.pl\/wp-content\/uploads\/2025\/02\/drewnopodobne1-300x225.jpg 300w, https:\/\/www.maag-polska.pl\/wp-content\/uploads\/2025\/02\/drewnopodobne1-768x576.jpg 768w, https:\/\/www.maag-polska.pl\/wp-content\/uploads\/2025\/02\/drewnopodobne1-600x450.jpg 600w\" sizes=\"(max-width: 800px) 100vw, 800px\" \/>\t\t\t\t\t\t\t\t\t\t\t\t\t\t\t<\/div>\n\t\t\t\t<\/div>\n\t\t\t\t<\/a>\n\t\t<a class=\"elementor-element elementor-element-8e6b74b e-con-full e-transform e-flex e-con e-child\" data-id=\"8e6b74b\" data-element_type=\"container\" data-e-type=\"container\" data-settings=\"{&quot;background_background&quot;:&quot;classic&quot;,&quot;_transform_scale_effect_hover&quot;:{&quot;unit&quot;:&quot;px&quot;,&quot;size&quot;:1.01,&quot;sizes&quot;:[]},&quot;enable_glow_container&quot;:&quot;no&quot;,&quot;_transform_scale_effect_hover_tablet&quot;:{&quot;unit&quot;:&quot;px&quot;,&quot;size&quot;:&quot;&quot;,&quot;sizes&quot;:[]},&quot;_transform_scale_effect_hover_mobile&quot;:{&quot;unit&quot;:&quot;px&quot;,&quot;size&quot;:&quot;&quot;,&quot;sizes&quot;:[]}}\" href=\"https:\/\/www.maag-polska.pl\/lt\/blizgus\/\">\n\t\t<div class=\"elementor-element elementor-element-1d8eadb e-con-full e-flex e-con e-child\" data-id=\"1d8eadb\" data-element_type=\"container\" data-e-type=\"container\" data-settings=\"{&quot;enable_glow_container&quot;:&quot;no&quot;}\">\n\t\t\t\t<div class=\"elementor-element elementor-element-9090a18 elementor-widget elementor-widget-text-editor\" data-id=\"9090a18\" data-element_type=\"widget\" data-e-type=\"widget\" data-widget_type=\"text-editor.default\">\n\t\t\t\t<div class=\"elementor-widget-container\">\n\t\t\t\t\t\t\t\t\t<p>Blizgus\/aliuminis<\/p>\t\t\t\t\t\t\t\t<\/div>\n\t\t\t\t<\/div>\n\t\t\t\t<\/div>\n\t\t\t\t<div class=\"elementor-element elementor-element-4f7b771 elementor-widget elementor-widget-image\" data-id=\"4f7b771\" data-element_type=\"widget\" data-e-type=\"widget\" data-widget_type=\"image.default\">\n\t\t\t\t<div class=\"elementor-widget-container\">\n\t\t\t\t\t\t\t\t\t\t\t\t\t\t\t<img decoding=\"async\" width=\"800\" height=\"600\" src=\"https:\/\/www.maag-polska.pl\/wp-content\/uploads\/2025\/02\/polysk.jpg\" class=\"attachment-large size-large wp-image-23074\" alt=\"\" srcset=\"https:\/\/www.maag-polska.pl\/wp-content\/uploads\/2025\/02\/polysk.jpg 800w, https:\/\/www.maag-polska.pl\/wp-content\/uploads\/2025\/02\/polysk-300x225.jpg 300w, https:\/\/www.maag-polska.pl\/wp-content\/uploads\/2025\/02\/polysk-768x576.jpg 768w, https:\/\/www.maag-polska.pl\/wp-content\/uploads\/2025\/02\/polysk-600x450.jpg 600w\" sizes=\"(max-width: 800px) 100vw, 800px\" \/>\t\t\t\t\t\t\t\t\t\t\t\t\t\t\t<\/div>\n\t\t\t\t<\/div>\n\t\t\t\t<\/a>\n\t\t<a class=\"elementor-element elementor-element-eed6742 e-con-full e-transform e-flex e-con e-child\" data-id=\"eed6742\" data-element_type=\"container\" data-e-type=\"container\" data-settings=\"{&quot;background_background&quot;:&quot;classic&quot;,&quot;_transform_scale_effect_hover&quot;:{&quot;unit&quot;:&quot;px&quot;,&quot;size&quot;:1.01,&quot;sizes&quot;:[]},&quot;enable_glow_container&quot;:&quot;no&quot;,&quot;_transform_scale_effect_hover_tablet&quot;:{&quot;unit&quot;:&quot;px&quot;,&quot;size&quot;:&quot;&quot;,&quot;sizes&quot;:[]},&quot;_transform_scale_effect_hover_mobile&quot;:{&quot;unit&quot;:&quot;px&quot;,&quot;size&quot;:&quot;&quot;,&quot;sizes&quot;:[]}}\" href=\"https:\/\/www.maag-polska.pl\/lt\/vienspalvis\/\">\n\t\t<div class=\"elementor-element elementor-element-19d894e e-con-full e-flex e-con e-child\" data-id=\"19d894e\" data-element_type=\"container\" data-e-type=\"container\" data-settings=\"{&quot;enable_glow_container&quot;:&quot;no&quot;}\">\n\t\t\t\t<div class=\"elementor-element elementor-element-3ec0694 elementor-widget elementor-widget-text-editor\" data-id=\"3ec0694\" data-element_type=\"widget\" data-e-type=\"widget\" data-widget_type=\"text-editor.default\">\n\t\t\t\t<div class=\"elementor-widget-container\">\n\t\t\t\t\t\t\t\t\t<p>Vienspalvis<\/p>\t\t\t\t\t\t\t\t<\/div>\n\t\t\t\t<\/div>\n\t\t\t\t<\/div>\n\t\t\t\t<div class=\"elementor-element elementor-element-84e47a0 elementor-widget elementor-widget-image\" data-id=\"84e47a0\" data-element_type=\"widget\" data-e-type=\"widget\" data-widget_type=\"image.default\">\n\t\t\t\t<div class=\"elementor-widget-container\">\n\t\t\t\t\t\t\t\t\t\t\t\t\t\t\t<img decoding=\"async\" width=\"800\" height=\"600\" src=\"https:\/\/www.maag-polska.pl\/wp-content\/uploads\/2025\/02\/jedn.jpg\" class=\"attachment-large size-large wp-image-23073\" alt=\"\" srcset=\"https:\/\/www.maag-polska.pl\/wp-content\/uploads\/2025\/02\/jedn.jpg 800w, https:\/\/www.maag-polska.pl\/wp-content\/uploads\/2025\/02\/jedn-300x225.jpg 300w, https:\/\/www.maag-polska.pl\/wp-content\/uploads\/2025\/02\/jedn-768x576.jpg 768w, https:\/\/www.maag-polska.pl\/wp-content\/uploads\/2025\/02\/jedn-600x450.jpg 600w\" sizes=\"(max-width: 800px) 100vw, 800px\" \/>\t\t\t\t\t\t\t\t\t\t\t\t\t\t\t<\/div>\n\t\t\t\t<\/div>\n\t\t\t\t<\/a>\n\t\t\t\t<\/div>\n\t\t<div class=\"elementor-element elementor-element-50af532 e-con-full e-flex e-con e-parent\" data-id=\"50af532\" data-element_type=\"container\" data-e-type=\"container\" data-settings=\"{&quot;enable_glow_container&quot;:&quot;no&quot;}\">\n\t\t<div class=\"elementor-element elementor-element-e848925 e-con-full e-transform e-flex e-con e-child\" data-id=\"e848925\" data-element_type=\"container\" data-e-type=\"container\" data-settings=\"{&quot;background_background&quot;:&quot;classic&quot;,&quot;_transform_scale_effect_hover&quot;:{&quot;unit&quot;:&quot;px&quot;,&quot;size&quot;:1.01,&quot;sizes&quot;:[]},&quot;enable_glow_container&quot;:&quot;no&quot;,&quot;_transform_scale_effect_hover_tablet&quot;:{&quot;unit&quot;:&quot;px&quot;,&quot;size&quot;:&quot;&quot;,&quot;sizes&quot;:[]},&quot;_transform_scale_effect_hover_mobile&quot;:{&quot;unit&quot;:&quot;px&quot;,&quot;size&quot;:&quot;&quot;,&quot;sizes&quot;:[]}}\">\n\t\t\t\t<div class=\"elementor-element elementor-element-22b9d7f elementor-widget elementor-widget-heading\" data-id=\"22b9d7f\" data-element_type=\"widget\" data-e-type=\"widget\" data-widget_type=\"heading.default\">\n\t\t\t\t<div class=\"elementor-widget-container\">\n\t\t\t\t\t<h3 class=\"elementor-heading-title elementor-size-default\">Ie\u0161kokite tobulai tinkan\u010dio  <\/h3>\t\t\t\t<\/div>\n\t\t\t\t<\/div>\n\t\t\t\t<div class=\"elementor-element elementor-element-68c0508 elementor-widget elementor-widget-text-editor\" data-id=\"68c0508\" data-element_type=\"widget\" data-e-type=\"widget\" data-widget_type=\"text-editor.default\">\n\t\t\t\t<div class=\"elementor-widget-container\">\n\t\t\t\t\t\t\t\t\tTurite briaun\u0173 apvadus ir norite juos priderinti prie baldin\u0117s plok\u0161t\u0117s? O gal jau turite plok\u0161t\u0119 ir jums reikia jai apklijuoti kra\u0161tus?  Rinkit\u0117s i\u0161 \u0161imt\u0173 produkt\u0173.  \t\t\t\t\t\t\t\t<\/div>\n\t\t\t\t<\/div>\n\t\t<div class=\"elementor-element elementor-element-3c547a7 e-con-full e-flex e-con e-child\" data-id=\"3c547a7\" data-element_type=\"container\" data-e-type=\"container\" data-settings=\"{&quot;enable_glow_container&quot;:&quot;no&quot;}\">\n\t\t\t\t<div class=\"elementor-element elementor-element-1318f37 elementor-widget elementor-widget-button\" data-id=\"1318f37\" data-element_type=\"widget\" data-e-type=\"widget\" data-widget_type=\"button.default\">\n\t\t\t\t<div class=\"elementor-widget-container\">\n\t\t\t\t\t\t\t\t\t<div class=\"elementor-button-wrapper\">\n\t\t\t\t\t<a class=\"elementor-button elementor-button-link elementor-size-sm\" href=\"https:\/\/www.maag-polska.pl\/lt\/turiu-apvada-ir-noriu-pasirinkti-baldu-plokste\/\">\n\t\t\t\t\t\t<span class=\"elementor-button-content-wrapper\">\n\t\t\t\t\t\t\t\t\t<span class=\"elementor-button-text\">Priderinkite kra\u0161t\u0105 prie lentos<\/span>\n\t\t\t\t\t<\/span>\n\t\t\t\t\t<\/a>\n\t\t\t\t<\/div>\n\t\t\t\t\t\t\t\t<\/div>\n\t\t\t\t<\/div>\n\t\t\t\t<div class=\"elementor-element elementor-element-05ea4dd elementor-widget elementor-widget-button\" data-id=\"05ea4dd\" data-element_type=\"widget\" data-e-type=\"widget\" data-widget_type=\"button.default\">\n\t\t\t\t<div class=\"elementor-widget-container\">\n\t\t\t\t\t\t\t\t\t<div class=\"elementor-button-wrapper\">\n\t\t\t\t\t<a class=\"elementor-button elementor-button-link elementor-size-sm\" href=\"https:\/\/www.maag-polska.pl\/lt\/turiu-baldu-plokste-ir-noriu-pasirinkti-krasto-apvada\/\">\n\t\t\t\t\t\t<span class=\"elementor-button-content-wrapper\">\n\t\t\t\t\t\t\t\t\t<span class=\"elementor-button-text\">Priderinkite lent\u0105 prie kra\u0161to<\/span>\n\t\t\t\t\t<\/span>\n\t\t\t\t\t<\/a>\n\t\t\t\t<\/div>\n\t\t\t\t\t\t\t\t<\/div>\n\t\t\t\t<\/div>\n\t\t\t\t<\/div>\n\t\t\t\t<\/div>\n\t\t<div class=\"elementor-element elementor-element-3bb5759 e-con-full e-flex e-con e-child\" data-id=\"3bb5759\" data-element_type=\"container\" data-e-type=\"container\" data-settings=\"{&quot;enable_glow_container&quot;:&quot;no&quot;}\">\n\t\t<div class=\"elementor-element elementor-element-c526077 e-con-full e-transform e-flex e-con e-child\" data-id=\"c526077\" data-element_type=\"container\" data-e-type=\"container\" data-settings=\"{&quot;background_background&quot;:&quot;classic&quot;,&quot;_transform_scale_effect_hover&quot;:{&quot;unit&quot;:&quot;px&quot;,&quot;size&quot;:1.01,&quot;sizes&quot;:[]},&quot;enable_glow_container&quot;:&quot;no&quot;,&quot;_transform_scale_effect_hover_tablet&quot;:{&quot;unit&quot;:&quot;px&quot;,&quot;size&quot;:&quot;&quot;,&quot;sizes&quot;:[]},&quot;_transform_scale_effect_hover_mobile&quot;:{&quot;unit&quot;:&quot;px&quot;,&quot;size&quot;:&quot;&quot;,&quot;sizes&quot;:[]}}\">\n\t\t<div class=\"elementor-element elementor-element-d9be1db e-con-full e-flex e-con e-child\" data-id=\"d9be1db\" data-element_type=\"container\" data-e-type=\"container\" data-settings=\"{&quot;enable_glow_container&quot;:&quot;no&quot;}\">\n\t\t\t\t<div class=\"elementor-element elementor-element-1ff1691 elementor-widget elementor-widget-heading\" data-id=\"1ff1691\" data-element_type=\"widget\" data-e-type=\"widget\" data-widget_type=\"heading.default\">\n\t\t\t\t<div class=\"elementor-widget-container\">\n\t\t\t\t\t<h3 class=\"elementor-heading-title elementor-size-default\">Kokyb\u0117, kuri<br> atsiperka<\/h3>\t\t\t\t<\/div>\n\t\t\t\t<\/div>\n\t\t\t\t<div class=\"elementor-element elementor-element-e7e4f8d elementor-widget elementor-widget-text-editor\" data-id=\"e7e4f8d\" data-element_type=\"widget\" data-e-type=\"widget\" data-widget_type=\"text-editor.default\">\n\t\t\t\t<div class=\"elementor-widget-container\">\n\t\t\t\t\t\t\t\t\tM\u016bs\u0173 kainodaros politika paprasta &#8211; si\u016blome geriausias j\u016bs\u0173 poreikius atitinkan\u010dias apvad\u0173 kainas.\t\t\t\t\t\t\t\t<\/div>\n\t\t\t\t<\/div>\n\t\t\t\t<\/div>\n\t\t\t\t<\/div>\n\t\t<div class=\"elementor-element elementor-element-4c7f8d6 e-con-full e-transform e-flex e-con e-child\" data-id=\"4c7f8d6\" data-element_type=\"container\" data-e-type=\"container\" data-settings=\"{&quot;background_background&quot;:&quot;classic&quot;,&quot;_transform_scale_effect_hover&quot;:{&quot;unit&quot;:&quot;px&quot;,&quot;size&quot;:1.01,&quot;sizes&quot;:[]},&quot;enable_glow_container&quot;:&quot;no&quot;,&quot;_transform_scale_effect_hover_tablet&quot;:{&quot;unit&quot;:&quot;px&quot;,&quot;size&quot;:&quot;&quot;,&quot;sizes&quot;:[]},&quot;_transform_scale_effect_hover_mobile&quot;:{&quot;unit&quot;:&quot;px&quot;,&quot;size&quot;:&quot;&quot;,&quot;sizes&quot;:[]}}\">\n\t\t<div class=\"elementor-element elementor-element-d7253dc e-con-full e-flex e-con e-child\" data-id=\"d7253dc\" data-element_type=\"container\" data-e-type=\"container\" data-settings=\"{&quot;enable_glow_container&quot;:&quot;no&quot;}\">\n\t\t\t\t<div class=\"elementor-element elementor-element-3c3597a elementor-widget elementor-widget-heading\" data-id=\"3c3597a\" data-element_type=\"widget\" data-e-type=\"widget\" data-widget_type=\"heading.default\">\n\t\t\t\t<div class=\"elementor-widget-container\">\n\t\t\t\t\t<h3 class=\"elementor-heading-title elementor-size-default\">U\u017esisakykite \u0161iandien, <br>pasiimti rytoj  <\/h3>\t\t\t\t<\/div>\n\t\t\t\t<\/div>\n\t\t\t\t<div class=\"elementor-element elementor-element-7f1482a elementor-widget elementor-widget-text-editor\" data-id=\"7f1482a\" data-element_type=\"widget\" data-e-type=\"widget\" data-widget_type=\"text-editor.default\">\n\t\t\t\t<div class=\"elementor-widget-container\">\n\t\t\t\t\t\t\t\t\tAr u\u017esakym\u0105 pateik\u0117te iki 14 val.? I\u0161si\u0173sime j\u012f t\u0105 pa\u010di\u0105 dien\u0105.  Naudodamiesi 24 valand\u0173 paslauga, produkt\u0105 gausite kit\u0105 darbo dien\u0105.\t\t\t\t\t\t\t\t<\/div>\n\t\t\t\t<\/div>\n\t\t\t\t<\/div>\n\t\t\t\t<div class=\"elementor-element elementor-element-6b0a2fc elementor-widget__width-inherit elementor-widget elementor-widget-counter\" data-id=\"6b0a2fc\" data-element_type=\"widget\" data-e-type=\"widget\" data-widget_type=\"counter.default\">\n\t\t\t\t<div class=\"elementor-widget-container\">\n\t\t\t\t\t\t\t<div class=\"elementor-counter\">\n\t\t\t\t\t\t<div class=\"elementor-counter-number-wrapper\">\n\t\t\t\t<span class=\"elementor-counter-number-prefix\"><\/span>\n\t\t\t\t<span class=\"elementor-counter-number\" data-duration=\"4000\" data-to-value=\"24\" data-from-value=\"0\" data-delimiter=\",\">0<\/span>\n\t\t\t\t<span class=\"elementor-counter-number-suffix\">h<\/span>\n\t\t\t<\/div>\n\t\t<\/div>\n\t\t\t\t\t\t<\/div>\n\t\t\t\t<\/div>\n\t\t\t\t<\/div>\n\t\t\t\t<\/div>\n\t\t\t\t<\/div>\n\t\t<div class=\"elementor-element elementor-element-34dcdb8 e-con-full e-flex e-con e-parent\" data-id=\"34dcdb8\" data-element_type=\"container\" data-e-type=\"container\" data-settings=\"{&quot;enable_glow_container&quot;:&quot;no&quot;}\">\n\t\t<div class=\"elementor-element elementor-element-4c3589b e-con-full e-transform e-flex e-con e-child\" data-id=\"4c3589b\" data-element_type=\"container\" data-e-type=\"container\" data-settings=\"{&quot;background_background&quot;:&quot;classic&quot;,&quot;_transform_scale_effect_hover&quot;:{&quot;unit&quot;:&quot;px&quot;,&quot;size&quot;:1.01,&quot;sizes&quot;:[]},&quot;enable_glow_container&quot;:&quot;no&quot;,&quot;_transform_scale_effect_hover_tablet&quot;:{&quot;unit&quot;:&quot;px&quot;,&quot;size&quot;:&quot;&quot;,&quot;sizes&quot;:[]},&quot;_transform_scale_effect_hover_mobile&quot;:{&quot;unit&quot;:&quot;px&quot;,&quot;size&quot;:&quot;&quot;,&quot;sizes&quot;:[]}}\">\n\t\t<div class=\"elementor-element elementor-element-b17d815 e-con-full e-flex e-con e-child\" data-id=\"b17d815\" data-element_type=\"container\" data-e-type=\"container\" data-settings=\"{&quot;enable_glow_container&quot;:&quot;no&quot;}\">\n\t\t\t\t<div class=\"elementor-element elementor-element-58d342e elementor-widget elementor-widget-heading\" data-id=\"58d342e\" data-element_type=\"widget\" data-e-type=\"widget\" data-widget_type=\"heading.default\">\n\t\t\t\t<div class=\"elementor-widget-container\">\n\t\t\t\t\t<h2 class=\"elementor-heading-title elementor-size-default\">Neradote to, ko ie\u0161kojote?  <br>Papra\u0161ykite individuali\u0173 sprendim\u0173<\/h2>\t\t\t\t<\/div>\n\t\t\t\t<\/div>\n\t\t\t\t<div class=\"elementor-element elementor-element-b1123ed elementor-widget elementor-widget-text-editor\" data-id=\"b1123ed\" data-element_type=\"widget\" data-e-type=\"widget\" data-widget_type=\"text-editor.default\">\n\t\t\t\t<div class=\"elementor-widget-container\">\n\t\t\t\t\t\t\t\t\t<p>Nurodykite parametrus. Galb\u016bt <br>gal\u0117sime sukurti jums kra\u0161tin\u0119. <\/p>\t\t\t\t\t\t\t\t<\/div>\n\t\t\t\t<\/div>\n\t\t\t\t<\/div>\n\t\t\t\t<div class=\"elementor-element elementor-element-7b1fabd elementor-align-left elementor-widget elementor-widget-button\" data-id=\"7b1fabd\" data-element_type=\"widget\" data-e-type=\"widget\" data-widget_type=\"button.default\">\n\t\t\t\t<div class=\"elementor-widget-container\">\n\t\t\t\t\t\t\t\t\t<div class=\"elementor-button-wrapper\">\n\t\t\t\t\t<a class=\"elementor-button elementor-button-link elementor-size-sm\" href=\"#formularz\">\n\t\t\t\t\t\t<span class=\"elementor-button-content-wrapper\">\n\t\t\t\t\t\t\t\t\t<span class=\"elementor-button-text\">Noriu individualaus produkto  <\/span>\n\t\t\t\t\t<\/span>\n\t\t\t\t\t<\/a>\n\t\t\t\t<\/div>\n\t\t\t\t\t\t\t\t<\/div>\n\t\t\t\t<\/div>\n\t\t\t\t<\/div>\n\t\t\t\t<\/div>\n\t\t\t\t<\/div>\n\t\t","protected":false},"excerpt":{"rendered":"<p>Galima apdaila apvadai \u012e medien\u0105 pana\u0161us Blizgus\/aliuminis Vienspalvis Ie\u0161kokite tobulai tinkan\u010dio Turite briaun\u0173 apvadus ir norite juos priderinti prie baldin\u0117s plok\u0161t\u0117s? O gal jau turite plok\u0161t\u0119 ir jums reikia jai apklijuoti kra\u0161tus? Rinkit\u0117s i\u0161 \u0161imt\u0173 produkt\u0173. Priderinkite kra\u0161t\u0105 prie lentos Priderinkite lent\u0105 prie kra\u0161to Kokyb\u0117, kuri atsiperka M\u016bs\u0173 kainodaros politika paprasta &#8211; si\u016blome geriausias j\u016bs\u0173 [&hellip;]<\/p>\n","protected":false},"author":1,"featured_media":0,"parent":0,"menu_order":0,"comment_status":"closed","ping_status":"closed","template":"","meta":{"_acf_changed":false,"footnotes":""},"class_list":["post-23066","page","type-page","status-publish","hentry"],"acf":[],"_links":{"self":[{"href":"https:\/\/www.maag-polska.pl\/lt\/wp-json\/wp\/v2\/pages\/23066","targetHints":{"allow":["GET"]}}],"collection":[{"href":"https:\/\/www.maag-polska.pl\/lt\/wp-json\/wp\/v2\/pages"}],"about":[{"href":"https:\/\/www.maag-polska.pl\/lt\/wp-json\/wp\/v2\/types\/page"}],"author":[{"embeddable":true,"href":"https:\/\/www.maag-polska.pl\/lt\/wp-json\/wp\/v2\/users\/1"}],"replies":[{"embeddable":true,"href":"https:\/\/www.maag-polska.pl\/lt\/wp-json\/wp\/v2\/comments?post=23066"}],"version-history":[{"count":1,"href":"https:\/\/www.maag-polska.pl\/lt\/wp-json\/wp\/v2\/pages\/23066\/revisions"}],"predecessor-version":[{"id":23079,"href":"https:\/\/www.maag-polska.pl\/lt\/wp-json\/wp\/v2\/pages\/23066\/revisions\/23079"}],"wp:attachment":[{"href":"https:\/\/www.maag-polska.pl\/lt\/wp-json\/wp\/v2\/media?parent=23066"}],"curies":[{"name":"wp","href":"https:\/\/api.w.org\/{rel}","templated":true}]}}