{"id":22942,"date":"2024-11-14T23:39:37","date_gmt":"2024-11-14T23:39:37","guid":{"rendered":"https:\/\/www.maag-polska.pl\/blizgus\/"},"modified":"2025-04-08T10:38:56","modified_gmt":"2025-04-08T10:38:56","slug":"blizgus","status":"publish","type":"page","link":"https:\/\/www.maag-polska.pl\/lt\/blizgus\/","title":{"rendered":"Blizgus"},"content":{"rendered":"\t\t<div data-elementor-type=\"wp-page\" data-elementor-id=\"22942\" class=\"elementor elementor-22942 elementor-5189\" data-elementor-post-type=\"page\">\n\t\t\t\t<div class=\"elementor-element elementor-element-858462f e-con-full e-flex e-con e-parent\" data-id=\"858462f\" data-element_type=\"container\" data-e-type=\"container\" data-settings=\"{&quot;enable_glow_container&quot;:&quot;no&quot;}\">\n\t\t<div class=\"elementor-element elementor-element-f806b38 e-con-full e-flex e-con e-child\" data-id=\"f806b38\" data-element_type=\"container\" data-e-type=\"container\" data-settings=\"{&quot;enable_glow_container&quot;:&quot;no&quot;}\">\n\t\t\t\t<div class=\"elementor-element elementor-element-3185d27 elementor-widget elementor-widget-heading\" data-id=\"3185d27\" data-element_type=\"widget\" data-e-type=\"widget\" data-settings=\"{&quot;custom-text-animation&quot;:&quot;type3&quot;,&quot;disable_animation_on_mobile&quot;:&quot;no&quot;}\" data-widget_type=\"heading.default\">\n\t\t\t\t<div class=\"elementor-widget-container\">\n\t\t\t\t\t<div data-animation-type=\"type3\" ><h2 class=\"elementor-heading-title elementor-size-default\"><b>Galimi blizg\u016bs ir aliuminio apvadai<\/b><\/h2><\/div>\t\t\t\t<\/div>\n\t\t\t\t<\/div>\n\t\t\t\t<\/div>\n\t\t\t\t<div class=\"elementor-element elementor-element-5ee7c32 elementor-widget elementor-widget-maag-search-widget\" data-id=\"5ee7c32\" data-element_type=\"widget\" data-e-type=\"widget\" data-widget_type=\"maag-search-widget.default\">\n\t\t\t\t<div class=\"elementor-widget-container\">\n\t\t\t\t\t        <form action=\"https:\/\/www.maag-polska.pl\/lt\/blizgus\/\" class=\"maag-search-widget\" method=\"get\">\n            <input type='hidden' name='lang' value='lt' \/>            <div class=\"search-input-wrapper\">\n                <input type=\"text\" name=\"nazwa\" value=\"\"  placeholder=\"\u012eveskite kra\u0161to simbol\u012f arba pavadinim\u0105\">\n            <\/div>\n                                        <div class=\"search-select-wrapper\">\n                    <select name=\"dopasowanie\">\n                        <option value=\"\">Visos kolekcijos<\/option>\n                        <option value=\"kronospan\">Kronospan<\/option>\n                        <option value=\"pfleiderer\">Pfleiderer<\/option>\n                        <option value=\"woodeco\">Woodeco<\/option>\n                        <option value=\"swiss krono\">Swiss Krono<\/option>\n                        <option value=\"egger\">Egger<\/option>\n                        <option value=\"agt\">AGT<\/option>\n                        <option value=\"falco\">Falco<\/option>\n                        \n                    <\/select>\n                <\/div>\n            \n            <button type=\"submit\">Rasti kra\u0161t\u0105<\/button>\n        <\/form>\n        \t\t\t\t<\/div>\n\t\t\t\t<\/div>\n\t\t\t\t<\/div>\n\t\t<div class=\"elementor-element elementor-element-0f18aae e-con-full e-flex e-con e-parent\" data-id=\"0f18aae\" data-element_type=\"container\" data-e-type=\"container\" data-settings=\"{&quot;enable_glow_container&quot;:&quot;no&quot;}\">\n\t\t\t\t<div class=\"elementor-element elementor-element-fe5c744 elementor-grid-5 elementor-grid-tablet-3 elementor-grid-mobile-2 elementor-widget elementor-widget-loop-grid\" data-id=\"fe5c744\" data-element_type=\"widget\" data-e-type=\"widget\" data-settings=\"{&quot;template_id&quot;:23141,&quot;columns&quot;:5,&quot;columns_tablet&quot;:3,&quot;columns_mobile&quot;:2,&quot;row_gap_tablet&quot;:{&quot;unit&quot;:&quot;rem&quot;,&quot;size&quot;:1,&quot;sizes&quot;:[]},&quot;row_gap_mobile&quot;:{&quot;unit&quot;:&quot;rem&quot;,&quot;size&quot;:&quot;&quot;,&quot;sizes&quot;:[]},&quot;_skin&quot;:&quot;post&quot;,&quot;edit_handle_selector&quot;:&quot;[data-elementor-type=\\&quot;loop-item\\&quot;]&quot;,&quot;row_gap&quot;:{&quot;unit&quot;:&quot;px&quot;,&quot;size&quot;:&quot;&quot;,&quot;sizes&quot;:[]}}\" data-widget_type=\"loop-grid.post\">\n\t\t\t\t<div class=\"elementor-widget-container\">\n\t\t\t\t\t\t\t<div class=\"e-loop-nothing-found-message\">\n\t\t<\/div>\n\t\t\t\t\t\t<\/div>\n\t\t\t\t<\/div>\n\t\t\t\t<\/div>\n\t\t<div class=\"elementor-element elementor-element-0565914 e-con-full e-flex e-con e-parent\" data-id=\"0565914\" data-element_type=\"container\" data-e-type=\"container\" data-settings=\"{&quot;enable_glow_container&quot;:&quot;no&quot;}\">\n\t\t<div class=\"elementor-element elementor-element-7304734 e-con-full e-transform e-flex e-con e-child\" data-id=\"7304734\" data-element_type=\"container\" data-e-type=\"container\" data-settings=\"{&quot;background_background&quot;:&quot;classic&quot;,&quot;_transform_scale_effect_hover&quot;:{&quot;unit&quot;:&quot;px&quot;,&quot;size&quot;:1.01,&quot;sizes&quot;:[]},&quot;enable_glow_container&quot;:&quot;no&quot;,&quot;_transform_scale_effect_hover_tablet&quot;:{&quot;unit&quot;:&quot;px&quot;,&quot;size&quot;:&quot;&quot;,&quot;sizes&quot;:[]},&quot;_transform_scale_effect_hover_mobile&quot;:{&quot;unit&quot;:&quot;px&quot;,&quot;size&quot;:&quot;&quot;,&quot;sizes&quot;:[]}}\">\n\t\t\t\t<div class=\"elementor-element elementor-element-d22199a elementor-widget elementor-widget-heading\" data-id=\"d22199a\" data-element_type=\"widget\" data-e-type=\"widget\" data-widget_type=\"heading.default\">\n\t\t\t\t<div class=\"elementor-widget-container\">\n\t\t\t\t\t<h3 class=\"elementor-heading-title elementor-size-default\">Ie\u0161kokite tobulai tinkan\u010dio  <\/h3>\t\t\t\t<\/div>\n\t\t\t\t<\/div>\n\t\t\t\t<div class=\"elementor-element elementor-element-f95e8f3 elementor-widget elementor-widget-text-editor\" data-id=\"f95e8f3\" data-element_type=\"widget\" data-e-type=\"widget\" data-widget_type=\"text-editor.default\">\n\t\t\t\t<div class=\"elementor-widget-container\">\n\t\t\t\t\t\t\t\t\tTurite briaun\u0173 apvadus ir norite juos priderinti prie baldin\u0117s plok\u0161t\u0117s? O gal jau turite plok\u0161t\u0119 ir jums reikia jai apklijuoti kra\u0161tus?  Rinkit\u0117s i\u0161 \u0161imt\u0173 produkt\u0173.  \t\t\t\t\t\t\t\t<\/div>\n\t\t\t\t<\/div>\n\t\t<div class=\"elementor-element elementor-element-54c30d4 e-con-full e-flex e-con e-child\" data-id=\"54c30d4\" data-element_type=\"container\" data-e-type=\"container\" data-settings=\"{&quot;enable_glow_container&quot;:&quot;no&quot;}\">\n\t\t\t\t<div class=\"elementor-element elementor-element-f613102 elementor-widget elementor-widget-button\" data-id=\"f613102\" data-element_type=\"widget\" data-e-type=\"widget\" data-widget_type=\"button.default\">\n\t\t\t\t<div class=\"elementor-widget-container\">\n\t\t\t\t\t\t\t\t\t<div class=\"elementor-button-wrapper\">\n\t\t\t\t\t<a class=\"elementor-button elementor-button-link elementor-size-sm\" href=\"https:\/\/www.maag-polska.pl\/mam-obrzeze-i-chce-dobrac-plyte-meblowa\/\">\n\t\t\t\t\t\t<span class=\"elementor-button-content-wrapper\">\n\t\t\t\t\t\t\t\t\t<span class=\"elementor-button-text\">Priderinkite kra\u0161t\u0105 prie lentos<\/span>\n\t\t\t\t\t<\/span>\n\t\t\t\t\t<\/a>\n\t\t\t\t<\/div>\n\t\t\t\t\t\t\t\t<\/div>\n\t\t\t\t<\/div>\n\t\t\t\t<div class=\"elementor-element elementor-element-ea33b19 elementor-widget elementor-widget-button\" data-id=\"ea33b19\" data-element_type=\"widget\" data-e-type=\"widget\" data-widget_type=\"button.default\">\n\t\t\t\t<div class=\"elementor-widget-container\">\n\t\t\t\t\t\t\t\t\t<div class=\"elementor-button-wrapper\">\n\t\t\t\t\t<a class=\"elementor-button elementor-button-link elementor-size-sm\" href=\"https:\/\/www.maag-polska.pl\/lt\/turiu-baldu-plokste-ir-noriu-pasirinkti-krasto-apvada\/\">\n\t\t\t\t\t\t<span class=\"elementor-button-content-wrapper\">\n\t\t\t\t\t\t\t\t\t<span class=\"elementor-button-text\">Priderinkite lent\u0105 prie kra\u0161to<\/span>\n\t\t\t\t\t<\/span>\n\t\t\t\t\t<\/a>\n\t\t\t\t<\/div>\n\t\t\t\t\t\t\t\t<\/div>\n\t\t\t\t<\/div>\n\t\t\t\t<\/div>\n\t\t\t\t<\/div>\n\t\t<div class=\"elementor-element elementor-element-0329569 e-con-full e-flex e-con e-child\" data-id=\"0329569\" data-element_type=\"container\" data-e-type=\"container\" data-settings=\"{&quot;enable_glow_container&quot;:&quot;no&quot;}\">\n\t\t<div class=\"elementor-element elementor-element-4f89e7d e-con-full e-transform e-flex e-con e-child\" data-id=\"4f89e7d\" data-element_type=\"container\" data-e-type=\"container\" data-settings=\"{&quot;background_background&quot;:&quot;classic&quot;,&quot;_transform_scale_effect_hover&quot;:{&quot;unit&quot;:&quot;px&quot;,&quot;size&quot;:1.01,&quot;sizes&quot;:[]},&quot;enable_glow_container&quot;:&quot;no&quot;,&quot;_transform_scale_effect_hover_tablet&quot;:{&quot;unit&quot;:&quot;px&quot;,&quot;size&quot;:&quot;&quot;,&quot;sizes&quot;:[]},&quot;_transform_scale_effect_hover_mobile&quot;:{&quot;unit&quot;:&quot;px&quot;,&quot;size&quot;:&quot;&quot;,&quot;sizes&quot;:[]}}\">\n\t\t<div class=\"elementor-element elementor-element-08406d6 e-con-full e-flex e-con e-child\" data-id=\"08406d6\" data-element_type=\"container\" data-e-type=\"container\" data-settings=\"{&quot;enable_glow_container&quot;:&quot;no&quot;}\">\n\t\t\t\t<div class=\"elementor-element elementor-element-a9a771d elementor-widget elementor-widget-heading\" data-id=\"a9a771d\" data-element_type=\"widget\" data-e-type=\"widget\" data-widget_type=\"heading.default\">\n\t\t\t\t<div class=\"elementor-widget-container\">\n\t\t\t\t\t<h3 class=\"elementor-heading-title elementor-size-default\">Kokyb\u0117, kuri<br> atsiperka<\/h3>\t\t\t\t<\/div>\n\t\t\t\t<\/div>\n\t\t\t\t<div class=\"elementor-element elementor-element-56e0dc7 elementor-widget elementor-widget-text-editor\" data-id=\"56e0dc7\" data-element_type=\"widget\" data-e-type=\"widget\" data-widget_type=\"text-editor.default\">\n\t\t\t\t<div class=\"elementor-widget-container\">\n\t\t\t\t\t\t\t\t\tM\u016bs\u0173 kainodaros politika paprasta &#8211; si\u016blome geriausias j\u016bs\u0173 poreikius atitinkan\u010dias apvad\u0173 kainas.\t\t\t\t\t\t\t\t<\/div>\n\t\t\t\t<\/div>\n\t\t\t\t<\/div>\n\t\t\t\t<\/div>\n\t\t<div class=\"elementor-element elementor-element-7c96544 e-con-full e-transform e-flex e-con e-child\" data-id=\"7c96544\" data-element_type=\"container\" data-e-type=\"container\" data-settings=\"{&quot;background_background&quot;:&quot;classic&quot;,&quot;_transform_scale_effect_hover&quot;:{&quot;unit&quot;:&quot;px&quot;,&quot;size&quot;:1.01,&quot;sizes&quot;:[]},&quot;enable_glow_container&quot;:&quot;no&quot;,&quot;_transform_scale_effect_hover_tablet&quot;:{&quot;unit&quot;:&quot;px&quot;,&quot;size&quot;:&quot;&quot;,&quot;sizes&quot;:[]},&quot;_transform_scale_effect_hover_mobile&quot;:{&quot;unit&quot;:&quot;px&quot;,&quot;size&quot;:&quot;&quot;,&quot;sizes&quot;:[]}}\">\n\t\t<div class=\"elementor-element elementor-element-f2449d7 e-con-full e-flex e-con e-child\" data-id=\"f2449d7\" data-element_type=\"container\" data-e-type=\"container\" data-settings=\"{&quot;enable_glow_container&quot;:&quot;no&quot;}\">\n\t\t\t\t<div class=\"elementor-element elementor-element-5478fe3 elementor-widget elementor-widget-heading\" data-id=\"5478fe3\" data-element_type=\"widget\" data-e-type=\"widget\" data-widget_type=\"heading.default\">\n\t\t\t\t<div class=\"elementor-widget-container\">\n\t\t\t\t\t<h3 class=\"elementor-heading-title elementor-size-default\">U\u017esisakykite \u0161iandien, <br>pasiimti rytoj  <\/h3>\t\t\t\t<\/div>\n\t\t\t\t<\/div>\n\t\t\t\t<div class=\"elementor-element elementor-element-1fca474 elementor-widget elementor-widget-text-editor\" data-id=\"1fca474\" data-element_type=\"widget\" data-e-type=\"widget\" data-widget_type=\"text-editor.default\">\n\t\t\t\t<div class=\"elementor-widget-container\">\n\t\t\t\t\t\t\t\t\tAr u\u017esakym\u0105 pateik\u0117te iki 14 val.? Mes j\u012f i\u0161si\u0173sime t\u0105 pa\u010di\u0105 dien\u0105. Naudodamiesi m\u016bs\u0173 24 val. paslaugomis, gamin\u012f gausite kit\u0105 darbo dien\u0105.  \t\t\t\t\t\t\t\t<\/div>\n\t\t\t\t<\/div>\n\t\t\t\t<\/div>\n\t\t\t\t<div class=\"elementor-element elementor-element-f05ae49 elementor-widget__width-inherit elementor-widget elementor-widget-counter\" data-id=\"f05ae49\" data-element_type=\"widget\" data-e-type=\"widget\" data-widget_type=\"counter.default\">\n\t\t\t\t<div class=\"elementor-widget-container\">\n\t\t\t\t\t\t\t<div class=\"elementor-counter\">\n\t\t\t\t\t\t<div class=\"elementor-counter-number-wrapper\">\n\t\t\t\t<span class=\"elementor-counter-number-prefix\"><\/span>\n\t\t\t\t<span class=\"elementor-counter-number\" data-duration=\"4000\" data-to-value=\"24\" data-from-value=\"0\" data-delimiter=\",\">0<\/span>\n\t\t\t\t<span class=\"elementor-counter-number-suffix\">h<\/span>\n\t\t\t<\/div>\n\t\t<\/div>\n\t\t\t\t\t\t<\/div>\n\t\t\t\t<\/div>\n\t\t\t\t<\/div>\n\t\t\t\t<\/div>\n\t\t\t\t<\/div>\n\t\t<div class=\"elementor-element elementor-element-fc284af e-con-full e-flex e-con e-parent\" data-id=\"fc284af\" data-element_type=\"container\" data-e-type=\"container\" data-settings=\"{&quot;enable_glow_container&quot;:&quot;no&quot;}\">\n\t\t<div class=\"elementor-element elementor-element-b26ef27 e-con-full e-transform e-flex e-con e-child\" data-id=\"b26ef27\" data-element_type=\"container\" data-e-type=\"container\" data-settings=\"{&quot;background_background&quot;:&quot;classic&quot;,&quot;_transform_scale_effect_hover&quot;:{&quot;unit&quot;:&quot;px&quot;,&quot;size&quot;:1.01,&quot;sizes&quot;:[]},&quot;enable_glow_container&quot;:&quot;no&quot;,&quot;_transform_scale_effect_hover_tablet&quot;:{&quot;unit&quot;:&quot;px&quot;,&quot;size&quot;:&quot;&quot;,&quot;sizes&quot;:[]},&quot;_transform_scale_effect_hover_mobile&quot;:{&quot;unit&quot;:&quot;px&quot;,&quot;size&quot;:&quot;&quot;,&quot;sizes&quot;:[]}}\">\n\t\t<div class=\"elementor-element elementor-element-3959a4e e-con-full e-flex e-con e-child\" data-id=\"3959a4e\" data-element_type=\"container\" data-e-type=\"container\" data-settings=\"{&quot;enable_glow_container&quot;:&quot;no&quot;}\">\n\t\t\t\t<div class=\"elementor-element elementor-element-512b61b elementor-widget elementor-widget-heading\" data-id=\"512b61b\" data-element_type=\"widget\" data-e-type=\"widget\" data-widget_type=\"heading.default\">\n\t\t\t\t<div class=\"elementor-widget-container\">\n\t\t\t\t\t<h2 class=\"elementor-heading-title elementor-size-default\">Neradote to, ko ie\u0161kojote?  <br>Papra\u0161ykite individuali\u0173 sprendim\u0173<\/h2>\t\t\t\t<\/div>\n\t\t\t\t<\/div>\n\t\t\t\t<div class=\"elementor-element elementor-element-c7a0c95 elementor-widget elementor-widget-text-editor\" data-id=\"c7a0c95\" data-element_type=\"widget\" data-e-type=\"widget\" data-widget_type=\"text-editor.default\">\n\t\t\t\t<div class=\"elementor-widget-container\">\n\t\t\t\t\t\t\t\t\t<p>Nurodykite parametrus. Galb\u016bt <br>gal\u0117sime sukurti jums kra\u0161tin\u0119. <\/p>\t\t\t\t\t\t\t\t<\/div>\n\t\t\t\t<\/div>\n\t\t\t\t<\/div>\n\t\t\t\t<div class=\"elementor-element elementor-element-7664d7c elementor-align-left elementor-widget elementor-widget-button\" data-id=\"7664d7c\" data-element_type=\"widget\" data-e-type=\"widget\" data-widget_type=\"button.default\">\n\t\t\t\t<div class=\"elementor-widget-container\">\n\t\t\t\t\t\t\t\t\t<div class=\"elementor-button-wrapper\">\n\t\t\t\t\t<a class=\"elementor-button elementor-button-link elementor-size-sm\" href=\"#formularz\">\n\t\t\t\t\t\t<span class=\"elementor-button-content-wrapper\">\n\t\t\t\t\t\t\t\t\t<span class=\"elementor-button-text\">Noriu individualaus produkto  <\/span>\n\t\t\t\t\t<\/span>\n\t\t\t\t\t<\/a>\n\t\t\t\t<\/div>\n\t\t\t\t\t\t\t\t<\/div>\n\t\t\t\t<\/div>\n\t\t\t\t<\/div>\n\t\t\t\t<\/div>\n\t\t\t\t<\/div>\n\t\t","protected":false},"excerpt":{"rendered":"<p>Galimi blizg\u016bs ir aliuminio apvadai Wszystkie kolekcjeKronospanPfleidererWoodecoSwiss KronoEggerAGTFalco Znajd\u017a obrze\u017ce Ie\u0161kokite tobulai tinkan\u010dio Turite briaun\u0173 apvadus ir norite juos priderinti prie baldin\u0117s plok\u0161t\u0117s? O gal jau turite plok\u0161t\u0119 ir jums reikia jai apklijuoti kra\u0161tus? Rinkit\u0117s i\u0161 \u0161imt\u0173 produkt\u0173. Priderinkite kra\u0161t\u0105 prie lentos Priderinkite lent\u0105 prie kra\u0161to Kokyb\u0117, kuri atsiperka M\u016bs\u0173 kainodaros politika paprasta &#8211; si\u016blome [&hellip;]<\/p>\n","protected":false},"author":1,"featured_media":0,"parent":0,"menu_order":0,"comment_status":"closed","ping_status":"closed","template":"","meta":{"_acf_changed":false,"footnotes":""},"class_list":["post-22942","page","type-page","status-publish","hentry"],"acf":[],"_links":{"self":[{"href":"https:\/\/www.maag-polska.pl\/lt\/wp-json\/wp\/v2\/pages\/22942","targetHints":{"allow":["GET"]}}],"collection":[{"href":"https:\/\/www.maag-polska.pl\/lt\/wp-json\/wp\/v2\/pages"}],"about":[{"href":"https:\/\/www.maag-polska.pl\/lt\/wp-json\/wp\/v2\/types\/page"}],"author":[{"embeddable":true,"href":"https:\/\/www.maag-polska.pl\/lt\/wp-json\/wp\/v2\/users\/1"}],"replies":[{"embeddable":true,"href":"https:\/\/www.maag-polska.pl\/lt\/wp-json\/wp\/v2\/comments?post=22942"}],"version-history":[{"count":1,"href":"https:\/\/www.maag-polska.pl\/lt\/wp-json\/wp\/v2\/pages\/22942\/revisions"}],"predecessor-version":[{"id":22943,"href":"https:\/\/www.maag-polska.pl\/lt\/wp-json\/wp\/v2\/pages\/22942\/revisions\/22943"}],"wp:attachment":[{"href":"https:\/\/www.maag-polska.pl\/lt\/wp-json\/wp\/v2\/media?parent=22942"}],"curies":[{"name":"wp","href":"https:\/\/api.w.org\/{rel}","templated":true}]}}