{"id":25334,"date":"2025-09-01T08:33:22","date_gmt":"2025-09-01T08:33:22","guid":{"rendered":"https:\/\/www.maag-polska.pl\/obrzeza-meblowe\/d8-10-walnut-baltimore\/"},"modified":"2025-09-01T09:00:49","modified_gmt":"2025-09-01T09:00:49","slug":"d8-10-walnut-baltimore","status":"publish","type":"product","link":"https:\/\/www.maag-polska.pl\/fr\/obrzeza-meblowe\/d8-10-walnut-baltimore\/","title":{"rendered":"Bords de meubles D8\/10 WALNUT BALTIMORE"},"content":{"rendered":"<div>\n<p>Cette bande de chant PVC en finition Baltimore Orzech (Noyer) se distingue par son \u00e9paisseur calibr\u00e9e de 0,8\/1,0 mm, garantissant une application pr\u00e9cise sur les bordures de meubles. Fabriqu\u00e9e en PVC pur de haute qualit\u00e9, elle offre une excellente r\u00e9sistance aux UV et une stabilit\u00e9 dimensionnelle optimale. Sa structure mol\u00e9culaire densifi\u00e9e assure une durabilit\u00e9 exceptionnelle avec une r\u00e9sistance \u00e0 l&rsquo;abrasion de 0,8N\/mm\u00b2 et une tol\u00e9rance dimensionnelle de \u00b10,05 mm. Le traitement de surface sp\u00e9cial permet une adh\u00e9sion renforc\u00e9e tout en maintenant une flexibilit\u00e9 id\u00e9ale pour les applications courbes.<\/p>\n<p>Particuli\u00e8rement adapt\u00e9e aux environnements professionnels exigeants, cette bordure de meuble s&rsquo;int\u00e8gre parfaitement dans la fabrication de mobilier de bureau haut de gamme et d&rsquo;agencements commerciaux. Les mat\u00e9riaux pour menuiserie de cette qualit\u00e9 trouvent leur place dans la production de meubles de cuisine, de salles de bain et de rangements sur mesure. Sa facilit\u00e9 de d\u00e9coupe et sa perte minimale \u00e0 la coupe en font un choix \u00e9conomique pour les fabricants de mobilier industriel et les ateliers d&rsquo;\u00e9b\u00e9nisterie artisanale. La stabilit\u00e9 des couleurs et la r\u00e9sistance aux UV permettent son utilisation dans des espaces fortement expos\u00e9s \u00e0 la lumi\u00e8re naturelle.<\/p>\n<\/div>\n","protected":false},"excerpt":{"rendered":"<p>22&#215;0,6; 22&#215;1; 22&#215;2; 35&#215;1*; 42&#215;2<\/p>\n","protected":false},"featured_media":13709,"comment_status":"closed","ping_status":"open","template":"","meta":{"_acf_changed":false},"product_brand":[],"product_cat":[455],"product_tag":[],"class_list":{"0":"post-25334","1":"product","2":"type-product","3":"status-publish","4":"has-post-thumbnail","6":"product_cat-bords-de-meubles","8":"first","9":"instock","10":"product-type-simple"},"acf":[],"_links":{"self":[{"href":"https:\/\/www.maag-polska.pl\/fr\/wp-json\/wp\/v2\/product\/25334","targetHints":{"allow":["GET"]}}],"collection":[{"href":"https:\/\/www.maag-polska.pl\/fr\/wp-json\/wp\/v2\/product"}],"about":[{"href":"https:\/\/www.maag-polska.pl\/fr\/wp-json\/wp\/v2\/types\/product"}],"replies":[{"embeddable":true,"href":"https:\/\/www.maag-polska.pl\/fr\/wp-json\/wp\/v2\/comments?post=25334"}],"wp:featuredmedia":[{"embeddable":true,"href":"https:\/\/www.maag-polska.pl\/fr\/wp-json\/wp\/v2\/media\/13709"}],"wp:attachment":[{"href":"https:\/\/www.maag-polska.pl\/fr\/wp-json\/wp\/v2\/media?parent=25334"}],"wp:term":[{"taxonomy":"product_brand","embeddable":true,"href":"https:\/\/www.maag-polska.pl\/fr\/wp-json\/wp\/v2\/product_brand?post=25334"},{"taxonomy":"product_cat","embeddable":true,"href":"https:\/\/www.maag-polska.pl\/fr\/wp-json\/wp\/v2\/product_cat?post=25334"},{"taxonomy":"product_tag","embeddable":true,"href":"https:\/\/www.maag-polska.pl\/fr\/wp-json\/wp\/v2\/product_tag?post=25334"}],"curies":[{"name":"wp","href":"https:\/\/api.w.org\/{rel}","templated":true}]}}