{"id":25324,"date":"2025-09-01T08:33:10","date_gmt":"2025-09-01T08:33:10","guid":{"rendered":"https:\/\/www.maag-polska.pl\/obrzeza-meblowe\/d54-7-cloud-granada\/"},"modified":"2025-09-01T09:00:38","modified_gmt":"2025-09-01T09:00:38","slug":"d54-7-cloud-granada","status":"publish","type":"product","link":"https:\/\/www.maag-polska.pl\/fr\/obrzeza-meblowe\/d54-7-cloud-granada\/","title":{"rendered":"Bords de meubles D54\/7 CLOUD GRANADA"},"content":{"rendered":"<div>\n<p>La bande de chant Granada Niebia\u0144ska D54\/7 s\u00e9duit par sa teinte bleu c\u00e9leste subtilement nuanc\u00e9e, \u00e9voquant la s\u00e9r\u00e9nit\u00e9 d&rsquo;un ciel d&rsquo;\u00e9t\u00e9. Cette bordure de meuble en PVC pur capture parfaitement les reflets et la profondeur caract\u00e9ristiques de la finition Kronospan K692 PN, cr\u00e9ant une harmonie visuelle parfaite avec les panneaux assortis. Sa surface finement textur\u00e9e offre un rendu tactile agr\u00e9able tout en maintenant une excellente stabilit\u00e9 des couleurs gr\u00e2ce \u00e0 son traitement anti-UV int\u00e9gr\u00e9.<\/p>\n<p>Sp\u00e9cialement con\u00e7ue pour les mat\u00e9riaux de menuiserie contemporains, cette bande de chant PVC s&rsquo;adapte id\u00e9alement aux meubles de cuisine, salles de bain et mobilier de bureau. Sa composition en PVC pur garantit une d\u00e9coupe nette et pr\u00e9cise avec une perte minimale de mat\u00e9riau. La r\u00e9sistance exceptionnelle aux rayures et aux variations de temp\u00e9rature en fait un choix judicieux pour les surfaces fr\u00e9quemment utilis\u00e9es. Son adh\u00e9sion optimale et sa flexibilit\u00e9 permettent une application ais\u00e9e sur les formes droites comme courbes, assurant une finition impeccable pour chaque projet d&rsquo;ameublement.<\/p>\n<\/div>\n","protected":false},"excerpt":{"rendered":"<p>22&#215;0,6; 22&#215;0,8; 22&#215;1; 22&#215;2; 35&#215;1*; 42&#215;0,8; 42&#215;2<\/p>\n","protected":false},"featured_media":13679,"comment_status":"closed","ping_status":"open","template":"","meta":{"_acf_changed":false},"product_brand":[],"product_cat":[455],"product_tag":[],"class_list":{"0":"post-25324","1":"product","2":"type-product","3":"status-publish","4":"has-post-thumbnail","6":"product_cat-bords-de-meubles","8":"first","9":"instock","10":"product-type-simple"},"acf":[],"_links":{"self":[{"href":"https:\/\/www.maag-polska.pl\/fr\/wp-json\/wp\/v2\/product\/25324","targetHints":{"allow":["GET"]}}],"collection":[{"href":"https:\/\/www.maag-polska.pl\/fr\/wp-json\/wp\/v2\/product"}],"about":[{"href":"https:\/\/www.maag-polska.pl\/fr\/wp-json\/wp\/v2\/types\/product"}],"replies":[{"embeddable":true,"href":"https:\/\/www.maag-polska.pl\/fr\/wp-json\/wp\/v2\/comments?post=25324"}],"wp:featuredmedia":[{"embeddable":true,"href":"https:\/\/www.maag-polska.pl\/fr\/wp-json\/wp\/v2\/media\/13679"}],"wp:attachment":[{"href":"https:\/\/www.maag-polska.pl\/fr\/wp-json\/wp\/v2\/media?parent=25324"}],"wp:term":[{"taxonomy":"product_brand","embeddable":true,"href":"https:\/\/www.maag-polska.pl\/fr\/wp-json\/wp\/v2\/product_brand?post=25324"},{"taxonomy":"product_cat","embeddable":true,"href":"https:\/\/www.maag-polska.pl\/fr\/wp-json\/wp\/v2\/product_cat?post=25324"},{"taxonomy":"product_tag","embeddable":true,"href":"https:\/\/www.maag-polska.pl\/fr\/wp-json\/wp\/v2\/product_tag?post=25324"}],"curies":[{"name":"wp","href":"https:\/\/api.w.org\/{rel}","templated":true}]}}