{"id":25295,"date":"2025-09-01T08:32:29","date_gmt":"2025-09-01T08:32:29","guid":{"rendered":"https:\/\/www.maag-polska.pl\/obrzeza-meblowe\/d4-74-american-oak-mat\/"},"modified":"2025-09-01T09:00:08","modified_gmt":"2025-09-01T09:00:08","slug":"d4-74-american-oak-mat","status":"publish","type":"product","link":"https:\/\/www.maag-polska.pl\/fr\/obrzeza-meblowe\/d4-74-american-oak-mat\/","title":{"rendered":"Bords de meubles D4\/74 AMERICAN OAK MAT"},"content":{"rendered":"<div>\n<p>La bande de chant D4\/74 D\u0104B AMERYKA\u0143SKI MAT se distingue par sa composition en PVC pur de haute qualit\u00e9, garantissant une r\u00e9sistance optimale aux UV et une stabilit\u00e9 dimensionnelle exceptionnelle. Cette bordure de meuble de 2 mm d&rsquo;\u00e9paisseur offre une finition mate authentique, reproduisant fid\u00e8lement les nuances du ch\u00eane am\u00e9ricain. Sa structure mol\u00e9culaire densifi\u00e9e assure une r\u00e9sistance accrue aux impacts et \u00e0 l&rsquo;usure quotidienne, avec une duret\u00e9 Shore D de 82 \u00b13. Le traitement de surface sp\u00e9cial permet une d\u00e9coupe nette et pr\u00e9cise, minimisant les pertes lors de l&rsquo;application.<\/p>\n<p>Particuli\u00e8rement adapt\u00e9e aux environnements professionnels exigeants, cette bande de chant PVC excelle dans l&rsquo;agencement de bureaux haut de gamme et le mobilier commercial. Les menuisiers et fabricants de meubles appr\u00e9cieront sa compatibilit\u00e9 avec les syst\u00e8mes d&rsquo;application automatis\u00e9s et manuels. Id\u00e9ale pour les surfaces verticales et horizontales soumises \u00e0 une forte exposition lumineuse, comme les fa\u00e7ades de meubles de cuisine, les biblioth\u00e8ques et le mobilier de commerce. Sa finition mate r\u00e9duit les reflets et s&rsquo;harmonise parfaitement avec les panneaux Pfleiderer R20119 LN et Woodeco PD3012, offrant une continuit\u00e9 esth\u00e9tique impeccable.<\/p>\n<\/div>\n","protected":false},"excerpt":{"rendered":"<p>22&#215;0,6; 22&#215;1; 22&#215;2; 28&#215;2*; 32&#215;2*; 35&#215;1*; 42&#215;2<\/p>\n","protected":false},"featured_media":13607,"comment_status":"closed","ping_status":"open","template":"","meta":{"_acf_changed":false},"product_brand":[],"product_cat":[455],"product_tag":[],"class_list":{"0":"post-25295","1":"product","2":"type-product","3":"status-publish","4":"has-post-thumbnail","6":"product_cat-bords-de-meubles","8":"first","9":"instock","10":"product-type-simple"},"acf":[],"_links":{"self":[{"href":"https:\/\/www.maag-polska.pl\/fr\/wp-json\/wp\/v2\/product\/25295","targetHints":{"allow":["GET"]}}],"collection":[{"href":"https:\/\/www.maag-polska.pl\/fr\/wp-json\/wp\/v2\/product"}],"about":[{"href":"https:\/\/www.maag-polska.pl\/fr\/wp-json\/wp\/v2\/types\/product"}],"replies":[{"embeddable":true,"href":"https:\/\/www.maag-polska.pl\/fr\/wp-json\/wp\/v2\/comments?post=25295"}],"wp:featuredmedia":[{"embeddable":true,"href":"https:\/\/www.maag-polska.pl\/fr\/wp-json\/wp\/v2\/media\/13607"}],"wp:attachment":[{"href":"https:\/\/www.maag-polska.pl\/fr\/wp-json\/wp\/v2\/media?parent=25295"}],"wp:term":[{"taxonomy":"product_brand","embeddable":true,"href":"https:\/\/www.maag-polska.pl\/fr\/wp-json\/wp\/v2\/product_brand?post=25295"},{"taxonomy":"product_cat","embeddable":true,"href":"https:\/\/www.maag-polska.pl\/fr\/wp-json\/wp\/v2\/product_cat?post=25295"},{"taxonomy":"product_tag","embeddable":true,"href":"https:\/\/www.maag-polska.pl\/fr\/wp-json\/wp\/v2\/product_tag?post=25295"}],"curies":[{"name":"wp","href":"https:\/\/api.w.org\/{rel}","templated":true}]}}