{"id":25271,"date":"2025-09-01T08:32:10","date_gmt":"2025-09-01T08:32:10","guid":{"rendered":"https:\/\/www.maag-polska.pl\/obrzeza-meblowe\/d4-49-burbon-oak\/"},"modified":"2025-09-01T08:59:44","modified_gmt":"2025-09-01T08:59:44","slug":"d4-49-burbon-oak","status":"publish","type":"product","link":"https:\/\/www.maag-polska.pl\/fr\/obrzeza-meblowe\/d4-49-burbon-oak\/","title":{"rendered":"Bords de meubles D4\/49 BURBON OAK"},"content":{"rendered":"<div>\n<p>La bande de chant PVC D4\/49 D\u0104B BURBON, parfaitement assortie au d\u00e9cor Kronospan K082 PW, se distingue par sa composition en PVC pur de haute qualit\u00e9. Cette bordure de meuble de 2 mm d&rsquo;\u00e9paisseur offre une r\u00e9sistance exceptionnelle aux UV et une stabilit\u00e9 dimensionnelle optimale. Sa structure mol\u00e9culaire densifi\u00e9e assure une adh\u00e9rence sup\u00e9rieure et une r\u00e9sistance accrue aux impacts. Le traitement de surface sp\u00e9cial garantit une protection durable contre les rayures et l&rsquo;usure quotidienne, avec une stabilit\u00e9 des couleurs test\u00e9e sur plus de 1000 heures d&rsquo;exposition.<\/p>\n<p>Particuli\u00e8rement adapt\u00e9e aux environnements exigeants, cette bande de chant s&rsquo;int\u00e8gre id\u00e9alement dans les projets d&rsquo;agencement de bureaux professionnels et de mobilier r\u00e9sidentiel haut de gamme. Les menuisiers et fabricants de meubles appr\u00e9cieront sa facilit\u00e9 de d\u00e9coupe et sa compatibilit\u00e9 avec les syst\u00e8mes de placage automatis\u00e9s. La finition authentique ch\u00eane bourbon convient parfaitement aux meubles de rangement, aux fa\u00e7ades de cuisine et aux am\u00e9nagements commerciaux n\u00e9cessitant une esth\u00e9tique chaleureuse alli\u00e9e \u00e0 une durabilit\u00e9 professionnelle. Son profil technique optimis\u00e9 minimise les pertes lors de la transformation.<\/p>\n<\/div>\n","protected":false},"excerpt":{"rendered":"<p>22&#215;0,6; 22&#215;0,8; 22&#215;1; 22&#215;2; 28&#215;2*; 32&#215;2*; 35&#215;1*;42&#215;2<\/p>\n","protected":false},"featured_media":13535,"comment_status":"closed","ping_status":"open","template":"","meta":{"_acf_changed":false},"product_brand":[],"product_cat":[455],"product_tag":[],"class_list":{"0":"post-25271","1":"product","2":"type-product","3":"status-publish","4":"has-post-thumbnail","6":"product_cat-bords-de-meubles","8":"first","9":"instock","10":"product-type-simple"},"acf":[],"_links":{"self":[{"href":"https:\/\/www.maag-polska.pl\/fr\/wp-json\/wp\/v2\/product\/25271","targetHints":{"allow":["GET"]}}],"collection":[{"href":"https:\/\/www.maag-polska.pl\/fr\/wp-json\/wp\/v2\/product"}],"about":[{"href":"https:\/\/www.maag-polska.pl\/fr\/wp-json\/wp\/v2\/types\/product"}],"replies":[{"embeddable":true,"href":"https:\/\/www.maag-polska.pl\/fr\/wp-json\/wp\/v2\/comments?post=25271"}],"wp:featuredmedia":[{"embeddable":true,"href":"https:\/\/www.maag-polska.pl\/fr\/wp-json\/wp\/v2\/media\/13535"}],"wp:attachment":[{"href":"https:\/\/www.maag-polska.pl\/fr\/wp-json\/wp\/v2\/media?parent=25271"}],"wp:term":[{"taxonomy":"product_brand","embeddable":true,"href":"https:\/\/www.maag-polska.pl\/fr\/wp-json\/wp\/v2\/product_brand?post=25271"},{"taxonomy":"product_cat","embeddable":true,"href":"https:\/\/www.maag-polska.pl\/fr\/wp-json\/wp\/v2\/product_cat?post=25271"},{"taxonomy":"product_tag","embeddable":true,"href":"https:\/\/www.maag-polska.pl\/fr\/wp-json\/wp\/v2\/product_tag?post=25271"}],"curies":[{"name":"wp","href":"https:\/\/api.w.org\/{rel}","templated":true}]}}