{"id":25207,"date":"2025-09-01T08:31:12","date_gmt":"2025-09-01T08:31:12","guid":{"rendered":"https:\/\/www.maag-polska.pl\/obrzeza-meblowe\/d27-2-navarra-grey\/"},"modified":"2025-09-01T08:58:55","modified_gmt":"2025-09-01T08:58:55","slug":"d27-2-navarra-grey","status":"publish","type":"product","link":"https:\/\/www.maag-polska.pl\/fr\/obrzeza-meblowe\/d27-2-navarra-grey\/","title":{"rendered":"Bords de meubles D27\/2 NAVARRA GREY"},"content":{"rendered":"<div>\n<p>La bande de chant D27\/2 NAVARRA SZARA se distingue par sa composition en PVC pur de haute qualit\u00e9, garantissant une \u00e9paisseur constante de 2 mm et une excellente stabilit\u00e9 dimensionnelle. Cette bordure de meuble offre une r\u00e9sistance exceptionnelle aux UV, pr\u00e9venant le jaunissement et la d\u00e9coloration au fil du temps. Sa structure mol\u00e9culaire optimis\u00e9e assure une adh\u00e9rence sup\u00e9rieure lors de l&rsquo;application, avec une force de liaison test\u00e9e jusqu&rsquo;\u00e0 8 N\/mm\u00b2. Le traitement de surface sp\u00e9cial facilite la d\u00e9coupe nette et pr\u00e9cise, r\u00e9duisant les pertes de mat\u00e9riau \u00e0 moins de 2% lors de la mise en \u0153uvre.<\/p>\n<p>Particuli\u00e8rement adapt\u00e9e aux environnements professionnels exigeants, cette solution de chant PVC excelle dans l&rsquo;agencement de mobilier de bureau haut de gamme et d&rsquo;installations commerciales. Les mat\u00e9riaux pour menuiserie de cette gamme r\u00e9pondent aux normes strictes des projets d&rsquo;architecture d&rsquo;int\u00e9rieur contemporaine, notamment pour les meubles expos\u00e9s \u00e0 une forte luminosit\u00e9 naturelle. Sa teinte grise NAVARRA s&rsquo;harmonise parfaitement avec les designs modernes et s&rsquo;int\u00e8gre id\u00e9alement dans les espaces de travail minimalistes, les boutiques luxueuses et les installations h\u00f4teli\u00e8res o\u00f9 la durabilit\u00e9 et l&rsquo;esth\u00e9tique sont primordiales.<\/p>\n<\/div>\n","protected":false},"excerpt":{"rendered":"<p>22&#215;0,6; 22&#215;1; 22&#215;2; 32&#215;2*; 35&#215;1*; 42&#215;2<\/p>\n","protected":false},"featured_media":13349,"comment_status":"closed","ping_status":"open","template":"","meta":{"_acf_changed":false},"product_brand":[],"product_cat":[455],"product_tag":[],"class_list":{"0":"post-25207","1":"product","2":"type-product","3":"status-publish","4":"has-post-thumbnail","6":"product_cat-bords-de-meubles","8":"first","9":"instock","10":"product-type-simple"},"acf":[],"_links":{"self":[{"href":"https:\/\/www.maag-polska.pl\/fr\/wp-json\/wp\/v2\/product\/25207","targetHints":{"allow":["GET"]}}],"collection":[{"href":"https:\/\/www.maag-polska.pl\/fr\/wp-json\/wp\/v2\/product"}],"about":[{"href":"https:\/\/www.maag-polska.pl\/fr\/wp-json\/wp\/v2\/types\/product"}],"replies":[{"embeddable":true,"href":"https:\/\/www.maag-polska.pl\/fr\/wp-json\/wp\/v2\/comments?post=25207"}],"wp:featuredmedia":[{"embeddable":true,"href":"https:\/\/www.maag-polska.pl\/fr\/wp-json\/wp\/v2\/media\/13349"}],"wp:attachment":[{"href":"https:\/\/www.maag-polska.pl\/fr\/wp-json\/wp\/v2\/media?parent=25207"}],"wp:term":[{"taxonomy":"product_brand","embeddable":true,"href":"https:\/\/www.maag-polska.pl\/fr\/wp-json\/wp\/v2\/product_brand?post=25207"},{"taxonomy":"product_cat","embeddable":true,"href":"https:\/\/www.maag-polska.pl\/fr\/wp-json\/wp\/v2\/product_cat?post=25207"},{"taxonomy":"product_tag","embeddable":true,"href":"https:\/\/www.maag-polska.pl\/fr\/wp-json\/wp\/v2\/product_tag?post=25207"}],"curies":[{"name":"wp","href":"https:\/\/api.w.org\/{rel}","templated":true}]}}