{"id":25206,"date":"2025-09-01T08:31:12","date_gmt":"2025-09-01T08:31:12","guid":{"rendered":"https:\/\/www.maag-polska.pl\/obrzeza-meblowe\/d27-1-navarra\/"},"modified":"2025-09-01T08:58:54","modified_gmt":"2025-09-01T08:58:54","slug":"d27-1-navarra","status":"publish","type":"product","link":"https:\/\/www.maag-polska.pl\/fr\/obrzeza-meblowe\/d27-1-navarra\/","title":{"rendered":"Bords de meubles D27\/1 NAVARRA"},"content":{"rendered":"<div>\n<p>La bande de chant D27\/1 NAVARRA offre une protection exceptionnelle contre les agressions quotidiennes. Ce chant PVC, con\u00e7u sp\u00e9cifiquement pour les environnements exigeants, r\u00e9siste remarquablement aux rayons UV et conserve sa teinte d&rsquo;origine m\u00eame apr\u00e8s une exposition prolong\u00e9e. Sa composition en PVC pur garantit une durabilit\u00e9 optimale pour vos bordures de meuble, avec une excellente r\u00e9sistance aux chocs et \u00e0 l&rsquo;humidit\u00e9. Les propri\u00e9t\u00e9s techniques avanc\u00e9es de ce mat\u00e9riau pour menuiserie assurent une stabilit\u00e9 dimensionnelle parfaite, m\u00eame en cas de variations de temp\u00e9rature.<\/p>\n<p>L&rsquo;application de cette bordure de meuble se distingue par sa simplicit\u00e9 d&rsquo;ex\u00e9cution. Sa structure optimis\u00e9e permet une d\u00e9coupe nette et pr\u00e9cise, minimisant les pertes de mat\u00e9riau lors de l&rsquo;installation. L&rsquo;adh\u00e9sion performante du chant PVC garantit une fixation imm\u00e9diate et durable, r\u00e9duisant consid\u00e9rablement le temps de pose. La flexibilit\u00e9 du mat\u00e9riau facilite son application sur les courbes tout en maintenant une finition impeccable. Cette solution pratique s&rsquo;adapte parfaitement aux exigences des professionnels recherchant efficacit\u00e9 et rapidit\u00e9 d&rsquo;ex\u00e9cution.<\/p>\n<\/div>\n","protected":false},"excerpt":{"rendered":"<p>22&#215;0,6; 22&#215;1; 22&#215;2; 28&#215;2*; 32&#215;2*; 35&#215;1*; 42&#215;2<\/p>\n","protected":false},"featured_media":13346,"comment_status":"closed","ping_status":"open","template":"","meta":{"_acf_changed":false},"product_brand":[],"product_cat":[455],"product_tag":[],"class_list":{"0":"post-25206","1":"product","2":"type-product","3":"status-publish","4":"has-post-thumbnail","6":"product_cat-bords-de-meubles","8":"first","9":"instock","10":"product-type-simple"},"acf":[],"_links":{"self":[{"href":"https:\/\/www.maag-polska.pl\/fr\/wp-json\/wp\/v2\/product\/25206","targetHints":{"allow":["GET"]}}],"collection":[{"href":"https:\/\/www.maag-polska.pl\/fr\/wp-json\/wp\/v2\/product"}],"about":[{"href":"https:\/\/www.maag-polska.pl\/fr\/wp-json\/wp\/v2\/types\/product"}],"replies":[{"embeddable":true,"href":"https:\/\/www.maag-polska.pl\/fr\/wp-json\/wp\/v2\/comments?post=25206"}],"wp:featuredmedia":[{"embeddable":true,"href":"https:\/\/www.maag-polska.pl\/fr\/wp-json\/wp\/v2\/media\/13346"}],"wp:attachment":[{"href":"https:\/\/www.maag-polska.pl\/fr\/wp-json\/wp\/v2\/media?parent=25206"}],"wp:term":[{"taxonomy":"product_brand","embeddable":true,"href":"https:\/\/www.maag-polska.pl\/fr\/wp-json\/wp\/v2\/product_brand?post=25206"},{"taxonomy":"product_cat","embeddable":true,"href":"https:\/\/www.maag-polska.pl\/fr\/wp-json\/wp\/v2\/product_cat?post=25206"},{"taxonomy":"product_tag","embeddable":true,"href":"https:\/\/www.maag-polska.pl\/fr\/wp-json\/wp\/v2\/product_tag?post=25206"}],"curies":[{"name":"wp","href":"https:\/\/api.w.org\/{rel}","templated":true}]}}