{"id":25183,"date":"2025-09-01T08:30:51","date_gmt":"2025-09-01T08:30:51","guid":{"rendered":"https:\/\/www.maag-polska.pl\/obrzeza-meblowe\/d13-1-swiss-pine\/"},"modified":"2025-09-01T08:58:35","modified_gmt":"2025-09-01T08:58:35","slug":"d13-1-swiss-pine","status":"publish","type":"product","link":"https:\/\/www.maag-polska.pl\/fr\/obrzeza-meblowe\/d13-1-swiss-pine\/","title":{"rendered":"Bords de meubles D13\/1 SWISS PINE"},"content":{"rendered":"<div>\n<p>La bande de chant D13\/1 LIMBA se distingue par sa composition en PVC pur de haute qualit\u00e9, garantissant une stabilit\u00e9 dimensionnelle optimale avec une \u00e9paisseur pr\u00e9cise de 1 mm. Sa formulation sp\u00e9cifique assure une r\u00e9sistance exceptionnelle aux rayons UV, pr\u00e9venant tout jaunissement ou d\u00e9coloration au fil du temps. La surface pr\u00e9sente une finition mate sophistiqu\u00e9e avec un grain fid\u00e8le au bois de Limba, maintenant ses propri\u00e9t\u00e9s esth\u00e9tiques m\u00eame apr\u00e8s une exposition prolong\u00e9e \u00e0 la lumi\u00e8re. Le mat\u00e9riau offre une excellente d\u00e9coupe sans effritement, avec un coefficient de dilatation thermique contr\u00f4l\u00e9 de 0,8%.<\/p>\n<p>Particuli\u00e8rement adapt\u00e9e aux environnements professionnels exigeants, cette bordure de meuble excelle dans l&rsquo;agencement de bureaux haut de gamme et le mobilier commercial. Son profil technique r\u00e9pond aux normes strictes de la menuiserie industrielle, permettant une application pr\u00e9cise sur les chants droits comme courbes. Les fabricants de mobilier appr\u00e9cient sa compatibilit\u00e9 avec les syst\u00e8mes d&rsquo;application automatis\u00e9s et sa performance constante dans les processus de production en s\u00e9rie. Id\u00e9ale pour les projets n\u00e9cessitant une finition durable et \u00e9l\u00e9gante, notamment dans les espaces de travail collaboratifs et les am\u00e9nagements commerciaux expos\u00e9s \u00e0 une utilisation intensive.<\/p>\n<\/div>\n","protected":false},"excerpt":{"rendered":"<p>22&#215;0,6; 22&#215;1; 22&#215;2; 28&#215;2*; 35&#215;1*; 42&#215;2<\/p>\n","protected":false},"featured_media":13289,"comment_status":"closed","ping_status":"open","template":"","meta":{"_acf_changed":false},"product_brand":[],"product_cat":[455],"product_tag":[],"class_list":{"0":"post-25183","1":"product","2":"type-product","3":"status-publish","4":"has-post-thumbnail","6":"product_cat-bords-de-meubles","8":"first","9":"instock","10":"product-type-simple"},"acf":[],"_links":{"self":[{"href":"https:\/\/www.maag-polska.pl\/fr\/wp-json\/wp\/v2\/product\/25183","targetHints":{"allow":["GET"]}}],"collection":[{"href":"https:\/\/www.maag-polska.pl\/fr\/wp-json\/wp\/v2\/product"}],"about":[{"href":"https:\/\/www.maag-polska.pl\/fr\/wp-json\/wp\/v2\/types\/product"}],"replies":[{"embeddable":true,"href":"https:\/\/www.maag-polska.pl\/fr\/wp-json\/wp\/v2\/comments?post=25183"}],"wp:featuredmedia":[{"embeddable":true,"href":"https:\/\/www.maag-polska.pl\/fr\/wp-json\/wp\/v2\/media\/13289"}],"wp:attachment":[{"href":"https:\/\/www.maag-polska.pl\/fr\/wp-json\/wp\/v2\/media?parent=25183"}],"wp:term":[{"taxonomy":"product_brand","embeddable":true,"href":"https:\/\/www.maag-polska.pl\/fr\/wp-json\/wp\/v2\/product_brand?post=25183"},{"taxonomy":"product_cat","embeddable":true,"href":"https:\/\/www.maag-polska.pl\/fr\/wp-json\/wp\/v2\/product_cat?post=25183"},{"taxonomy":"product_tag","embeddable":true,"href":"https:\/\/www.maag-polska.pl\/fr\/wp-json\/wp\/v2\/product_tag?post=25183"}],"curies":[{"name":"wp","href":"https:\/\/api.w.org\/{rel}","templated":true}]}}