{"id":25174,"date":"2025-09-01T08:30:32","date_gmt":"2025-09-01T08:30:32","guid":{"rendered":"https:\/\/www.maag-polska.pl\/obrzeza-meblowe\/d11-2-platinum\/"},"modified":"2025-09-01T08:58:23","modified_gmt":"2025-09-01T08:58:23","slug":"d11-2-platinum","status":"publish","type":"product","link":"https:\/\/www.maag-polska.pl\/fr\/obrzeza-meblowe\/d11-2-platinum\/","title":{"rendered":"Bords de meubles D11\/2 PLATINUM"},"content":{"rendered":"<div>\n<p>La bande de chant D11\/2 PLATINUM repr\u00e9sente une avanc\u00e9e significative dans la protection des bordures de meubles. Ce chant PVC de haute performance int\u00e8gre une formulation en PVC pur qui assure une r\u00e9sistance exceptionnelle aux rayons UV et aux variations de temp\u00e9rature. Sa composition technique sp\u00e9ciale garantit une stabilit\u00e9 dimensionnelle remarquable, m\u00eame lors d&rsquo;expositions prolong\u00e9es \u00e0 la lumi\u00e8re directe, \u00e9vitant ainsi tout risque de d\u00e9coloration ou de d\u00e9formation.<\/p>\n<p>L&rsquo;application de ce mat\u00e9riau pour menuiserie se distingue par sa simplicit\u00e9 d&rsquo;ex\u00e9cution. La bordure de meuble s&rsquo;installe rapidement gr\u00e2ce \u00e0 son adh\u00e9sif optimis\u00e9, permettant une pose pr\u00e9cise sans formation de bulles d&rsquo;air. Sa structure \u00e9quilibr\u00e9e facilite une d\u00e9coupe nette et droite, r\u00e9duisant consid\u00e9rablement les pertes de mat\u00e9riau lors de la mise en \u0153uvre. Les professionnels appr\u00e9cieront particuli\u00e8rement sa compatibilit\u00e9 avec les syst\u00e8mes de pose automatis\u00e9s, acc\u00e9l\u00e9rant ainsi les cycles de production.<\/p>\n<\/div>\n","protected":false},"excerpt":{"rendered":"<p>22&#215;0,6; 22&#215;1; 22&#215;2; 32&#215;2*; 35&#215;1*; 42&#215;2<\/p>\n","protected":false},"featured_media":13262,"comment_status":"closed","ping_status":"open","template":"","meta":{"_acf_changed":false},"product_brand":[],"product_cat":[455],"product_tag":[],"class_list":{"0":"post-25174","1":"product","2":"type-product","3":"status-publish","4":"has-post-thumbnail","6":"product_cat-bords-de-meubles","8":"first","9":"instock","10":"product-type-simple"},"acf":[],"_links":{"self":[{"href":"https:\/\/www.maag-polska.pl\/fr\/wp-json\/wp\/v2\/product\/25174","targetHints":{"allow":["GET"]}}],"collection":[{"href":"https:\/\/www.maag-polska.pl\/fr\/wp-json\/wp\/v2\/product"}],"about":[{"href":"https:\/\/www.maag-polska.pl\/fr\/wp-json\/wp\/v2\/types\/product"}],"replies":[{"embeddable":true,"href":"https:\/\/www.maag-polska.pl\/fr\/wp-json\/wp\/v2\/comments?post=25174"}],"wp:featuredmedia":[{"embeddable":true,"href":"https:\/\/www.maag-polska.pl\/fr\/wp-json\/wp\/v2\/media\/13262"}],"wp:attachment":[{"href":"https:\/\/www.maag-polska.pl\/fr\/wp-json\/wp\/v2\/media?parent=25174"}],"wp:term":[{"taxonomy":"product_brand","embeddable":true,"href":"https:\/\/www.maag-polska.pl\/fr\/wp-json\/wp\/v2\/product_brand?post=25174"},{"taxonomy":"product_cat","embeddable":true,"href":"https:\/\/www.maag-polska.pl\/fr\/wp-json\/wp\/v2\/product_cat?post=25174"},{"taxonomy":"product_tag","embeddable":true,"href":"https:\/\/www.maag-polska.pl\/fr\/wp-json\/wp\/v2\/product_tag?post=25174"}],"curies":[{"name":"wp","href":"https:\/\/api.w.org\/{rel}","templated":true}]}}