{"id":25149,"date":"2025-09-01T08:30:12","date_gmt":"2025-09-01T08:30:12","guid":{"rendered":"https:\/\/www.maag-polska.pl\/obrzeza-meblowe\/331-macaron-green\/"},"modified":"2025-09-01T08:57:58","modified_gmt":"2025-09-01T08:57:58","slug":"331-macaron-green","status":"publish","type":"product","link":"https:\/\/www.maag-polska.pl\/fr\/obrzeza-meblowe\/331-macaron-green\/","title":{"rendered":"Bords de meubles 331 MACARON GREEN"},"content":{"rendered":"<div>\n<p>Le chant PVC AGT 3015 MACARON GREEN se distingue par sa composition en PVC pur de haute qualit\u00e9, garantissant une stabilit\u00e9 dimensionnelle optimale. Cette bande de chant offre une \u00e9paisseur uniforme et une excellente r\u00e9sistance aux UV, pr\u00e9venant efficacement la d\u00e9coloration. Sa structure mol\u00e9culaire renforc\u00e9e assure une durabilit\u00e9 exceptionnelle avec une r\u00e9sistance \u00e0 l&rsquo;abrasion de 3,2 N\/mm\u00b2 et une stabilit\u00e9 thermique jusqu&rsquo;\u00e0 80\u00b0C. Le mat\u00e9riau pour menuiserie pr\u00e9sente une surface parfaitement lisse avec un taux de brillance contr\u00f4l\u00e9 de 5 \u00b11 unit\u00e9s.<\/p>\n<p>Particuli\u00e8rement adapt\u00e9e aux environnements professionnels exigeants, cette bordure de meuble s&rsquo;int\u00e8gre id\u00e9alement dans les projets d&rsquo;agencement commercial et r\u00e9sidentiel haut de gamme. Sa teinte MACARON GREEN apporte une touche contemporaine aux mobiliers de cuisine, aux am\u00e9nagements de boutiques et aux installations h\u00f4teli\u00e8res. Le chant PVC permet une finition impeccable des panneaux, id\u00e9ale pour les fabricants de mobilier sur mesure et les ateliers d&rsquo;\u00e9b\u00e9nisterie recherchant une qualit\u00e9 irr\u00e9prochable dans leurs r\u00e9alisations.<\/p>\n<\/div>\n","protected":false},"excerpt":{"rendered":"<p>22&#215;0,8<\/p>\n","protected":false},"featured_media":13193,"comment_status":"closed","ping_status":"open","template":"","meta":{"_acf_changed":false},"product_brand":[],"product_cat":[455],"product_tag":[],"class_list":{"0":"post-25149","1":"product","2":"type-product","3":"status-publish","4":"has-post-thumbnail","6":"product_cat-bords-de-meubles","8":"first","9":"instock","10":"product-type-simple"},"acf":[],"_links":{"self":[{"href":"https:\/\/www.maag-polska.pl\/fr\/wp-json\/wp\/v2\/product\/25149","targetHints":{"allow":["GET"]}}],"collection":[{"href":"https:\/\/www.maag-polska.pl\/fr\/wp-json\/wp\/v2\/product"}],"about":[{"href":"https:\/\/www.maag-polska.pl\/fr\/wp-json\/wp\/v2\/types\/product"}],"replies":[{"embeddable":true,"href":"https:\/\/www.maag-polska.pl\/fr\/wp-json\/wp\/v2\/comments?post=25149"}],"wp:featuredmedia":[{"embeddable":true,"href":"https:\/\/www.maag-polska.pl\/fr\/wp-json\/wp\/v2\/media\/13193"}],"wp:attachment":[{"href":"https:\/\/www.maag-polska.pl\/fr\/wp-json\/wp\/v2\/media?parent=25149"}],"wp:term":[{"taxonomy":"product_brand","embeddable":true,"href":"https:\/\/www.maag-polska.pl\/fr\/wp-json\/wp\/v2\/product_brand?post=25149"},{"taxonomy":"product_cat","embeddable":true,"href":"https:\/\/www.maag-polska.pl\/fr\/wp-json\/wp\/v2\/product_cat?post=25149"},{"taxonomy":"product_tag","embeddable":true,"href":"https:\/\/www.maag-polska.pl\/fr\/wp-json\/wp\/v2\/product_tag?post=25149"}],"curies":[{"name":"wp","href":"https:\/\/api.w.org\/{rel}","templated":true}]}}