{"id":25141,"date":"2025-09-01T08:29:51","date_gmt":"2025-09-01T08:29:51","guid":{"rendered":"https:\/\/www.maag-polska.pl\/obrzeza-meblowe\/323-platinum-grey-pfleiderer\/"},"modified":"2025-09-01T08:57:48","modified_gmt":"2025-09-01T08:57:48","slug":"323-platinum-grey-pfleiderer","status":"publish","type":"product","link":"https:\/\/www.maag-polska.pl\/fr\/obrzeza-meblowe\/323-platinum-grey-pfleiderer\/","title":{"rendered":"Bords de meubles 323 PLATINUM GREY PFLEIDERER"},"content":{"rendered":"<div>\n<p>Le chant PVC 323 SZARY PLATYNOWY PFLEIDERER se distingue par sa teinte gris platine sophistiqu\u00e9e, parfaitement align\u00e9e avec les d\u00e9cors Pfleiderer U12115 MP et Woodeco PU1213. Cette bande de chant haute performance est fabriqu\u00e9e en PVC pur de premi\u00e8re qualit\u00e9, garantissant une \u00e9paisseur constante de 2 mm et une excellente stabilit\u00e9 dimensionnelle. Sa formulation sp\u00e9ciale assure une r\u00e9sistance exceptionnelle aux UV, pr\u00e9venant tout jaunissement ou d\u00e9coloration au fil du temps. Les propri\u00e9t\u00e9s m\u00e9caniques optimis\u00e9es permettent une d\u00e9coupe nette sans \u00e9clats, avec une perte de mati\u00e8re minimale lors de l&rsquo;usinage.<\/p>\n<p>Particuli\u00e8rement adapt\u00e9e aux environnements professionnels exigeants, cette bordure de meuble excelle dans l&rsquo;agencement de bureaux haut de gamme et d&rsquo;espaces commerciaux modernes. Les mat\u00e9riaux pour menuiserie de cette gamme r\u00e9pondent aux normes les plus strictes de l&rsquo;industrie du mobilier contemporain. Son adh\u00e9sion sup\u00e9rieure et sa r\u00e9sistance aux chocs en font un choix privil\u00e9gi\u00e9 pour les surfaces de travail, les mobiliers d&rsquo;accueil et les am\u00e9nagements commerciaux n\u00e9cessitant une finition irr\u00e9prochable. La teinte gris platine s&rsquo;harmonise parfaitement avec les tendances actuelles en design d&rsquo;int\u00e9rieur professionnel.<\/p>\n<\/div>\n","protected":false},"excerpt":{"rendered":"<p>22&#215;0,6; 22&#215;0,8; 22&#215;2; 35&#215;1*; 42&#215;0,8; 42&#215;2<\/p>\n","protected":false},"featured_media":13169,"comment_status":"closed","ping_status":"open","template":"","meta":{"_acf_changed":false},"product_brand":[],"product_cat":[455],"product_tag":[],"class_list":{"0":"post-25141","1":"product","2":"type-product","3":"status-publish","4":"has-post-thumbnail","6":"product_cat-bords-de-meubles","8":"first","9":"instock","10":"product-type-simple"},"acf":[],"_links":{"self":[{"href":"https:\/\/www.maag-polska.pl\/fr\/wp-json\/wp\/v2\/product\/25141","targetHints":{"allow":["GET"]}}],"collection":[{"href":"https:\/\/www.maag-polska.pl\/fr\/wp-json\/wp\/v2\/product"}],"about":[{"href":"https:\/\/www.maag-polska.pl\/fr\/wp-json\/wp\/v2\/types\/product"}],"replies":[{"embeddable":true,"href":"https:\/\/www.maag-polska.pl\/fr\/wp-json\/wp\/v2\/comments?post=25141"}],"wp:featuredmedia":[{"embeddable":true,"href":"https:\/\/www.maag-polska.pl\/fr\/wp-json\/wp\/v2\/media\/13169"}],"wp:attachment":[{"href":"https:\/\/www.maag-polska.pl\/fr\/wp-json\/wp\/v2\/media?parent=25141"}],"wp:term":[{"taxonomy":"product_brand","embeddable":true,"href":"https:\/\/www.maag-polska.pl\/fr\/wp-json\/wp\/v2\/product_brand?post=25141"},{"taxonomy":"product_cat","embeddable":true,"href":"https:\/\/www.maag-polska.pl\/fr\/wp-json\/wp\/v2\/product_cat?post=25141"},{"taxonomy":"product_tag","embeddable":true,"href":"https:\/\/www.maag-polska.pl\/fr\/wp-json\/wp\/v2\/product_tag?post=25141"}],"curies":[{"name":"wp","href":"https:\/\/api.w.org\/{rel}","templated":true}]}}