{"id":25137,"date":"2025-09-01T08:29:51","date_gmt":"2025-09-01T08:29:51","guid":{"rendered":"https:\/\/www.maag-polska.pl\/obrzeza-meblowe\/319-pearl-grey\/"},"modified":"2025-09-01T08:57:45","modified_gmt":"2025-09-01T08:57:45","slug":"319-pearl-grey","status":"publish","type":"product","link":"https:\/\/www.maag-polska.pl\/fr\/obrzeza-meblowe\/319-pearl-grey\/","title":{"rendered":"Bords de meubles 319 PEARL GREY"},"content":{"rendered":"<div>\n<p>La bande de chant 319 SZARY PER\u0141OWY se distingue par sa composition en PVC pur de haute qualit\u00e9, garantissant une r\u00e9sistance optimale aux UV et une stabilit\u00e9 chromatique exceptionnelle. Cette bordure de meuble de 2 mm d&rsquo;\u00e9paisseur offre une excellente tenue dans le temps avec une duret\u00e9 Shore D de 82, assurant une protection durable des panneaux. Sa surface nacr\u00e9e gris perle, parfaitement coordonn\u00e9e aux d\u00e9cors Pfleiderer U11518 MP et Woodeco PU1212, pr\u00e9sente une finition mate sophistiqu\u00e9e avec un taux de brillance contr\u00f4l\u00e9 de 4 (+\/-1). Le mat\u00e9riau pour menuiserie b\u00e9n\u00e9ficie d&rsquo;une formulation sp\u00e9cifique permettant une d\u00e9coupe nette et pr\u00e9cise, limitant les pertes lors de l&rsquo;usinage.<\/p>\n<p>Ce chant PVC haut de gamme s&rsquo;adapte id\u00e9alement aux environnements professionnels exigeants, notamment dans l&rsquo;am\u00e9nagement de bureaux contemporains et le mobilier commercial premium. Sa teinte gris perle nacr\u00e9e apporte une touche d&rsquo;\u00e9l\u00e9gance discr\u00e8te, particuli\u00e8rement appr\u00e9ci\u00e9e dans les projets d&rsquo;agencement modernes. La r\u00e9sistance exceptionnelle du mat\u00e9riau le rend particuli\u00e8rement adapt\u00e9 pour les surfaces de travail, les fa\u00e7ades de rangement et les \u00e9l\u00e9ments d\u00e9coratifs soumis \u00e0 une utilisation intensive. Les menuisiers et agenceurs appr\u00e9cieront sa facilit\u00e9 de mise en \u0153uvre, que ce soit en application thermocoll\u00e9e ou avec adh\u00e9sif, permettant des finitions impeccables sur tous types de panneaux.<\/p>\n<\/div>\n","protected":false},"excerpt":{"rendered":"<p>22&#215;0,6; 22&#215;0,8; 22&#215;2; 35&#215;1*; 42&#215;0,8; 42&#215;2<\/p>\n","protected":false},"featured_media":13157,"comment_status":"closed","ping_status":"open","template":"","meta":{"_acf_changed":false},"product_brand":[],"product_cat":[455],"product_tag":[],"class_list":{"0":"post-25137","1":"product","2":"type-product","3":"status-publish","4":"has-post-thumbnail","6":"product_cat-bords-de-meubles","8":"first","9":"instock","10":"product-type-simple"},"acf":[],"_links":{"self":[{"href":"https:\/\/www.maag-polska.pl\/fr\/wp-json\/wp\/v2\/product\/25137","targetHints":{"allow":["GET"]}}],"collection":[{"href":"https:\/\/www.maag-polska.pl\/fr\/wp-json\/wp\/v2\/product"}],"about":[{"href":"https:\/\/www.maag-polska.pl\/fr\/wp-json\/wp\/v2\/types\/product"}],"replies":[{"embeddable":true,"href":"https:\/\/www.maag-polska.pl\/fr\/wp-json\/wp\/v2\/comments?post=25137"}],"wp:featuredmedia":[{"embeddable":true,"href":"https:\/\/www.maag-polska.pl\/fr\/wp-json\/wp\/v2\/media\/13157"}],"wp:attachment":[{"href":"https:\/\/www.maag-polska.pl\/fr\/wp-json\/wp\/v2\/media?parent=25137"}],"wp:term":[{"taxonomy":"product_brand","embeddable":true,"href":"https:\/\/www.maag-polska.pl\/fr\/wp-json\/wp\/v2\/product_brand?post=25137"},{"taxonomy":"product_cat","embeddable":true,"href":"https:\/\/www.maag-polska.pl\/fr\/wp-json\/wp\/v2\/product_cat?post=25137"},{"taxonomy":"product_tag","embeddable":true,"href":"https:\/\/www.maag-polska.pl\/fr\/wp-json\/wp\/v2\/product_tag?post=25137"}],"curies":[{"name":"wp","href":"https:\/\/api.w.org\/{rel}","templated":true}]}}