{"id":25109,"date":"2025-09-01T08:29:30","date_gmt":"2025-09-01T08:29:30","guid":{"rendered":"https:\/\/www.maag-polska.pl\/obrzeza-meblowe\/291-spice-red\/"},"modified":"2025-09-01T08:57:24","modified_gmt":"2025-09-01T08:57:24","slug":"291-spice-red","status":"publish","type":"product","link":"https:\/\/www.maag-polska.pl\/fr\/obrzeza-meblowe\/291-spice-red\/","title":{"rendered":"Bords de meubles 291 SPICE RED"},"content":{"rendered":"<div>\n<p>La bande de chant PVC 291 PIKANTNA CZERWIE\u0143 se distingue par sa teinte rouge intense et vibrante, offrant une finition premium pour vos projets d&rsquo;ameublement. Compos\u00e9e de PVC pur de haute qualit\u00e9, cette bordure de meuble pr\u00e9sente une excellente r\u00e9sistance aux UV et une stabilit\u00e9 chromatique exceptionnelle dans le temps. Son \u00e9paisseur calibr\u00e9e assure une application pr\u00e9cise et une adh\u00e9rence optimale, tandis que sa structure homog\u00e8ne facilite la d\u00e9coupe avec une perte minimale de mat\u00e9riau. La surface lisse et uniforme garantit une finition impeccable avec une r\u00e9sistance accrue aux rayures et \u00e0 l&rsquo;usure quotidienne.<\/p>\n<p>Particuli\u00e8rement adapt\u00e9e aux environnements commerciaux dynamiques et aux espaces de vie contemporains, cette bande de chant s&rsquo;int\u00e8gre parfaitement dans la cr\u00e9ation de mobilier moderne. Les menuisiers et fabricants de meubles appr\u00e9cieront sa facilit\u00e9 d&rsquo;application sur les panneaux, que ce soit pour des comptoirs d&rsquo;accueil, du mobilier de bureau ou des am\u00e9nagements de boutiques haut de gamme. Sa teinte rouge distinctive permet de cr\u00e9er des accents design audacieux dans les int\u00e9rieurs, tout en maintenant une durabilit\u00e9 professionnelle. Id\u00e9ale pour les projets n\u00e9cessitant une finition soign\u00e9e et une r\u00e9sistance \u00e0 l&rsquo;usage intensif.<\/p>\n<\/div>\n","protected":false},"excerpt":{"rendered":"<p>22&#215;0,6; 22&#215;0,8; 22&#215;2; 35&#215;1*; 42&#215;0,8; 42&#215;2<\/p>\n","protected":false},"featured_media":13073,"comment_status":"closed","ping_status":"open","template":"","meta":{"_acf_changed":false},"product_brand":[],"product_cat":[455],"product_tag":[],"class_list":{"0":"post-25109","1":"product","2":"type-product","3":"status-publish","4":"has-post-thumbnail","6":"product_cat-bords-de-meubles","8":"first","9":"instock","10":"product-type-simple"},"acf":[],"_links":{"self":[{"href":"https:\/\/www.maag-polska.pl\/fr\/wp-json\/wp\/v2\/product\/25109","targetHints":{"allow":["GET"]}}],"collection":[{"href":"https:\/\/www.maag-polska.pl\/fr\/wp-json\/wp\/v2\/product"}],"about":[{"href":"https:\/\/www.maag-polska.pl\/fr\/wp-json\/wp\/v2\/types\/product"}],"replies":[{"embeddable":true,"href":"https:\/\/www.maag-polska.pl\/fr\/wp-json\/wp\/v2\/comments?post=25109"}],"wp:featuredmedia":[{"embeddable":true,"href":"https:\/\/www.maag-polska.pl\/fr\/wp-json\/wp\/v2\/media\/13073"}],"wp:attachment":[{"href":"https:\/\/www.maag-polska.pl\/fr\/wp-json\/wp\/v2\/media?parent=25109"}],"wp:term":[{"taxonomy":"product_brand","embeddable":true,"href":"https:\/\/www.maag-polska.pl\/fr\/wp-json\/wp\/v2\/product_brand?post=25109"},{"taxonomy":"product_cat","embeddable":true,"href":"https:\/\/www.maag-polska.pl\/fr\/wp-json\/wp\/v2\/product_cat?post=25109"},{"taxonomy":"product_tag","embeddable":true,"href":"https:\/\/www.maag-polska.pl\/fr\/wp-json\/wp\/v2\/product_tag?post=25109"}],"curies":[{"name":"wp","href":"https:\/\/api.w.org\/{rel}","templated":true}]}}