{"id":25101,"date":"2025-09-01T08:29:08","date_gmt":"2025-09-01T08:29:08","guid":{"rendered":"https:\/\/www.maag-polska.pl\/obrzeza-meblowe\/271-oxide-red\/"},"modified":"2025-09-01T08:57:14","modified_gmt":"2025-09-01T08:57:14","slug":"271-oxide-red","status":"publish","type":"product","link":"https:\/\/www.maag-polska.pl\/fr\/obrzeza-meblowe\/271-oxide-red\/","title":{"rendered":"Bords de meubles 271 OXIDE RED"},"content":{"rendered":"<div>\n<p>La bande de chant PVC 271 CZERWONY OXID, assortie au d\u00e9cor Kronospan 9551 BS, se distingue par sa composition en PVC pur de haute qualit\u00e9. Cette bordure de meuble offre une \u00e9paisseur calibr\u00e9e et une stabilit\u00e9 dimensionnelle optimale, garantissant une application pr\u00e9cise. Sa formulation sp\u00e9cifique assure une r\u00e9sistance exceptionnelle aux UV, pr\u00e9venant la d\u00e9coloration m\u00eame en exposition prolong\u00e9e. Le mat\u00e9riau pr\u00e9sente une duret\u00e9 Shore D id\u00e9ale de 82 (\u00b14), permettant une d\u00e9coupe nette avec une perte minimale lors de l&rsquo;usinage.<\/p>\n<p>Particuli\u00e8rement adapt\u00e9e aux environnements professionnels exigeants, cette solution de finition excelle dans l&rsquo;agencement de mobilier commercial et r\u00e9sidentiel haut de gamme. Les menuiseries et fabricants de meubles appr\u00e9cieront sa facilit\u00e9 d&rsquo;application et sa compatibilit\u00e9 avec les syst\u00e8mes de placage automatis\u00e9s. La teinte CZERWONY OXID trouve sa place dans les designs contemporains, notamment pour les meubles de bureau, les agencements de boutiques et les installations hospitali\u00e8res o\u00f9 la durabilit\u00e9 et l&rsquo;esth\u00e9tique sont primordiales. Sa r\u00e9sistance aux chocs et aux rayures en fait un choix judicieux pour les surfaces verticales et horizontales soumises \u00e0 une utilisation intensive.<\/p>\n<\/div>\n","protected":false},"excerpt":{"rendered":"<p>22&#215;0,6; 22&#215;0,8; 32&#215;2*; 35&#215;1*; 42&#215;0,8; 42&#215;2<\/p>\n","protected":false},"featured_media":13049,"comment_status":"closed","ping_status":"open","template":"","meta":{"_acf_changed":false},"product_brand":[],"product_cat":[455],"product_tag":[],"class_list":{"0":"post-25101","1":"product","2":"type-product","3":"status-publish","4":"has-post-thumbnail","6":"product_cat-bords-de-meubles","8":"first","9":"instock","10":"product-type-simple"},"acf":[],"_links":{"self":[{"href":"https:\/\/www.maag-polska.pl\/fr\/wp-json\/wp\/v2\/product\/25101","targetHints":{"allow":["GET"]}}],"collection":[{"href":"https:\/\/www.maag-polska.pl\/fr\/wp-json\/wp\/v2\/product"}],"about":[{"href":"https:\/\/www.maag-polska.pl\/fr\/wp-json\/wp\/v2\/types\/product"}],"replies":[{"embeddable":true,"href":"https:\/\/www.maag-polska.pl\/fr\/wp-json\/wp\/v2\/comments?post=25101"}],"wp:featuredmedia":[{"embeddable":true,"href":"https:\/\/www.maag-polska.pl\/fr\/wp-json\/wp\/v2\/media\/13049"}],"wp:attachment":[{"href":"https:\/\/www.maag-polska.pl\/fr\/wp-json\/wp\/v2\/media?parent=25101"}],"wp:term":[{"taxonomy":"product_brand","embeddable":true,"href":"https:\/\/www.maag-polska.pl\/fr\/wp-json\/wp\/v2\/product_brand?post=25101"},{"taxonomy":"product_cat","embeddable":true,"href":"https:\/\/www.maag-polska.pl\/fr\/wp-json\/wp\/v2\/product_cat?post=25101"},{"taxonomy":"product_tag","embeddable":true,"href":"https:\/\/www.maag-polska.pl\/fr\/wp-json\/wp\/v2\/product_tag?post=25101"}],"curies":[{"name":"wp","href":"https:\/\/api.w.org\/{rel}","templated":true}]}}