{"id":25062,"date":"2025-09-01T08:28:28","date_gmt":"2025-09-01T08:28:28","guid":{"rendered":"https:\/\/www.maag-polska.pl\/obrzeza-meblowe\/227-red-krono\/"},"modified":"2025-09-01T08:56:41","modified_gmt":"2025-09-01T08:56:41","slug":"227-red-krono","status":"publish","type":"product","link":"https:\/\/www.maag-polska.pl\/fr\/obrzeza-meblowe\/227-red-krono\/","title":{"rendered":"Bords de meubles 227 RED KRONO"},"content":{"rendered":"<div>\n<p>La bande de chant 227 CZERWONY KRONO se distingue par sa composition en PVC pur de haute qualit\u00e9, garantissant une r\u00e9sistance optimale aux UV et une stabilit\u00e9 chromatique exceptionnelle. Cette bordure de meuble offre une \u00e9paisseur calibr\u00e9e et une structure homog\u00e8ne, assurant une d\u00e9coupe nette avec une perte de mat\u00e9riau minimale. Sa formulation sp\u00e9cifique permet une adh\u00e9sion renforc\u00e9e et une r\u00e9sistance thermique jusqu&rsquo;\u00e0 90\u00b0C, id\u00e9ale pour les applications professionnelles. Le chant PVC pr\u00e9sente une surface parfaitement lisse avec une finition mate sophistiqu\u00e9e, reproduisant fid\u00e8lement la teinte Kronospan 0149 PE CZERWONY.<\/p>\n<p>Particuli\u00e8rement adapt\u00e9e aux environnements commerciaux et r\u00e9sidentiels exigeants, cette bande de chant s&rsquo;int\u00e8gre parfaitement dans les projets de menuiserie haut de gamme. Son application s&rsquo;\u00e9tend des meubles de cuisine aux agencements de boutiques, en passant par le mobilier de bureau o\u00f9 la durabilit\u00e9 est primordiale. La stabilit\u00e9 de sa teinte rouge distinctive en fait un choix pertinent pour les zones expos\u00e9es \u00e0 une forte luminosit\u00e9. Sa facilit\u00e9 de mise en \u0153uvre permet une utilisation optimale tant dans les ateliers artisanaux que dans les unit\u00e9s de production industrielle, offrant une finition impeccable pour tout type de panneau.<\/p>\n<\/div>\n","protected":false},"excerpt":{"rendered":"<p>22&#215;0,6; 22&#215;0,8; 22&#215;1; 22&#215;2; 32&#215;2*; 35&#215;1*; 42&#215;0,8; 42&#215;2<\/p>\n","protected":false},"featured_media":12932,"comment_status":"closed","ping_status":"open","template":"","meta":{"_acf_changed":false},"product_brand":[],"product_cat":[455],"product_tag":[],"class_list":{"0":"post-25062","1":"product","2":"type-product","3":"status-publish","4":"has-post-thumbnail","6":"product_cat-bords-de-meubles","8":"first","9":"instock","10":"product-type-simple"},"acf":[],"_links":{"self":[{"href":"https:\/\/www.maag-polska.pl\/fr\/wp-json\/wp\/v2\/product\/25062","targetHints":{"allow":["GET"]}}],"collection":[{"href":"https:\/\/www.maag-polska.pl\/fr\/wp-json\/wp\/v2\/product"}],"about":[{"href":"https:\/\/www.maag-polska.pl\/fr\/wp-json\/wp\/v2\/types\/product"}],"replies":[{"embeddable":true,"href":"https:\/\/www.maag-polska.pl\/fr\/wp-json\/wp\/v2\/comments?post=25062"}],"wp:featuredmedia":[{"embeddable":true,"href":"https:\/\/www.maag-polska.pl\/fr\/wp-json\/wp\/v2\/media\/12932"}],"wp:attachment":[{"href":"https:\/\/www.maag-polska.pl\/fr\/wp-json\/wp\/v2\/media?parent=25062"}],"wp:term":[{"taxonomy":"product_brand","embeddable":true,"href":"https:\/\/www.maag-polska.pl\/fr\/wp-json\/wp\/v2\/product_brand?post=25062"},{"taxonomy":"product_cat","embeddable":true,"href":"https:\/\/www.maag-polska.pl\/fr\/wp-json\/wp\/v2\/product_cat?post=25062"},{"taxonomy":"product_tag","embeddable":true,"href":"https:\/\/www.maag-polska.pl\/fr\/wp-json\/wp\/v2\/product_tag?post=25062"}],"curies":[{"name":"wp","href":"https:\/\/api.w.org\/{rel}","templated":true}]}}