{"id":25046,"date":"2025-09-01T08:28:07","date_gmt":"2025-09-01T08:28:07","guid":{"rendered":"https:\/\/www.maag-polska.pl\/obrzeza-meblowe\/209-b-atlantic-blue\/"},"modified":"2025-09-01T08:56:27","modified_gmt":"2025-09-01T08:56:27","slug":"209-b-atlantic-blue","status":"publish","type":"product","link":"https:\/\/www.maag-polska.pl\/fr\/obrzeza-meblowe\/209-b-atlantic-blue\/","title":{"rendered":"Bords de meubles 209-B ATLANTIC BLUE"},"content":{"rendered":"<div>\n<p>Cette bande de chant PVC en bleu atlantique (209-B) se distingue par sa composition en PVC pur de haute qualit\u00e9, garantissant une stabilit\u00e9 dimensionnelle optimale. Sa structure mol\u00e9culaire renforc\u00e9e assure une r\u00e9sistance exceptionnelle aux rayons UV, pr\u00e9venant efficacement la d\u00e9coloration. L&rsquo;\u00e9paisseur calibr\u00e9e et la densit\u00e9 contr\u00f4l\u00e9e (1,45 g\/cm\u00b3) permettent une d\u00e9coupe pr\u00e9cise avec une perte de mat\u00e9riau minimale. Le traitement de surface sp\u00e9cifique offre une adh\u00e9rence sup\u00e9rieure tout en maintenant une flexibilit\u00e9 id\u00e9ale pour l&rsquo;application.<\/p>\n<p>Particuli\u00e8rement adapt\u00e9e aux environnements professionnels exigeants, cette bordure de meuble excelle dans l&rsquo;agencement de bureaux et d&rsquo;espaces commerciaux maritimes. Les mat\u00e9riaux pour menuiserie de cette gamme r\u00e9pondent aux normes strictes de l&rsquo;industrie du mobilier contemporain. Sa teinte bleu atlantique s&rsquo;harmonise parfaitement avec les designs modernes, notamment dans les secteurs nautique et hospitalier o\u00f9 l&rsquo;hygi\u00e8ne et la durabilit\u00e9 sont primordiales. La facilit\u00e9 d&rsquo;entretien et la r\u00e9sistance aux produits de nettoyage en font un choix judicieux pour les meubles \u00e0 usage intensif.<\/p>\n<\/div>\n","protected":false},"excerpt":{"rendered":"<p>28&#215;2*<\/p>\n","protected":false},"featured_media":0,"comment_status":"closed","ping_status":"open","template":"","meta":{"_acf_changed":false},"product_brand":[],"product_cat":[455],"product_tag":[],"class_list":{"0":"post-25046","1":"product","2":"type-product","3":"status-publish","5":"product_cat-bords-de-meubles","7":"first","8":"instock","9":"product-type-simple"},"acf":[],"_links":{"self":[{"href":"https:\/\/www.maag-polska.pl\/fr\/wp-json\/wp\/v2\/product\/25046","targetHints":{"allow":["GET"]}}],"collection":[{"href":"https:\/\/www.maag-polska.pl\/fr\/wp-json\/wp\/v2\/product"}],"about":[{"href":"https:\/\/www.maag-polska.pl\/fr\/wp-json\/wp\/v2\/types\/product"}],"replies":[{"embeddable":true,"href":"https:\/\/www.maag-polska.pl\/fr\/wp-json\/wp\/v2\/comments?post=25046"}],"wp:attachment":[{"href":"https:\/\/www.maag-polska.pl\/fr\/wp-json\/wp\/v2\/media?parent=25046"}],"wp:term":[{"taxonomy":"product_brand","embeddable":true,"href":"https:\/\/www.maag-polska.pl\/fr\/wp-json\/wp\/v2\/product_brand?post=25046"},{"taxonomy":"product_cat","embeddable":true,"href":"https:\/\/www.maag-polska.pl\/fr\/wp-json\/wp\/v2\/product_cat?post=25046"},{"taxonomy":"product_tag","embeddable":true,"href":"https:\/\/www.maag-polska.pl\/fr\/wp-json\/wp\/v2\/product_tag?post=25046"}],"curies":[{"name":"wp","href":"https:\/\/api.w.org\/{rel}","templated":true}]}}