{"id":25022,"date":"2025-09-01T08:27:46","date_gmt":"2025-09-01T08:27:46","guid":{"rendered":"https:\/\/www.maag-polska.pl\/obrzeza-meblowe\/201-p-white-glossy\/"},"modified":"2025-09-01T08:56:09","modified_gmt":"2025-09-01T08:56:09","slug":"201-p-white-glossy","status":"publish","type":"product","link":"https:\/\/www.maag-polska.pl\/fr\/obrzeza-meblowe\/201-p-white-glossy\/","title":{"rendered":"Bords de meubles 201-P WHITE GLOSSY"},"content":{"rendered":"<div>\n<p>Cette bande de chant PVC blanc brillant se distingue par sa composition en PVC pur de haute qualit\u00e9, garantissant une excellente r\u00e9sistance aux UV et une stabilit\u00e9 des couleurs \u00e0 long terme. Sa structure mol\u00e9culaire optimis\u00e9e assure une r\u00e9sistance \u00e0 l&rsquo;abrasion de 3,2 N\/mm\u00b2 et une \u00e9paisseur uniforme de 2 mm, permettant une d\u00e9coupe pr\u00e9cise avec une perte de mat\u00e9riau minimale. Le traitement de surface sp\u00e9cial conf\u00e8re un indice de brillance de 85 unit\u00e9s, maintenant son aspect lustr\u00e9 m\u00eame apr\u00e8s une exposition prolong\u00e9e \u00e0 la lumi\u00e8re.<\/p>\n<p>Particuli\u00e8rement adapt\u00e9e aux environnements professionnels exigeants, cette bordure de meuble s&rsquo;int\u00e8gre parfaitement dans les projets d&rsquo;agencement de bureaux, de commerces et d&rsquo;espaces publics o\u00f9 l&rsquo;esth\u00e9tique contemporaine est primordiale. Les mat\u00e9riaux pour menuiserie de cette qualit\u00e9 trouvent leur place dans la fabrication de mobilier haut de gamme, notamment pour les fa\u00e7ades de cuisine, les portes de placard et les surfaces de travail n\u00e9cessitant une finition impeccable. Sa facilit\u00e9 d&rsquo;application et sa durabilit\u00e9 en font un choix privil\u00e9gi\u00e9 pour les fabricants de meubles recherchant l&rsquo;excellence dans leurs r\u00e9alisations.<\/p>\n<\/div>\n","protected":false},"excerpt":{"rendered":"<p>22&#215;0,6; 22&#215;1; 22&#215;2; 32&#215;2*; 35&#215;1*; 42&#215;2<\/p>\n","protected":false},"featured_media":13799,"comment_status":"closed","ping_status":"open","template":"","meta":{"_acf_changed":false},"product_brand":[],"product_cat":[455],"product_tag":[],"class_list":{"0":"post-25022","1":"product","2":"type-product","3":"status-publish","4":"has-post-thumbnail","6":"product_cat-bords-de-meubles","8":"first","9":"instock","10":"product-type-simple"},"acf":[],"_links":{"self":[{"href":"https:\/\/www.maag-polska.pl\/fr\/wp-json\/wp\/v2\/product\/25022","targetHints":{"allow":["GET"]}}],"collection":[{"href":"https:\/\/www.maag-polska.pl\/fr\/wp-json\/wp\/v2\/product"}],"about":[{"href":"https:\/\/www.maag-polska.pl\/fr\/wp-json\/wp\/v2\/types\/product"}],"replies":[{"embeddable":true,"href":"https:\/\/www.maag-polska.pl\/fr\/wp-json\/wp\/v2\/comments?post=25022"}],"wp:featuredmedia":[{"embeddable":true,"href":"https:\/\/www.maag-polska.pl\/fr\/wp-json\/wp\/v2\/media\/13799"}],"wp:attachment":[{"href":"https:\/\/www.maag-polska.pl\/fr\/wp-json\/wp\/v2\/media?parent=25022"}],"wp:term":[{"taxonomy":"product_brand","embeddable":true,"href":"https:\/\/www.maag-polska.pl\/fr\/wp-json\/wp\/v2\/product_brand?post=25022"},{"taxonomy":"product_cat","embeddable":true,"href":"https:\/\/www.maag-polska.pl\/fr\/wp-json\/wp\/v2\/product_cat?post=25022"},{"taxonomy":"product_tag","embeddable":true,"href":"https:\/\/www.maag-polska.pl\/fr\/wp-json\/wp\/v2\/product_tag?post=25022"}],"curies":[{"name":"wp","href":"https:\/\/api.w.org\/{rel}","templated":true}]}}