{"id":25006,"date":"2025-09-01T08:33:42","date_gmt":"2025-09-01T08:33:42","guid":{"rendered":"https:\/\/www.maag-polska.pl\/obrzeza-meblowe\/d9-3-maple-vancouver-light\/"},"modified":"2025-09-01T08:55:01","modified_gmt":"2025-09-01T08:55:01","slug":"d9-3-maple-vancouver-light","status":"publish","type":"product","link":"https:\/\/www.maag-polska.pl\/es\/obrzeza-meblowe\/d9-3-maple-vancouver-light\/","title":{"rendered":"Bordes de muebles D9\/3 MAPLE VANCOUVER LIGHT"},"content":{"rendered":"<div>\n<p>El canto de PVC D9\/3 KLON VANCOUVER JASNY representa un avance significativo en tecnolog\u00eda de acabados, incorporando una estructura molecular optimizada que garantiza una resistencia superior a los rayos UV. Con un espesor preciso de 3mm y fabricado con PVC puro de grado premium, este material de ebanister\u00eda establece nuevos est\u00e1ndares en estabilidad dimensional y uniformidad crom\u00e1tica.<\/p>\n<p>La cinta de canto D9\/3 ofrece una relaci\u00f3n costo-beneficio excepcional gracias a su m\u00ednima tasa de desperdicio y su proceso de aplicaci\u00f3n simplificado. Este borde de mueble se integra perfectamente en l\u00edneas de producci\u00f3n automatizadas, reduciendo significativamente los tiempos de instalaci\u00f3n mientras mantiene una adherencia \u00f3ptima y un acabado profesional en cada aplicaci\u00f3n.<\/p>\n<\/div>\n","protected":false},"excerpt":{"rendered":"<p>22&#215;0,6; 22&#215;1; 22&#215;2; 32&#215;2*; 35&#215;1*; 42&#215;2<\/p>\n","protected":false},"featured_media":13761,"comment_status":"closed","ping_status":"open","template":"","meta":{"_acf_changed":false},"product_brand":[],"product_cat":[452],"product_tag":[],"class_list":{"0":"post-25006","1":"product","2":"type-product","3":"status-publish","4":"has-post-thumbnail","6":"product_cat-bordes-de-muebles","8":"first","9":"instock","10":"product-type-simple"},"acf":[],"_links":{"self":[{"href":"https:\/\/www.maag-polska.pl\/es\/wp-json\/wp\/v2\/product\/25006","targetHints":{"allow":["GET"]}}],"collection":[{"href":"https:\/\/www.maag-polska.pl\/es\/wp-json\/wp\/v2\/product"}],"about":[{"href":"https:\/\/www.maag-polska.pl\/es\/wp-json\/wp\/v2\/types\/product"}],"replies":[{"embeddable":true,"href":"https:\/\/www.maag-polska.pl\/es\/wp-json\/wp\/v2\/comments?post=25006"}],"wp:featuredmedia":[{"embeddable":true,"href":"https:\/\/www.maag-polska.pl\/es\/wp-json\/wp\/v2\/media\/13761"}],"wp:attachment":[{"href":"https:\/\/www.maag-polska.pl\/es\/wp-json\/wp\/v2\/media?parent=25006"}],"wp:term":[{"taxonomy":"product_brand","embeddable":true,"href":"https:\/\/www.maag-polska.pl\/es\/wp-json\/wp\/v2\/product_brand?post=25006"},{"taxonomy":"product_cat","embeddable":true,"href":"https:\/\/www.maag-polska.pl\/es\/wp-json\/wp\/v2\/product_cat?post=25006"},{"taxonomy":"product_tag","embeddable":true,"href":"https:\/\/www.maag-polska.pl\/es\/wp-json\/wp\/v2\/product_tag?post=25006"}],"curies":[{"name":"wp","href":"https:\/\/api.w.org\/{rel}","templated":true}]}}