{"id":24997,"date":"2025-09-01T08:33:22","date_gmt":"2025-09-01T08:33:22","guid":{"rendered":"https:\/\/www.maag-polska.pl\/obrzeza-meblowe\/d8-3-bologna-walnut\/"},"modified":"2025-09-01T08:54:52","modified_gmt":"2025-09-01T08:54:52","slug":"d8-3-bologna-walnut","status":"publish","type":"product","link":"https:\/\/www.maag-polska.pl\/es\/obrzeza-meblowe\/d8-3-bologna-walnut\/","title":{"rendered":"Bordes de muebles D8\/3 BOLOGNA WALNUT"},"content":{"rendered":"<div>\n<p>El canto de PVC D8\/3 ORZECH BOLOGNA presenta un grosor preciso de 3mm y un ancho de 8mm, fabricado con PVC puro de alta calidad que garantiza una estabilidad dimensional excepcional. Su composici\u00f3n t\u00e9cnica incluye aditivos UV que previenen la decoloraci\u00f3n y mantienen la integridad del tono nogal Bologna a lo largo del tiempo. La formulaci\u00f3n espec\u00edfica del material asegura una adhesi\u00f3n \u00f3ptima y un corte limpio, minimizando el desperdicio durante la instalaci\u00f3n.<\/p>\n<p>Esta cinta de canto destaca en la fabricaci\u00f3n de mobiliario de cocina y ba\u00f1o, donde la exposici\u00f3n a la humedad y los cambios de temperatura son frecuentes. Como material de ebanister\u00eda vers\u00e1til, resulta ideal para bordes de mueble en espacios comerciales y residenciales que requieren un acabado profesional con apariencia de nogal natural. Su resistencia superior y facilidad de aplicaci\u00f3n lo convierten en la elecci\u00f3n preferida para proyectos de carpinter\u00eda que demandan durabilidad y est\u00e9tica refinada.<\/p>\n<\/div>\n","protected":false},"excerpt":{"rendered":"<p>22&#215;0,6; 22&#215;1; 22&#215;2; 28&#215;2*; 32&#215;2*; 35&#215;1*; 42&#215;2<\/p>\n","protected":false},"featured_media":13734,"comment_status":"closed","ping_status":"open","template":"","meta":{"_acf_changed":false},"product_brand":[],"product_cat":[452],"product_tag":[],"class_list":{"0":"post-24997","1":"product","2":"type-product","3":"status-publish","4":"has-post-thumbnail","6":"product_cat-bordes-de-muebles","8":"first","9":"instock","10":"product-type-simple"},"acf":[],"_links":{"self":[{"href":"https:\/\/www.maag-polska.pl\/es\/wp-json\/wp\/v2\/product\/24997","targetHints":{"allow":["GET"]}}],"collection":[{"href":"https:\/\/www.maag-polska.pl\/es\/wp-json\/wp\/v2\/product"}],"about":[{"href":"https:\/\/www.maag-polska.pl\/es\/wp-json\/wp\/v2\/types\/product"}],"replies":[{"embeddable":true,"href":"https:\/\/www.maag-polska.pl\/es\/wp-json\/wp\/v2\/comments?post=24997"}],"wp:featuredmedia":[{"embeddable":true,"href":"https:\/\/www.maag-polska.pl\/es\/wp-json\/wp\/v2\/media\/13734"}],"wp:attachment":[{"href":"https:\/\/www.maag-polska.pl\/es\/wp-json\/wp\/v2\/media?parent=24997"}],"wp:term":[{"taxonomy":"product_brand","embeddable":true,"href":"https:\/\/www.maag-polska.pl\/es\/wp-json\/wp\/v2\/product_brand?post=24997"},{"taxonomy":"product_cat","embeddable":true,"href":"https:\/\/www.maag-polska.pl\/es\/wp-json\/wp\/v2\/product_cat?post=24997"},{"taxonomy":"product_tag","embeddable":true,"href":"https:\/\/www.maag-polska.pl\/es\/wp-json\/wp\/v2\/product_tag?post=24997"}],"curies":[{"name":"wp","href":"https:\/\/api.w.org\/{rel}","templated":true}]}}