{"id":24989,"date":"2025-09-01T08:33:22","date_gmt":"2025-09-01T08:33:22","guid":{"rendered":"https:\/\/www.maag-polska.pl\/obrzeza-meblowe\/d8-13-hazelnut\/"},"modified":"2025-09-01T08:54:47","modified_gmt":"2025-09-01T08:54:47","slug":"d8-13-hazelnut","status":"publish","type":"product","link":"https:\/\/www.maag-polska.pl\/es\/obrzeza-meblowe\/d8-13-hazelnut\/","title":{"rendered":"Bordes de muebles D8\/13 HAZELNUT"},"content":{"rendered":"<div>\n<p>El canto de PVC D8\/13 ORZECH LASKOWY incorpora una tecnolog\u00eda de estabilizaci\u00f3n molecular que garantiza una resistencia superior a los rayos UV, manteniendo la integridad del tono avellana durante toda su vida \u00fatil. Con un espesor calibrado de precisi\u00f3n y una composici\u00f3n de PVC puro al 100%, este material de ebanister\u00eda establece nuevos est\u00e1ndares en la industria del mueble. Su estructura microporosa optimizada facilita una adhesi\u00f3n excepcional, mientras que el tratamiento superficial especializado previene el amarilleamiento y el desgaste prematuro.<\/p>\n<p>La cinta de canto D8\/13 ORZECH LASKOWY representa una soluci\u00f3n rentable para proyectos de carpinter\u00eda que demandan excelencia. Este borde de mueble se distingue por su m\u00ednimo \u00edndice de desperdicio durante la aplicaci\u00f3n, optimizando cada metro lineal de material. Su versatilidad permite aplicaciones tanto en mobiliario residencial como comercial, ofreciendo un acabado profesional que mantiene su aspecto original incluso en condiciones de uso intensivo. La facilidad de corte y aplicaci\u00f3n reduce significativamente los tiempos de instalaci\u00f3n, maximizando la productividad en taller.<\/p>\n<\/div>\n","protected":false},"excerpt":{"rendered":"<p>22&#215;1<\/p>\n","protected":false},"featured_media":13713,"comment_status":"closed","ping_status":"open","template":"","meta":{"_acf_changed":false},"product_brand":[],"product_cat":[452],"product_tag":[],"class_list":{"0":"post-24989","1":"product","2":"type-product","3":"status-publish","4":"has-post-thumbnail","6":"product_cat-bordes-de-muebles","8":"first","9":"instock","10":"product-type-simple"},"acf":[],"_links":{"self":[{"href":"https:\/\/www.maag-polska.pl\/es\/wp-json\/wp\/v2\/product\/24989","targetHints":{"allow":["GET"]}}],"collection":[{"href":"https:\/\/www.maag-polska.pl\/es\/wp-json\/wp\/v2\/product"}],"about":[{"href":"https:\/\/www.maag-polska.pl\/es\/wp-json\/wp\/v2\/types\/product"}],"replies":[{"embeddable":true,"href":"https:\/\/www.maag-polska.pl\/es\/wp-json\/wp\/v2\/comments?post=24989"}],"wp:featuredmedia":[{"embeddable":true,"href":"https:\/\/www.maag-polska.pl\/es\/wp-json\/wp\/v2\/media\/13713"}],"wp:attachment":[{"href":"https:\/\/www.maag-polska.pl\/es\/wp-json\/wp\/v2\/media?parent=24989"}],"wp:term":[{"taxonomy":"product_brand","embeddable":true,"href":"https:\/\/www.maag-polska.pl\/es\/wp-json\/wp\/v2\/product_brand?post=24989"},{"taxonomy":"product_cat","embeddable":true,"href":"https:\/\/www.maag-polska.pl\/es\/wp-json\/wp\/v2\/product_cat?post=24989"},{"taxonomy":"product_tag","embeddable":true,"href":"https:\/\/www.maag-polska.pl\/es\/wp-json\/wp\/v2\/product_tag?post=24989"}],"curies":[{"name":"wp","href":"https:\/\/api.w.org\/{rel}","templated":true}]}}