{"id":24988,"date":"2025-09-01T08:33:22","date_gmt":"2025-09-01T08:33:22","guid":{"rendered":"https:\/\/www.maag-polska.pl\/obrzeza-meblowe\/d8-10-walnut-baltimore\/"},"modified":"2025-09-01T08:54:46","modified_gmt":"2025-09-01T08:54:46","slug":"d8-10-walnut-baltimore","status":"publish","type":"product","link":"https:\/\/www.maag-polska.pl\/es\/obrzeza-meblowe\/d8-10-walnut-baltimore\/","title":{"rendered":"Bordes de muebles D8\/10 WALNUT BALTIMORE"},"content":{"rendered":"<div>\n<p>Este canto de PVC en tono Orzech Baltimore presenta un grosor preciso de D8\/10, fabricado con PVC puro de alta calidad que garantiza una estabilidad dimensional excepcional. Su composici\u00f3n t\u00e9cnica incorpora estabilizadores UV avanzados que previenen la decoloraci\u00f3n y el amarilleamiento con el paso del tiempo. La superficie cuenta con un acabado mate uniforme y una textura micropulida que replica fielmente las vetas naturales del nogal Baltimore.<\/p>\n<p>Especialmente desarrollado para proyectos de ebanister\u00eda profesional donde la precisi\u00f3n y durabilidad son fundamentales. Esta cinta de canto se adapta perfectamente a la fabricaci\u00f3n de mobiliario de oficina, cocinas y armarios empotrados, proporcionando un borde de mueble resistente y duradero. Su facilidad de aplicaci\u00f3n y m\u00ednimo desperdicio lo convierten en un material de ebanister\u00eda ideal para producciones tanto artesanales como industriales, asegurando acabados profesionales en cualquier escala de producci\u00f3n.<\/p>\n<\/div>\n","protected":false},"excerpt":{"rendered":"<p>22&#215;0,6; 22&#215;1; 22&#215;2; 35&#215;1*; 42&#215;2<\/p>\n","protected":false},"featured_media":13710,"comment_status":"closed","ping_status":"open","template":"","meta":{"_acf_changed":false},"product_brand":[],"product_cat":[452],"product_tag":[],"class_list":{"0":"post-24988","1":"product","2":"type-product","3":"status-publish","4":"has-post-thumbnail","6":"product_cat-bordes-de-muebles","8":"first","9":"instock","10":"product-type-simple"},"acf":[],"_links":{"self":[{"href":"https:\/\/www.maag-polska.pl\/es\/wp-json\/wp\/v2\/product\/24988","targetHints":{"allow":["GET"]}}],"collection":[{"href":"https:\/\/www.maag-polska.pl\/es\/wp-json\/wp\/v2\/product"}],"about":[{"href":"https:\/\/www.maag-polska.pl\/es\/wp-json\/wp\/v2\/types\/product"}],"replies":[{"embeddable":true,"href":"https:\/\/www.maag-polska.pl\/es\/wp-json\/wp\/v2\/comments?post=24988"}],"wp:featuredmedia":[{"embeddable":true,"href":"https:\/\/www.maag-polska.pl\/es\/wp-json\/wp\/v2\/media\/13710"}],"wp:attachment":[{"href":"https:\/\/www.maag-polska.pl\/es\/wp-json\/wp\/v2\/media?parent=24988"}],"wp:term":[{"taxonomy":"product_brand","embeddable":true,"href":"https:\/\/www.maag-polska.pl\/es\/wp-json\/wp\/v2\/product_brand?post=24988"},{"taxonomy":"product_cat","embeddable":true,"href":"https:\/\/www.maag-polska.pl\/es\/wp-json\/wp\/v2\/product_cat?post=24988"},{"taxonomy":"product_tag","embeddable":true,"href":"https:\/\/www.maag-polska.pl\/es\/wp-json\/wp\/v2\/product_tag?post=24988"}],"curies":[{"name":"wp","href":"https:\/\/api.w.org\/{rel}","templated":true}]}}