{"id":24973,"date":"2025-09-01T08:33:04","date_gmt":"2025-09-01T08:33:04","guid":{"rendered":"https:\/\/www.maag-polska.pl\/obrzeza-meblowe\/d54-2-concrete-flow\/"},"modified":"2025-09-01T08:54:32","modified_gmt":"2025-09-01T08:54:32","slug":"d54-2-concrete-flow","status":"publish","type":"product","link":"https:\/\/www.maag-polska.pl\/es\/obrzeza-meblowe\/d54-2-concrete-flow\/","title":{"rendered":"Bordes de muebles D54\/2 CONCRETE FLOW"},"content":{"rendered":"<div>\n<p>El canto de PVC D54\/2 BETON, dise\u00f1ado para replicar la textura Kronospan K350 RT, incorpora una composici\u00f3n de PVC puro de alta densidad con par\u00e1metros t\u00e9cnicos optimizados para garantizar una adhesi\u00f3n superior. Su estructura molecular reforzada y tratamiento especializado contra rayos UV asegura una estabilidad crom\u00e1tica excepcional incluso en condiciones de exposici\u00f3n prolongada. La precisi\u00f3n dimensional de \u00b10.02 mm y el acabado micropulido facilitan una integraci\u00f3n perfecta con los tableros, mientras que su formulaci\u00f3n avanzada permite un punto de fusi\u00f3n controlado para un procesamiento preciso.<\/p>\n<p>Este material de ebanister\u00eda premium ofrece una notable reducci\u00f3n en costes operativos gracias a su m\u00ednimo \u00edndice de desperdicio y su compatibilidad con sistemas automatizados de aplicaci\u00f3n. La cinta de canto BETON destaca por su versatilidad en proyectos comerciales y residenciales, donde su resistencia superior protege la inversi\u00f3n a largo plazo. Como borde de mueble de alto rendimiento, mantiene su aspecto original incluso en zonas de alto tr\u00e1fico, reduciendo significativamente los costes de mantenimiento y reemplazo. Su facilidad de aplicaci\u00f3n optimiza los tiempos de producci\u00f3n, permitiendo un acabado profesional con menor inversi\u00f3n en mano de obra.<\/p>\n<\/div>\n","protected":false},"excerpt":{"rendered":"<p>22&#215;0,6; 22&#215;0,8; 22&#215;1; 22&#215;2; 28&#215;2*; 32&#215;2*; 35&#215;1*; 42&#215;0,8; 42&#215;2<\/p>\n","protected":false},"featured_media":13665,"comment_status":"closed","ping_status":"open","template":"","meta":{"_acf_changed":false},"product_brand":[],"product_cat":[452],"product_tag":[],"class_list":{"0":"post-24973","1":"product","2":"type-product","3":"status-publish","4":"has-post-thumbnail","6":"product_cat-bordes-de-muebles","8":"first","9":"instock","10":"product-type-simple"},"acf":[],"_links":{"self":[{"href":"https:\/\/www.maag-polska.pl\/es\/wp-json\/wp\/v2\/product\/24973","targetHints":{"allow":["GET"]}}],"collection":[{"href":"https:\/\/www.maag-polska.pl\/es\/wp-json\/wp\/v2\/product"}],"about":[{"href":"https:\/\/www.maag-polska.pl\/es\/wp-json\/wp\/v2\/types\/product"}],"replies":[{"embeddable":true,"href":"https:\/\/www.maag-polska.pl\/es\/wp-json\/wp\/v2\/comments?post=24973"}],"wp:featuredmedia":[{"embeddable":true,"href":"https:\/\/www.maag-polska.pl\/es\/wp-json\/wp\/v2\/media\/13665"}],"wp:attachment":[{"href":"https:\/\/www.maag-polska.pl\/es\/wp-json\/wp\/v2\/media?parent=24973"}],"wp:term":[{"taxonomy":"product_brand","embeddable":true,"href":"https:\/\/www.maag-polska.pl\/es\/wp-json\/wp\/v2\/product_brand?post=24973"},{"taxonomy":"product_cat","embeddable":true,"href":"https:\/\/www.maag-polska.pl\/es\/wp-json\/wp\/v2\/product_cat?post=24973"},{"taxonomy":"product_tag","embeddable":true,"href":"https:\/\/www.maag-polska.pl\/es\/wp-json\/wp\/v2\/product_tag?post=24973"}],"curies":[{"name":"wp","href":"https:\/\/api.w.org\/{rel}","templated":true}]}}