{"id":24938,"date":"2025-09-01T08:32:29","date_gmt":"2025-09-01T08:32:29","guid":{"rendered":"https:\/\/www.maag-polska.pl\/obrzeza-meblowe\/d4-62-fossil-evoke-oak\/"},"modified":"2025-09-01T08:53:59","modified_gmt":"2025-09-01T08:53:59","slug":"d4-62-fossil-evoke-oak","status":"publish","type":"product","link":"https:\/\/www.maag-polska.pl\/es\/obrzeza-meblowe\/d4-62-fossil-evoke-oak\/","title":{"rendered":"Bordes de muebles D4\/62 FOSSIL EVOKE OAK"},"content":{"rendered":"<div>\n<p>El canto de PVC D4\/62 D\u0104B EVOKE KAMIENNY incorpora una tecnolog\u00eda de estabilizaci\u00f3n molecular que garantiza una resistencia superior a los rayos UV. Con un espesor calibrado de precisi\u00f3n y compuesto de PVC puro de grado premium, este material de ebanister\u00eda mantiene sus propiedades f\u00edsicas incluso en condiciones ambientales variables. La formulaci\u00f3n espec\u00edfica del pol\u00edmero asegura una adhesi\u00f3n \u00f3ptima y una resistencia a la delaminaci\u00f3n de 5.8 N\/mm\u00b2.<\/p>\n<p>Esta cinta de canto ofrece una excepcional relaci\u00f3n costo-beneficio gracias a su m\u00ednimo \u00edndice de desperdicio durante la aplicaci\u00f3n y su prolongada vida \u00fatil. Como borde de mueble profesional, se adapta perfectamente a l\u00edneas de producci\u00f3n automatizadas y procesos manuales, reduciendo significativamente los tiempos de acabado. Su estabilidad crom\u00e1tica garantiza consistencia en proyectos a gran escala, eliminando la necesidad de reemplazos prematuros por decoloraci\u00f3n.<\/p>\n<\/div>\n","protected":false},"excerpt":{"rendered":"<p>22&#215;0,6; 22&#215;1; 22&#215;2; 28&#215;2*; 32&#215;2*; 35&#215;1*; 42&#215;2<\/p>\n","protected":false},"featured_media":13575,"comment_status":"closed","ping_status":"open","template":"","meta":{"_acf_changed":false},"product_brand":[],"product_cat":[452],"product_tag":[],"class_list":{"0":"post-24938","1":"product","2":"type-product","3":"status-publish","4":"has-post-thumbnail","6":"product_cat-bordes-de-muebles","8":"first","9":"instock","10":"product-type-simple"},"acf":[],"_links":{"self":[{"href":"https:\/\/www.maag-polska.pl\/es\/wp-json\/wp\/v2\/product\/24938","targetHints":{"allow":["GET"]}}],"collection":[{"href":"https:\/\/www.maag-polska.pl\/es\/wp-json\/wp\/v2\/product"}],"about":[{"href":"https:\/\/www.maag-polska.pl\/es\/wp-json\/wp\/v2\/types\/product"}],"replies":[{"embeddable":true,"href":"https:\/\/www.maag-polska.pl\/es\/wp-json\/wp\/v2\/comments?post=24938"}],"wp:featuredmedia":[{"embeddable":true,"href":"https:\/\/www.maag-polska.pl\/es\/wp-json\/wp\/v2\/media\/13575"}],"wp:attachment":[{"href":"https:\/\/www.maag-polska.pl\/es\/wp-json\/wp\/v2\/media?parent=24938"}],"wp:term":[{"taxonomy":"product_brand","embeddable":true,"href":"https:\/\/www.maag-polska.pl\/es\/wp-json\/wp\/v2\/product_brand?post=24938"},{"taxonomy":"product_cat","embeddable":true,"href":"https:\/\/www.maag-polska.pl\/es\/wp-json\/wp\/v2\/product_cat?post=24938"},{"taxonomy":"product_tag","embeddable":true,"href":"https:\/\/www.maag-polska.pl\/es\/wp-json\/wp\/v2\/product_tag?post=24938"}],"curies":[{"name":"wp","href":"https:\/\/api.w.org\/{rel}","templated":true}]}}