{"id":24935,"date":"2025-09-01T08:32:29","date_gmt":"2025-09-01T08:32:29","guid":{"rendered":"https:\/\/www.maag-polska.pl\/obrzeza-meblowe\/d4-6-milk-oak\/"},"modified":"2025-09-01T08:53:58","modified_gmt":"2025-09-01T08:53:58","slug":"d4-6-milk-oak","status":"publish","type":"product","link":"https:\/\/www.maag-polska.pl\/es\/obrzeza-meblowe\/d4-6-milk-oak\/","title":{"rendered":"Bordes de muebles D4\/6 MILK OAK"},"content":{"rendered":"<div>\n<p>El canto de PVC D4\/6 D\u0104B MLECZNY evoca la serenidad de la madera de roble lechoso, con una textura suave y un acabado mate que captura la esencia natural de la madera. Su tonalidad c\u00e1lida y equilibrada crea una armon\u00eda visual perfecta, mientras que su superficie finamente texturizada a\u00f1ade autenticidad al material de ebanister\u00eda.<\/p>\n<p>Esta cinta de canto vers\u00e1til se integra perfectamente en proyectos de mobiliario tanto dom\u00e9stico como comercial. Su composici\u00f3n de PVC puro garantiza un borde de mueble duradero y resistente a los rayos UV, manteniendo su color intacto a lo largo del tiempo. La precisi\u00f3n dimensional y su excelente adherencia permiten una aplicaci\u00f3n limpia con m\u00ednimo desperdicio, adapt\u00e1ndose a diferentes t\u00e9cnicas de canteado.<\/p>\n<\/div>\n","protected":false},"excerpt":{"rendered":"<p>22&#215;0,6; 22&#215;1; 22&#215;2; 28&#215;0,6*; 28&#215;2*; 32&#215;2*; 35&#215;1*; 42&#215;2<\/p>\n","protected":false},"featured_media":13566,"comment_status":"closed","ping_status":"open","template":"","meta":{"_acf_changed":false},"product_brand":[],"product_cat":[452],"product_tag":[],"class_list":{"0":"post-24935","1":"product","2":"type-product","3":"status-publish","4":"has-post-thumbnail","6":"product_cat-bordes-de-muebles","8":"first","9":"instock","10":"product-type-simple"},"acf":[],"_links":{"self":[{"href":"https:\/\/www.maag-polska.pl\/es\/wp-json\/wp\/v2\/product\/24935","targetHints":{"allow":["GET"]}}],"collection":[{"href":"https:\/\/www.maag-polska.pl\/es\/wp-json\/wp\/v2\/product"}],"about":[{"href":"https:\/\/www.maag-polska.pl\/es\/wp-json\/wp\/v2\/types\/product"}],"replies":[{"embeddable":true,"href":"https:\/\/www.maag-polska.pl\/es\/wp-json\/wp\/v2\/comments?post=24935"}],"wp:featuredmedia":[{"embeddable":true,"href":"https:\/\/www.maag-polska.pl\/es\/wp-json\/wp\/v2\/media\/13566"}],"wp:attachment":[{"href":"https:\/\/www.maag-polska.pl\/es\/wp-json\/wp\/v2\/media?parent=24935"}],"wp:term":[{"taxonomy":"product_brand","embeddable":true,"href":"https:\/\/www.maag-polska.pl\/es\/wp-json\/wp\/v2\/product_brand?post=24935"},{"taxonomy":"product_cat","embeddable":true,"href":"https:\/\/www.maag-polska.pl\/es\/wp-json\/wp\/v2\/product_cat?post=24935"},{"taxonomy":"product_tag","embeddable":true,"href":"https:\/\/www.maag-polska.pl\/es\/wp-json\/wp\/v2\/product_tag?post=24935"}],"curies":[{"name":"wp","href":"https:\/\/api.w.org\/{rel}","templated":true}]}}