{"id":24925,"date":"2025-09-01T08:32:10","date_gmt":"2025-09-01T08:32:10","guid":{"rendered":"https:\/\/www.maag-polska.pl\/obrzeza-meblowe\/d4-49-burbon-oak\/"},"modified":"2025-09-01T08:53:47","modified_gmt":"2025-09-01T08:53:47","slug":"d4-49-burbon-oak","status":"publish","type":"product","link":"https:\/\/www.maag-polska.pl\/es\/obrzeza-meblowe\/d4-49-burbon-oak\/","title":{"rendered":"Bordes de muebles D4\/49 BURBON OAK"},"content":{"rendered":"<div>\n<p>El canto de PVC D4\/49 D\u0104B BURBON, inspirado en el dise\u00f1o Kronospan K082 PW, presenta un grosor optimizado y una composici\u00f3n de PVC puro que garantiza una excepcional estabilidad dimensional. Su estructura molecular reforzada ofrece una resistencia superior a los rayos UV, manteniendo la integridad del color incluso en exposici\u00f3n prolongada. La superficie cuenta con un acabado mate especial que replica fielmente la textura y tonalidad del roble borb\u00f3n, con una adherencia mejorada que facilita la aplicaci\u00f3n y reduce significativamente el desperdicio durante el proceso de instalaci\u00f3n.<\/p>\n<p>Este material de ebanister\u00eda vers\u00e1til se destaca en la fabricaci\u00f3n de mobiliario de alta gama, especialmente en piezas que requieren un acabado elegante y duradero. La cinta de canto se adapta perfectamente a proyectos residenciales y comerciales, desde muebles de cocina y ba\u00f1o hasta mobiliario de oficina y retail. Su borde de mueble resistente proporciona una protecci\u00f3n integral contra impactos y desgaste, siendo ideal para superficies de trabajo y \u00e1reas de alto tr\u00e1fico. La estabilidad del color y la resistencia a la humedad lo convierten en una elecci\u00f3n superior para ambientes donde la est\u00e9tica y la durabilidad son fundamentales.<\/p>\n<\/div>\n","protected":false},"excerpt":{"rendered":"<p>22&#215;0,6; 22&#215;0,8; 22&#215;1; 22&#215;2; 28&#215;2*; 32&#215;2*; 35&#215;1*;42&#215;2<\/p>\n","protected":false},"featured_media":13536,"comment_status":"closed","ping_status":"open","template":"","meta":{"_acf_changed":false},"product_brand":[],"product_cat":[452],"product_tag":[],"class_list":{"0":"post-24925","1":"product","2":"type-product","3":"status-publish","4":"has-post-thumbnail","6":"product_cat-bordes-de-muebles","8":"first","9":"instock","10":"product-type-simple"},"acf":[],"_links":{"self":[{"href":"https:\/\/www.maag-polska.pl\/es\/wp-json\/wp\/v2\/product\/24925","targetHints":{"allow":["GET"]}}],"collection":[{"href":"https:\/\/www.maag-polska.pl\/es\/wp-json\/wp\/v2\/product"}],"about":[{"href":"https:\/\/www.maag-polska.pl\/es\/wp-json\/wp\/v2\/types\/product"}],"replies":[{"embeddable":true,"href":"https:\/\/www.maag-polska.pl\/es\/wp-json\/wp\/v2\/comments?post=24925"}],"wp:featuredmedia":[{"embeddable":true,"href":"https:\/\/www.maag-polska.pl\/es\/wp-json\/wp\/v2\/media\/13536"}],"wp:attachment":[{"href":"https:\/\/www.maag-polska.pl\/es\/wp-json\/wp\/v2\/media?parent=24925"}],"wp:term":[{"taxonomy":"product_brand","embeddable":true,"href":"https:\/\/www.maag-polska.pl\/es\/wp-json\/wp\/v2\/product_brand?post=24925"},{"taxonomy":"product_cat","embeddable":true,"href":"https:\/\/www.maag-polska.pl\/es\/wp-json\/wp\/v2\/product_cat?post=24925"},{"taxonomy":"product_tag","embeddable":true,"href":"https:\/\/www.maag-polska.pl\/es\/wp-json\/wp\/v2\/product_tag?post=24925"}],"curies":[{"name":"wp","href":"https:\/\/api.w.org\/{rel}","templated":true}]}}