{"id":24892,"date":"2025-09-01T08:31:32","date_gmt":"2025-09-01T08:31:32","guid":{"rendered":"https:\/\/www.maag-polska.pl\/obrzeza-meblowe\/d4-14-golden-oak\/"},"modified":"2025-09-01T08:53:18","modified_gmt":"2025-09-01T08:53:18","slug":"d4-14-golden-oak","status":"publish","type":"product","link":"https:\/\/www.maag-polska.pl\/es\/obrzeza-meblowe\/d4-14-golden-oak\/","title":{"rendered":"Bordes de muebles D4\/14 GOLDEN OAK"},"content":{"rendered":"<div>\n<p>El canto de PVC D4\/14 D\u0104B Z\u0141OCONY representa la m\u00e1xima expresi\u00f3n en protecci\u00f3n para bordes de muebles, destacando por su excepcional resistencia a los rayos UV y su capacidad para mantener la integridad estructural bajo condiciones exigentes. Como material de ebanister\u00eda premium, este borde de mueble incorpora PVC puro en su composici\u00f3n, garantizando una durabilidad superior y una resistencia incomparable al desgaste diario. Su formulaci\u00f3n especializada previene el amarilleamiento y mantiene la estabilidad del color a lo largo del tiempo, incluso en \u00e1reas expuestas a luz solar directa.<\/p>\n<p>La cinta de canto D4\/14 D\u0104B Z\u0141OCONY se distingue por su sistema de aplicaci\u00f3n optimizado que reduce significativamente los tiempos de instalaci\u00f3n. Su dise\u00f1o t\u00e9cnico permite una adhesi\u00f3n uniforme y precisa, minimizando el desperdicio durante el proceso de montaje. La estructura del material facilita un corte limpio y un acabado profesional sin necesidad de herramientas especializadas, permitiendo que cada proyecto de mobiliario se complete con eficiencia y precisi\u00f3n. Su versatilidad t\u00e9cnica lo convierte en la elecci\u00f3n ideal para profesionales que buscan combinar calidad con productividad.<\/p>\n<\/div>\n","protected":false},"excerpt":{"rendered":"<p>22&#215;1<\/p>\n","protected":false},"featured_media":13866,"comment_status":"closed","ping_status":"open","template":"","meta":{"_acf_changed":false},"product_brand":[],"product_cat":[452],"product_tag":[],"class_list":{"0":"post-24892","1":"product","2":"type-product","3":"status-publish","4":"has-post-thumbnail","6":"product_cat-bordes-de-muebles","8":"first","9":"instock","10":"product-type-simple"},"acf":[],"_links":{"self":[{"href":"https:\/\/www.maag-polska.pl\/es\/wp-json\/wp\/v2\/product\/24892","targetHints":{"allow":["GET"]}}],"collection":[{"href":"https:\/\/www.maag-polska.pl\/es\/wp-json\/wp\/v2\/product"}],"about":[{"href":"https:\/\/www.maag-polska.pl\/es\/wp-json\/wp\/v2\/types\/product"}],"replies":[{"embeddable":true,"href":"https:\/\/www.maag-polska.pl\/es\/wp-json\/wp\/v2\/comments?post=24892"}],"wp:featuredmedia":[{"embeddable":true,"href":"https:\/\/www.maag-polska.pl\/es\/wp-json\/wp\/v2\/media\/13866"}],"wp:attachment":[{"href":"https:\/\/www.maag-polska.pl\/es\/wp-json\/wp\/v2\/media?parent=24892"}],"wp:term":[{"taxonomy":"product_brand","embeddable":true,"href":"https:\/\/www.maag-polska.pl\/es\/wp-json\/wp\/v2\/product_brand?post=24892"},{"taxonomy":"product_cat","embeddable":true,"href":"https:\/\/www.maag-polska.pl\/es\/wp-json\/wp\/v2\/product_cat?post=24892"},{"taxonomy":"product_tag","embeddable":true,"href":"https:\/\/www.maag-polska.pl\/es\/wp-json\/wp\/v2\/product_tag?post=24892"}],"curies":[{"name":"wp","href":"https:\/\/api.w.org\/{rel}","templated":true}]}}