{"id":24882,"date":"2025-09-01T08:31:32","date_gmt":"2025-09-01T08:31:32","guid":{"rendered":"https:\/\/www.maag-polska.pl\/obrzeza-meblowe\/d31-1-hiteak\/"},"modified":"2025-09-01T08:53:12","modified_gmt":"2025-09-01T08:53:12","slug":"d31-1-hiteak","status":"publish","type":"product","link":"https:\/\/www.maag-polska.pl\/es\/obrzeza-meblowe\/d31-1-hiteak\/","title":{"rendered":"Bordes de muebles D31\/1 HITEAK"},"content":{"rendered":"<div>\n<p>El canto de PVC D31\/1 HITEAK incorpora una estructura molecular optimizada que garantiza una resistencia superior a los rayos UV, con un grosor uniforme de \u00b10.1mm y una adhesi\u00f3n t\u00e9rmica precisa a 180-200\u00b0C. Este material de ebanister\u00eda de alta ingenier\u00eda mantiene su integridad estructural incluso en condiciones de uso intensivo, gracias a su composici\u00f3n de PVC puro y aditivos estabilizadores de \u00faltima generaci\u00f3n.<\/p>\n<p>La cinta de canto D31\/1 HITEAK representa una soluci\u00f3n rentable para talleres y fabricantes, optimizando el proceso de producci\u00f3n con un desperdicio m\u00ednimo del 2%. Este borde de mueble ofrece una aplicaci\u00f3n fluida y consistente, reduciendo los tiempos de instalaci\u00f3n hasta en un 30% comparado con alternativas tradicionales. Su estabilidad crom\u00e1tica garantizada por 10 a\u00f1os minimiza los costos de mantenimiento y reemplazo a largo plazo.<\/p>\n<\/div>\n","protected":false},"excerpt":{"rendered":"<p>22&#215;0,6; 22&#215;1; 22&#215;2; 35&#215;1*; 42&#215;2<\/p>\n","protected":false},"featured_media":13413,"comment_status":"closed","ping_status":"open","template":"","meta":{"_acf_changed":false},"product_brand":[],"product_cat":[452],"product_tag":[],"class_list":{"0":"post-24882","1":"product","2":"type-product","3":"status-publish","4":"has-post-thumbnail","6":"product_cat-bordes-de-muebles","8":"first","9":"instock","10":"product-type-simple"},"acf":[],"_links":{"self":[{"href":"https:\/\/www.maag-polska.pl\/es\/wp-json\/wp\/v2\/product\/24882","targetHints":{"allow":["GET"]}}],"collection":[{"href":"https:\/\/www.maag-polska.pl\/es\/wp-json\/wp\/v2\/product"}],"about":[{"href":"https:\/\/www.maag-polska.pl\/es\/wp-json\/wp\/v2\/types\/product"}],"replies":[{"embeddable":true,"href":"https:\/\/www.maag-polska.pl\/es\/wp-json\/wp\/v2\/comments?post=24882"}],"wp:featuredmedia":[{"embeddable":true,"href":"https:\/\/www.maag-polska.pl\/es\/wp-json\/wp\/v2\/media\/13413"}],"wp:attachment":[{"href":"https:\/\/www.maag-polska.pl\/es\/wp-json\/wp\/v2\/media?parent=24882"}],"wp:term":[{"taxonomy":"product_brand","embeddable":true,"href":"https:\/\/www.maag-polska.pl\/es\/wp-json\/wp\/v2\/product_brand?post=24882"},{"taxonomy":"product_cat","embeddable":true,"href":"https:\/\/www.maag-polska.pl\/es\/wp-json\/wp\/v2\/product_cat?post=24882"},{"taxonomy":"product_tag","embeddable":true,"href":"https:\/\/www.maag-polska.pl\/es\/wp-json\/wp\/v2\/product_tag?post=24882"}],"curies":[{"name":"wp","href":"https:\/\/api.w.org\/{rel}","templated":true}]}}