{"id":24871,"date":"2025-09-01T08:31:12","date_gmt":"2025-09-01T08:31:12","guid":{"rendered":"https:\/\/www.maag-polska.pl\/obrzeza-meblowe\/d3-2-light-beech\/"},"modified":"2025-09-01T08:53:01","modified_gmt":"2025-09-01T08:53:01","slug":"d3-2-light-beech","status":"publish","type":"product","link":"https:\/\/www.maag-polska.pl\/es\/obrzeza-meblowe\/d3-2-light-beech\/","title":{"rendered":"Bordes de muebles D3\/2 LIGHT BEECH"},"content":{"rendered":"<div>\n<p>El canto de PVC D3\/2 BUK JASNY exhibe un delicado tono de haya clara que aporta luminosidad y calidez a los acabados. Su superficie finamente texturizada replica con precisi\u00f3n las vetas naturales de la madera, creando una armon\u00eda visual perfecta con los tableros. El material de ebanister\u00eda, fabricado con PVC puro de primera calidad, mantiene su color estable incluso bajo exposici\u00f3n prolongada a la luz solar.<\/p>\n<p>Esta cinta de canto destaca por su adaptabilidad en m\u00faltiples aplicaciones de mobiliario, desde muebles de cocina hasta elementos decorativos. Como borde de mueble profesional, ofrece una adhesi\u00f3n superior y un acabado limpio que minimiza el desperdicio durante la instalaci\u00f3n. Su resistencia certificada a los rayos UV, combinada con propiedades antichoques y anti-rayados, garantiza la durabilidad del acabado en cualquier entorno de uso.<\/p>\n<\/div>\n","protected":false},"excerpt":{"rendered":"<p>22&#215;0,6; 22&#215;1; 22&#215;2; 28&#215;2*; 32&#215;2*; 35&#215;1*; 42&#215;2<\/p>\n","protected":false},"featured_media":13380,"comment_status":"closed","ping_status":"open","template":"","meta":{"_acf_changed":false},"product_brand":[],"product_cat":[452],"product_tag":[],"class_list":{"0":"post-24871","1":"product","2":"type-product","3":"status-publish","4":"has-post-thumbnail","6":"product_cat-bordes-de-muebles","8":"first","9":"instock","10":"product-type-simple"},"acf":[],"_links":{"self":[{"href":"https:\/\/www.maag-polska.pl\/es\/wp-json\/wp\/v2\/product\/24871","targetHints":{"allow":["GET"]}}],"collection":[{"href":"https:\/\/www.maag-polska.pl\/es\/wp-json\/wp\/v2\/product"}],"about":[{"href":"https:\/\/www.maag-polska.pl\/es\/wp-json\/wp\/v2\/types\/product"}],"replies":[{"embeddable":true,"href":"https:\/\/www.maag-polska.pl\/es\/wp-json\/wp\/v2\/comments?post=24871"}],"wp:featuredmedia":[{"embeddable":true,"href":"https:\/\/www.maag-polska.pl\/es\/wp-json\/wp\/v2\/media\/13380"}],"wp:attachment":[{"href":"https:\/\/www.maag-polska.pl\/es\/wp-json\/wp\/v2\/media?parent=24871"}],"wp:term":[{"taxonomy":"product_brand","embeddable":true,"href":"https:\/\/www.maag-polska.pl\/es\/wp-json\/wp\/v2\/product_brand?post=24871"},{"taxonomy":"product_cat","embeddable":true,"href":"https:\/\/www.maag-polska.pl\/es\/wp-json\/wp\/v2\/product_cat?post=24871"},{"taxonomy":"product_tag","embeddable":true,"href":"https:\/\/www.maag-polska.pl\/es\/wp-json\/wp\/v2\/product_tag?post=24871"}],"curies":[{"name":"wp","href":"https:\/\/api.w.org\/{rel}","templated":true}]}}