{"id":24828,"date":"2025-09-01T08:30:32","date_gmt":"2025-09-01T08:30:32","guid":{"rendered":"https:\/\/www.maag-polska.pl\/obrzeza-meblowe\/d11-2-platinum\/"},"modified":"2025-09-01T08:52:27","modified_gmt":"2025-09-01T08:52:27","slug":"d11-2-platinum","status":"publish","type":"product","link":"https:\/\/www.maag-polska.pl\/es\/obrzeza-meblowe\/d11-2-platinum\/","title":{"rendered":"Bordes de muebles D11\/2 PLATINUM"},"content":{"rendered":"<div>\n<p>El canto de PVC D11\/2 PLATINUM representa la m\u00e1xima expresi\u00f3n en protecci\u00f3n para bordes de muebles, destacando por su excepcional resistencia a los rayos UV y su capacidad para mantener la integridad estructural bajo condiciones exigentes. Como material de ebanister\u00eda premium, su composici\u00f3n de PVC puro garantiza una durabilidad superior, manteniendo su aspecto original incluso despu\u00e9s de a\u00f1os de uso intensivo. La estabilidad del color y la resistencia a la decoloraci\u00f3n son caracter\u00edsticas distintivas de esta cinta de canto, asegurando que los muebles conserven su elegancia inicial a lo largo del tiempo.<\/p>\n<p>La aplicaci\u00f3n del borde de mueble D11\/2 PLATINUM se distingue por su eficiencia y precisi\u00f3n, permitiendo un proceso de instalaci\u00f3n fluido que optimiza los tiempos de producci\u00f3n. Su dise\u00f1o t\u00e9cnicamente avanzado facilita una adhesi\u00f3n uniforme y duradera, minimizando el desperdicio de material durante el proceso de canteado. La cinta de canto se integra perfectamente con los sistemas automatizados de producci\u00f3n, ofreciendo resultados profesionales consistentes que satisfacen los m\u00e1s altos est\u00e1ndares de la industria del mueble.<\/p>\n<\/div>\n","protected":false},"excerpt":{"rendered":"<p>22&#215;0,6; 22&#215;1; 22&#215;2; 32&#215;2*; 35&#215;1*; 42&#215;2<\/p>\n","protected":false},"featured_media":13263,"comment_status":"closed","ping_status":"open","template":"","meta":{"_acf_changed":false},"product_brand":[],"product_cat":[452],"product_tag":[],"class_list":{"0":"post-24828","1":"product","2":"type-product","3":"status-publish","4":"has-post-thumbnail","6":"product_cat-bordes-de-muebles","8":"first","9":"instock","10":"product-type-simple"},"acf":[],"_links":{"self":[{"href":"https:\/\/www.maag-polska.pl\/es\/wp-json\/wp\/v2\/product\/24828","targetHints":{"allow":["GET"]}}],"collection":[{"href":"https:\/\/www.maag-polska.pl\/es\/wp-json\/wp\/v2\/product"}],"about":[{"href":"https:\/\/www.maag-polska.pl\/es\/wp-json\/wp\/v2\/types\/product"}],"replies":[{"embeddable":true,"href":"https:\/\/www.maag-polska.pl\/es\/wp-json\/wp\/v2\/comments?post=24828"}],"wp:featuredmedia":[{"embeddable":true,"href":"https:\/\/www.maag-polska.pl\/es\/wp-json\/wp\/v2\/media\/13263"}],"wp:attachment":[{"href":"https:\/\/www.maag-polska.pl\/es\/wp-json\/wp\/v2\/media?parent=24828"}],"wp:term":[{"taxonomy":"product_brand","embeddable":true,"href":"https:\/\/www.maag-polska.pl\/es\/wp-json\/wp\/v2\/product_brand?post=24828"},{"taxonomy":"product_cat","embeddable":true,"href":"https:\/\/www.maag-polska.pl\/es\/wp-json\/wp\/v2\/product_cat?post=24828"},{"taxonomy":"product_tag","embeddable":true,"href":"https:\/\/www.maag-polska.pl\/es\/wp-json\/wp\/v2\/product_tag?post=24828"}],"curies":[{"name":"wp","href":"https:\/\/api.w.org\/{rel}","templated":true}]}}