{"id":24818,"date":"2025-09-01T08:30:32","date_gmt":"2025-09-01T08:30:32","guid":{"rendered":"https:\/\/www.maag-polska.pl\/obrzeza-meblowe\/d1-1-natural-alder\/"},"modified":"2025-09-01T08:52:21","modified_gmt":"2025-09-01T08:52:21","slug":"d1-1-natural-alder","status":"publish","type":"product","link":"https:\/\/www.maag-polska.pl\/es\/obrzeza-meblowe\/d1-1-natural-alder\/","title":{"rendered":"Bordes de muebles D1\/1 NATURAL ALDER"},"content":{"rendered":"<div>\n<p>El canto de PVC D1\/1 OLCHA NATURALNA incorpora una tecnolog\u00eda de estabilizaci\u00f3n UV avanzada, garantizando una resistencia superior contra la decoloraci\u00f3n. Fabricado con PVC puro de grado premium, este material de ebanister\u00eda mantiene sus propiedades f\u00edsicas incluso en condiciones de uso intensivo. Su composici\u00f3n molecular optimizada asegura una adhesi\u00f3n uniforme y duradera, con un grosor controlado que facilita cortes precisos y minimiza el desperdicio durante la instalaci\u00f3n.<\/p>\n<p>Esta cinta de canto ofrece una excelente relaci\u00f3n costo-beneficio gracias a su rendimiento superior y m\u00ednimas p\u00e9rdidas durante la aplicaci\u00f3n. Como borde de mueble, proporciona un acabado profesional que imita perfectamente la madera natural, ideal para proyectos de mobiliario comercial y residencial. Su facilidad de aplicaci\u00f3n reduce significativamente los tiempos de producci\u00f3n, mientras que su durabilidad excepcional disminuye la necesidad de mantenimiento y reemplazo a largo plazo.<\/p>\n<\/div>\n","protected":false},"excerpt":{"rendered":"<p>22&#215;0,6; 22&#215;1; 22&#215;2; 28&#215;2*; 32&#215;2*; 35&#215;1*; 42&#215;2<\/p>\n","protected":false},"featured_media":13233,"comment_status":"closed","ping_status":"open","template":"","meta":{"_acf_changed":false},"product_brand":[],"product_cat":[452],"product_tag":[],"class_list":{"0":"post-24818","1":"product","2":"type-product","3":"status-publish","4":"has-post-thumbnail","6":"product_cat-bordes-de-muebles","8":"first","9":"instock","10":"product-type-simple"},"acf":[],"_links":{"self":[{"href":"https:\/\/www.maag-polska.pl\/es\/wp-json\/wp\/v2\/product\/24818","targetHints":{"allow":["GET"]}}],"collection":[{"href":"https:\/\/www.maag-polska.pl\/es\/wp-json\/wp\/v2\/product"}],"about":[{"href":"https:\/\/www.maag-polska.pl\/es\/wp-json\/wp\/v2\/types\/product"}],"replies":[{"embeddable":true,"href":"https:\/\/www.maag-polska.pl\/es\/wp-json\/wp\/v2\/comments?post=24818"}],"wp:featuredmedia":[{"embeddable":true,"href":"https:\/\/www.maag-polska.pl\/es\/wp-json\/wp\/v2\/media\/13233"}],"wp:attachment":[{"href":"https:\/\/www.maag-polska.pl\/es\/wp-json\/wp\/v2\/media?parent=24818"}],"wp:term":[{"taxonomy":"product_brand","embeddable":true,"href":"https:\/\/www.maag-polska.pl\/es\/wp-json\/wp\/v2\/product_brand?post=24818"},{"taxonomy":"product_cat","embeddable":true,"href":"https:\/\/www.maag-polska.pl\/es\/wp-json\/wp\/v2\/product_cat?post=24818"},{"taxonomy":"product_tag","embeddable":true,"href":"https:\/\/www.maag-polska.pl\/es\/wp-json\/wp\/v2\/product_tag?post=24818"}],"curies":[{"name":"wp","href":"https:\/\/api.w.org\/{rel}","templated":true}]}}