{"id":24811,"date":"2025-09-01T08:30:12","date_gmt":"2025-09-01T08:30:12","guid":{"rendered":"https:\/\/www.maag-polska.pl\/obrzeza-meblowe\/339-timeless-grey\/"},"modified":"2025-09-01T08:52:10","modified_gmt":"2025-09-01T08:52:10","slug":"339-timeless-grey","status":"publish","type":"product","link":"https:\/\/www.maag-polska.pl\/es\/obrzeza-meblowe\/339-timeless-grey\/","title":{"rendered":"Bordes de muebles 339 TIMELESS GREY"},"content":{"rendered":"<div>\n<p>El canto de PVC AGT 3017 TIMELESS GREY presenta una composici\u00f3n de PVC puro que garantiza una excepcional estabilidad dimensional y resistencia mec\u00e1nica. Su espesor uniforme y superficie perfectamente calibrada aseguran una adhesi\u00f3n \u00f3ptima, mientras que su formulaci\u00f3n especial proporciona una resistencia superior a los rayos UV, previniendo la decoloraci\u00f3n y el amarilleamiento con el paso del tiempo. Este material de ebanister\u00eda mantiene sus propiedades f\u00edsicas intactas en un rango de temperatura de -20\u00b0C a +80\u00b0C, ofreciendo adem\u00e1s una excelente resistencia a la humedad y los productos qu\u00edmicos dom\u00e9sticos.<\/p>\n<p>Esta cinta de canto en tono gris atemporal se adapta perfectamente a proyectos de mobiliario contempor\u00e1neo, especialmente en cocinas y ba\u00f1os donde la resistencia a la humedad es crucial. Como borde de mueble, su acabado mate y textura sutil complementa tanto dise\u00f1os minimalistas como cl\u00e1sicos renovados. Ideal para fabricantes de mobiliario comercial y residencial que buscan un material duradero y f\u00e1cil de procesar, este tapacanto permite cortes limpios con m\u00ednimo desperdicio y una aplicaci\u00f3n eficiente en l\u00edneas de producci\u00f3n automatizadas. Su versatilidad lo hace especialmente adecuado para mobiliario de oficina, vestidores y muebles de ba\u00f1o donde la durabilidad y la est\u00e9tica sobria son fundamentales.<\/p>\n<\/div>\n","protected":false},"excerpt":{"rendered":"<p>22&#215;0,8<\/p>\n","protected":false},"featured_media":13218,"comment_status":"closed","ping_status":"open","template":"","meta":{"_acf_changed":false},"product_brand":[],"product_cat":[452],"product_tag":[],"class_list":{"0":"post-24811","1":"product","2":"type-product","3":"status-publish","4":"has-post-thumbnail","6":"product_cat-bordes-de-muebles","8":"first","9":"instock","10":"product-type-simple"},"acf":[],"_links":{"self":[{"href":"https:\/\/www.maag-polska.pl\/es\/wp-json\/wp\/v2\/product\/24811","targetHints":{"allow":["GET"]}}],"collection":[{"href":"https:\/\/www.maag-polska.pl\/es\/wp-json\/wp\/v2\/product"}],"about":[{"href":"https:\/\/www.maag-polska.pl\/es\/wp-json\/wp\/v2\/types\/product"}],"replies":[{"embeddable":true,"href":"https:\/\/www.maag-polska.pl\/es\/wp-json\/wp\/v2\/comments?post=24811"}],"wp:featuredmedia":[{"embeddable":true,"href":"https:\/\/www.maag-polska.pl\/es\/wp-json\/wp\/v2\/media\/13218"}],"wp:attachment":[{"href":"https:\/\/www.maag-polska.pl\/es\/wp-json\/wp\/v2\/media?parent=24811"}],"wp:term":[{"taxonomy":"product_brand","embeddable":true,"href":"https:\/\/www.maag-polska.pl\/es\/wp-json\/wp\/v2\/product_brand?post=24811"},{"taxonomy":"product_cat","embeddable":true,"href":"https:\/\/www.maag-polska.pl\/es\/wp-json\/wp\/v2\/product_cat?post=24811"},{"taxonomy":"product_tag","embeddable":true,"href":"https:\/\/www.maag-polska.pl\/es\/wp-json\/wp\/v2\/product_tag?post=24811"}],"curies":[{"name":"wp","href":"https:\/\/api.w.org\/{rel}","templated":true}]}}