{"id":24801,"date":"2025-09-01T08:30:12","date_gmt":"2025-09-01T08:30:12","guid":{"rendered":"https:\/\/www.maag-polska.pl\/obrzeza-meblowe\/329-breeze-beige\/"},"modified":"2025-09-01T08:52:05","modified_gmt":"2025-09-01T08:52:05","slug":"329-breeze-beige","status":"publish","type":"product","link":"https:\/\/www.maag-polska.pl\/es\/obrzeza-meblowe\/329-breeze-beige\/","title":{"rendered":"Bordes de muebles 329 BREEZE BEIGE"},"content":{"rendered":"<div>\n<p>El canto de PVC WIETRZNY BE\u017b captura la esencia de una brisa beige suave, presentando una tonalidad neutra y sofisticada que evoca la serenidad de las dunas costeras. Su acabado mate y textura sutil crean una superficie que interact\u00faa delicadamente con la luz, manteniendo su estabilidad crom\u00e1tica gracias a su resistencia superior a los rayos UV. La pureza del PVC utilizado garantiza un color uniforme y una textura consistente en toda su extensi\u00f3n.<\/p>\n<p>Como material de ebanister\u00eda vers\u00e1til, esta cinta de canto se adapta perfectamente a diversos estilos de mobiliario, desde piezas contempor\u00e1neas hasta dise\u00f1os m\u00e1s tradicionales. Su composici\u00f3n t\u00e9cnica facilita una aplicaci\u00f3n precisa con m\u00ednimo desperdicio, ideal para bordes de muebles en espacios tanto residenciales como comerciales. La durabilidad excepcional del material asegura que los acabados mantengan su integridad visual y estructural a lo largo del tiempo, resistiendo el desgaste diario mientras conserva su atractivo est\u00e9tico original.<\/p>\n<\/div>\n","protected":false},"excerpt":{"rendered":"<p>22&#215;0,8<\/p>\n","protected":false},"featured_media":13188,"comment_status":"closed","ping_status":"open","template":"","meta":{"_acf_changed":false},"product_brand":[],"product_cat":[452],"product_tag":[],"class_list":{"0":"post-24801","1":"product","2":"type-product","3":"status-publish","4":"has-post-thumbnail","6":"product_cat-bordes-de-muebles","8":"first","9":"instock","10":"product-type-simple"},"acf":[],"_links":{"self":[{"href":"https:\/\/www.maag-polska.pl\/es\/wp-json\/wp\/v2\/product\/24801","targetHints":{"allow":["GET"]}}],"collection":[{"href":"https:\/\/www.maag-polska.pl\/es\/wp-json\/wp\/v2\/product"}],"about":[{"href":"https:\/\/www.maag-polska.pl\/es\/wp-json\/wp\/v2\/types\/product"}],"replies":[{"embeddable":true,"href":"https:\/\/www.maag-polska.pl\/es\/wp-json\/wp\/v2\/comments?post=24801"}],"wp:featuredmedia":[{"embeddable":true,"href":"https:\/\/www.maag-polska.pl\/es\/wp-json\/wp\/v2\/media\/13188"}],"wp:attachment":[{"href":"https:\/\/www.maag-polska.pl\/es\/wp-json\/wp\/v2\/media?parent=24801"}],"wp:term":[{"taxonomy":"product_brand","embeddable":true,"href":"https:\/\/www.maag-polska.pl\/es\/wp-json\/wp\/v2\/product_brand?post=24801"},{"taxonomy":"product_cat","embeddable":true,"href":"https:\/\/www.maag-polska.pl\/es\/wp-json\/wp\/v2\/product_cat?post=24801"},{"taxonomy":"product_tag","embeddable":true,"href":"https:\/\/www.maag-polska.pl\/es\/wp-json\/wp\/v2\/product_tag?post=24801"}],"curies":[{"name":"wp","href":"https:\/\/api.w.org\/{rel}","templated":true}]}}