{"id":24763,"date":"2025-09-01T08:29:30","date_gmt":"2025-09-01T08:29:30","guid":{"rendered":"https:\/\/www.maag-polska.pl\/obrzeza-meblowe\/291-spice-red\/"},"modified":"2025-09-01T08:51:34","modified_gmt":"2025-09-01T08:51:34","slug":"291-spice-red","status":"publish","type":"product","link":"https:\/\/www.maag-polska.pl\/es\/obrzeza-meblowe\/291-spice-red\/","title":{"rendered":"Bordes de muebles 291 SPICE RED"},"content":{"rendered":"<div>\n<p>El canto de PVC Kronospan K515 SU PIKANTNA CZERWIE\u0143 destaca por su composici\u00f3n de PVC puro de alta densidad, garantizando una resistencia superior a impactos y desgaste. Su formulaci\u00f3n espec\u00edfica incorpora estabilizadores UV avanzados que previenen la decoloraci\u00f3n y mantienen la intensidad del tono rojo picante a lo largo del tiempo. Con un espesor uniforme y tolerancias precisas de \u00b10.2 mm, este material de ebanister\u00eda asegura un acabado profesional sin irregularidades.<\/p>\n<p>Especialmente desarrollado para proyectos que requieren un acento vibrante, esta cinta de canto se integra perfectamente en mobiliario comercial, displays de retail y elementos decorativos de alto impacto. El borde de mueble en PIKANTNA CZERWIE\u0143 resulta ideal para crear contrastes en dise\u00f1os contempor\u00e1neos, desde mostradores de recepci\u00f3n hasta mobiliario de exposici\u00f3n. Su facilidad de aplicaci\u00f3n y m\u00ednimo desperdicio optimizan los procesos de producci\u00f3n en talleres profesionales y f\u00e1bricas de muebles.<\/p>\n<\/div>\n","protected":false},"excerpt":{"rendered":"<p>22&#215;0,6; 22&#215;0,8; 22&#215;2; 35&#215;1*; 42&#215;0,8; 42&#215;2<\/p>\n","protected":false},"featured_media":13074,"comment_status":"closed","ping_status":"open","template":"","meta":{"_acf_changed":false},"product_brand":[],"product_cat":[452],"product_tag":[],"class_list":{"0":"post-24763","1":"product","2":"type-product","3":"status-publish","4":"has-post-thumbnail","6":"product_cat-bordes-de-muebles","8":"first","9":"instock","10":"product-type-simple"},"acf":[],"_links":{"self":[{"href":"https:\/\/www.maag-polska.pl\/es\/wp-json\/wp\/v2\/product\/24763","targetHints":{"allow":["GET"]}}],"collection":[{"href":"https:\/\/www.maag-polska.pl\/es\/wp-json\/wp\/v2\/product"}],"about":[{"href":"https:\/\/www.maag-polska.pl\/es\/wp-json\/wp\/v2\/types\/product"}],"replies":[{"embeddable":true,"href":"https:\/\/www.maag-polska.pl\/es\/wp-json\/wp\/v2\/comments?post=24763"}],"wp:featuredmedia":[{"embeddable":true,"href":"https:\/\/www.maag-polska.pl\/es\/wp-json\/wp\/v2\/media\/13074"}],"wp:attachment":[{"href":"https:\/\/www.maag-polska.pl\/es\/wp-json\/wp\/v2\/media?parent=24763"}],"wp:term":[{"taxonomy":"product_brand","embeddable":true,"href":"https:\/\/www.maag-polska.pl\/es\/wp-json\/wp\/v2\/product_brand?post=24763"},{"taxonomy":"product_cat","embeddable":true,"href":"https:\/\/www.maag-polska.pl\/es\/wp-json\/wp\/v2\/product_cat?post=24763"},{"taxonomy":"product_tag","embeddable":true,"href":"https:\/\/www.maag-polska.pl\/es\/wp-json\/wp\/v2\/product_tag?post=24763"}],"curies":[{"name":"wp","href":"https:\/\/api.w.org\/{rel}","templated":true}]}}