{"id":24740,"date":"2025-09-01T08:28:48","date_gmt":"2025-09-01T08:28:48","guid":{"rendered":"https:\/\/www.maag-polska.pl\/obrzeza-meblowe\/256-plum-pfleiderer\/"},"modified":"2025-09-01T08:51:12","modified_gmt":"2025-09-01T08:51:12","slug":"256-plum-pfleiderer","status":"publish","type":"product","link":"https:\/\/www.maag-polska.pl\/es\/obrzeza-meblowe\/256-plum-pfleiderer\/","title":{"rendered":"Bordes de muebles 256 PLUM PFLEIDERER"},"content":{"rendered":"<div>\n<p>El canto de PVC Pfleiderer U17505 SD en tono \u015aLIWKA incorpora una estructura molecular optimizada que garantiza una resistencia superior a los rayos UV y una estabilidad crom\u00e1tica prolongada. Este material de ebanister\u00eda de alta precisi\u00f3n mantiene una tolerancia dimensional de \u00b10.2 mm y presenta una capa protectora de 0.5 mm que maximiza su durabilidad ante impactos.<\/p>\n<p>La cinta de canto \u015aLIWKA Woodeco PU2802 ofrece un rendimiento excepcional con un desperdicio m\u00ednimo del 2% durante la instalaci\u00f3n, reduciendo significativamente los costos operativos. Este borde de mueble se adhiere uniformemente a 180\u00b0C, permitiendo acabados profesionales en mobiliario comercial y residencial con una inversi\u00f3n optimizada en tiempo y material.<\/p>\n<\/div>\n","protected":false},"excerpt":{"rendered":"<p>22&#215;0,6; 22&#215;1; 42&#215;2<\/p>\n","protected":false},"featured_media":13008,"comment_status":"closed","ping_status":"open","template":"","meta":{"_acf_changed":false},"product_brand":[],"product_cat":[452],"product_tag":[],"class_list":{"0":"post-24740","1":"product","2":"type-product","3":"status-publish","4":"has-post-thumbnail","6":"product_cat-bordes-de-muebles","8":"first","9":"instock","10":"product-type-simple"},"acf":[],"_links":{"self":[{"href":"https:\/\/www.maag-polska.pl\/es\/wp-json\/wp\/v2\/product\/24740","targetHints":{"allow":["GET"]}}],"collection":[{"href":"https:\/\/www.maag-polska.pl\/es\/wp-json\/wp\/v2\/product"}],"about":[{"href":"https:\/\/www.maag-polska.pl\/es\/wp-json\/wp\/v2\/types\/product"}],"replies":[{"embeddable":true,"href":"https:\/\/www.maag-polska.pl\/es\/wp-json\/wp\/v2\/comments?post=24740"}],"wp:featuredmedia":[{"embeddable":true,"href":"https:\/\/www.maag-polska.pl\/es\/wp-json\/wp\/v2\/media\/13008"}],"wp:attachment":[{"href":"https:\/\/www.maag-polska.pl\/es\/wp-json\/wp\/v2\/media?parent=24740"}],"wp:term":[{"taxonomy":"product_brand","embeddable":true,"href":"https:\/\/www.maag-polska.pl\/es\/wp-json\/wp\/v2\/product_brand?post=24740"},{"taxonomy":"product_cat","embeddable":true,"href":"https:\/\/www.maag-polska.pl\/es\/wp-json\/wp\/v2\/product_cat?post=24740"},{"taxonomy":"product_tag","embeddable":true,"href":"https:\/\/www.maag-polska.pl\/es\/wp-json\/wp\/v2\/product_tag?post=24740"}],"curies":[{"name":"wp","href":"https:\/\/api.w.org\/{rel}","templated":true}]}}