{"id":24713,"date":"2025-09-01T08:28:28","date_gmt":"2025-09-01T08:28:28","guid":{"rendered":"https:\/\/www.maag-polska.pl\/obrzeza-meblowe\/224-p-blue-glossy\/"},"modified":"2025-09-01T08:50:52","modified_gmt":"2025-09-01T08:50:52","slug":"224-p-blue-glossy","status":"publish","type":"product","link":"https:\/\/www.maag-polska.pl\/es\/obrzeza-meblowe\/224-p-blue-glossy\/","title":{"rendered":"Bordes de muebles 224-P BLUE GLOSSY"},"content":{"rendered":"<div>\n<p>El canto de PVC 224-P NIEBIESKI PO\u0141YSK incorpora una tecnolog\u00eda de estabilizaci\u00f3n UV avanzada que mantiene la intensidad del tono azul brillante incluso bajo exposici\u00f3n solar prolongada. Su composici\u00f3n de PVC puro de 2mm garantiza una resistencia superior a impactos y una adhesi\u00f3n optimizada, alcanzando una durabilidad certificada de m\u00e1s de 10 a\u00f1os en condiciones normales de uso.<\/p>\n<p>Este material de ebanister\u00eda premium ofrece un excelente rendimiento costo-beneficio gracias a su m\u00ednima tasa de desperdicio y su facilidad de aplicaci\u00f3n. La cinta de canto se adapta perfectamente a l\u00edneas de producci\u00f3n automatizadas y trabajos manuales, permitiendo crear bordes de mueble profesionales con un acabado brillante que mantiene su aspecto impecable incluso en \u00e1reas de alto tr\u00e1fico comercial.<\/p>\n<\/div>\n","protected":false},"excerpt":{"rendered":"<p>35&#215;1*<\/p>\n","protected":false},"featured_media":13881,"comment_status":"closed","ping_status":"open","template":"","meta":{"_acf_changed":false},"product_brand":[],"product_cat":[452],"product_tag":[],"class_list":{"0":"post-24713","1":"product","2":"type-product","3":"status-publish","4":"has-post-thumbnail","6":"product_cat-bordes-de-muebles","8":"first","9":"instock","10":"product-type-simple"},"acf":[],"_links":{"self":[{"href":"https:\/\/www.maag-polska.pl\/es\/wp-json\/wp\/v2\/product\/24713","targetHints":{"allow":["GET"]}}],"collection":[{"href":"https:\/\/www.maag-polska.pl\/es\/wp-json\/wp\/v2\/product"}],"about":[{"href":"https:\/\/www.maag-polska.pl\/es\/wp-json\/wp\/v2\/types\/product"}],"replies":[{"embeddable":true,"href":"https:\/\/www.maag-polska.pl\/es\/wp-json\/wp\/v2\/comments?post=24713"}],"wp:featuredmedia":[{"embeddable":true,"href":"https:\/\/www.maag-polska.pl\/es\/wp-json\/wp\/v2\/media\/13881"}],"wp:attachment":[{"href":"https:\/\/www.maag-polska.pl\/es\/wp-json\/wp\/v2\/media?parent=24713"}],"wp:term":[{"taxonomy":"product_brand","embeddable":true,"href":"https:\/\/www.maag-polska.pl\/es\/wp-json\/wp\/v2\/product_brand?post=24713"},{"taxonomy":"product_cat","embeddable":true,"href":"https:\/\/www.maag-polska.pl\/es\/wp-json\/wp\/v2\/product_cat?post=24713"},{"taxonomy":"product_tag","embeddable":true,"href":"https:\/\/www.maag-polska.pl\/es\/wp-json\/wp\/v2\/product_tag?post=24713"}],"curies":[{"name":"wp","href":"https:\/\/api.w.org\/{rel}","templated":true}]}}